{"id":372,"date":"2022-03-16T14:55:54","date_gmt":"2022-03-16T13:55:54","guid":{"rendered":"https:\/\/futurecoders.ch\/de\/?page_id=372"},"modified":"2025-01-28T15:13:33","modified_gmt":"2025-01-28T14:13:33","slug":"","status":"publish","type":"page","link":"https:\/\/futurecoders.ch\/fr\/mission\/partner\/","title":{"rendered":"Partenaire","raw":"Partenaire"},"content":{"rendered":"<div class=\"lazyblock-header-Z1ssF6R wp-block-lazyblock-header\"><header class=\"img-right\">\n    <picture class=\"round-bg\">\n    <img width=\"400\" height=\"400\" src=\"https:\/\/futurecoders.ch\/wordpress\/wp-content\/uploads\/futurecoders-34-400x400.jpg\" class=\"attachment-400x400 size-400x400\" alt=\"\" style=\"background-size: cover;\n        background-image:var(--BG-img-placeholder);\" loading=\"eager\" decoding=\"auto\" sizes=\"(max-width: 1848px) 100vw, 1848px\" \/>        <\/picture>\n    <section>\n            <h1>Partenaire<\/h1>\n                     <p>Les cours et les camps de vacances sont organis\u00e9s en collaboration avec notre partenaire exp\u00e9riment\u00e9 <a href=\"https:\/\/futurekids.io\/index\/fr\" target=\"_blank\" rel=\"noopener\">Futurekids<\/a>. Les coach\u00b7s sont de jeunes passionn\u00e9\u00b7e\u00b7s d&#8217;informatique qui partagent leur passion avec les jeunes sur un pied d&#8217;\u00e9galit\u00e9.<br>Futurecoders travaille \u00e9galement avec de nombreu\u00b7x\/ses partenaires de l&#8217;industrie afin de donner aux jeunes un aper\u00e7u du monde du travail. Des formatrices, des apprenti\u00b7e\u00b7s et des professionnel\u00b7le\u00b7s assistent aux cours en tant qu&#8217;invit\u00e9\u00b7e\u00b7s, parlent de leur quotidien et r\u00e9pondent aux questions.<br><\/p>\n             <\/section>\n<\/header>\n<\/div>\n\n<div class=\"lazyblock-teaser-58KX1 wp-block-lazyblock-teaser\"><section class=\"grid icons\">    \n    <h2 class=\"\"><\/h2>     \n    <ul>\n        <li>             \n                         \n                            <h3>Financement<\/h3>\n                           \n                            <p>Ce programme n&#8217;est possible que gr\u00e2ce au soutien financier de :<br><br><a href=\"https:\/\/therocketfoundation.org\/\" target=\"_blank\" rel=\"noopener\">Fondation Rocket<\/a><br><a href=\"https:\/\/www.ernst-goehner-stiftung.ch\/index.php\/de\" target=\"_blank\" rel=\"noopener\">Fondation Ernst G\u00f6hner<\/a><br><a href=\"https:\/\/rothschildfoundation.org.uk\/\" target=\"_blank\" rel=\"noopener\">Fondation Rothschild<\/a><\/p>\n                                            <\/li>\n        <li>             \n                         \n                            <h3>Connaissance<\/h3>\n                           \n                            <p>projets \u00e9ducatifs pour les jeunes. Nos projets partenaires :<br><br><a href=\"https:\/\/chanceplus.ch\/\" target=\"_blank\" rel=\"noopener\">Allianz Chance Plus<\/a><br><a href=\"https:\/\/www.digitalkidz.ch\/\" target=\"_blank\" rel=\"noopener\">Digital Kidz<\/a><br><a href=\"https:\/\/digitalswitzerland.com\/\" target=\"_blank\" rel=\"noopener\">Digitalswitzerland<\/a><br><a href=\"https:\/\/www.carteculture.ch\/\" target=\"_blank\" rel=\"noopener\">Carte Culture<\/a><br><a href=\"https:\/\/futurekids.io\/creatorz-academy?lang=\" target=\"_blank\" rel=\"noopener\">Creatorz Academy<\/a><\/p>\n                                            <\/li>\n    <\/ul>\n \n<\/section> <\/div>\n\n<div class=\"lazyblock-logos-Z1bkjdO wp-block-lazyblock-logos\"><aside>\n    <h2 class=\"\">Partenaire<\/h2>\n    <ul>\n        <li>\n            <div class=\"lazyblock-logo-2nqhvJ wp-block-lazyblock-logo\"><a href=\"https:\/\/zurich.tumo.ch\/\" target=\"_blank\" rel=\"noopener\">\n    <img src=\"https:\/\/futurecoders.ch\/wordpress\/wp-content\/uploads\/TUMO-zurich.svg\" alt=\"\" loading=\"lazy\" decoding=\"async\">\n<\/a><\/div>        <\/li>\n        <li>\n            <div class=\"lazyblock-logo-Z1rWDgj wp-block-lazyblock-logo\"><a href=\"https:\/\/www.pwc.ch\/fr.html\" target=\"_blank\" rel=\"noopener\">\n    <img src=\"https:\/\/futurecoders.ch\/wordpress\/wp-content\/uploads\/pwc-logo.svg\" alt=\"Price Waterhouse Cooper Logo\" loading=\"lazy\" decoding=\"async\">\n<\/a><\/div>        <\/li>\n        <li>\n            <div class=\"lazyblock-logo-1M4PRO wp-block-lazyblock-logo\"><a href=\"https:\/\/therocketfoundation.org\/\" target=\"_blank\" rel=\"noopener\">\n    <img src=\"https:\/\/futurecoders.ch\/wordpress\/wp-content\/uploads\/logo_the-rocket-foundation.png\" alt=\"\" loading=\"lazy\" decoding=\"async\">\n<\/a><\/div>        <\/li>\n        <li>\n            <div class=\"lazyblock-logo-1sa6GT wp-block-lazyblock-logo\"><a href=\"https:\/\/www.digitalkidz.ch\/?lang=fr\" target=\"_blank\" rel=\"noopener\">\n    <img src=\"https:\/\/futurecoders.ch\/wordpress\/wp-content\/uploads\/digital-kidz-logo.svg\" alt=\"\" loading=\"lazy\" decoding=\"async\">\n<\/a><\/div>        <\/li>\n        <li>\n            <div class=\"lazyblock-logo-16AIY3 wp-block-lazyblock-logo\"><a href=\"https:\/\/www.smartfeld.ch\/\" target=\"_blank\" rel=\"noopener\">\n    <img src=\"https:\/\/futurecoders.ch\/wordpress\/wp-content\/uploads\/Logo_Smartfeld_Claim_farbig-1.png\" alt=\"\" loading=\"lazy\" decoding=\"async\">\n<\/a><\/div>        <\/li>\n        <li>\n            <div class=\"lazyblock-logo-2nqhvJ wp-block-lazyblock-logo\"><a href=\"https:\/\/zurich.tumo.ch\/\" target=\"_blank\" rel=\"noopener\">\n    <img src=\"https:\/\/futurecoders.ch\/wordpress\/wp-content\/uploads\/TUMO-zurich.svg\" alt=\"\" loading=\"lazy\" decoding=\"async\">\n<\/a><\/div>        <\/li>\n        <li>\n            <div class=\"lazyblock-logo-Z1rWDgj wp-block-lazyblock-logo\"><a href=\"https:\/\/www.pwc.ch\/fr.html\" target=\"_blank\" rel=\"noopener\">\n    <img src=\"https:\/\/futurecoders.ch\/wordpress\/wp-content\/uploads\/pwc-logo.svg\" alt=\"Price Waterhouse Cooper Logo\" loading=\"lazy\" decoding=\"async\">\n<\/a><\/div>        <\/li>\n        <li>\n            <div class=\"lazyblock-logo-1M4PRO wp-block-lazyblock-logo\"><a href=\"https:\/\/therocketfoundation.org\/\" target=\"_blank\" rel=\"noopener\">\n    <img src=\"https:\/\/futurecoders.ch\/wordpress\/wp-content\/uploads\/logo_the-rocket-foundation.png\" alt=\"\" loading=\"lazy\" decoding=\"async\">\n<\/a><\/div>        <\/li>\n        <li>\n            <div class=\"lazyblock-logo-1sa6GT wp-block-lazyblock-logo\"><a href=\"https:\/\/www.digitalkidz.ch\/?lang=fr\" target=\"_blank\" rel=\"noopener\">\n    <img src=\"https:\/\/futurecoders.ch\/wordpress\/wp-content\/uploads\/digital-kidz-logo.svg\" alt=\"\" loading=\"lazy\" decoding=\"async\">\n<\/a><\/div>        <\/li>\n        <li>\n            <div class=\"lazyblock-logo-16AIY3 wp-block-lazyblock-logo\"><a href=\"https:\/\/www.smartfeld.ch\/\" target=\"_blank\" rel=\"noopener\">\n    <img src=\"https:\/\/futurecoders.ch\/wordpress\/wp-content\/uploads\/Logo_Smartfeld_Claim_farbig-1.png\" alt=\"\" loading=\"lazy\" decoding=\"async\">\n<\/a><\/div>        <\/li>\n        <li>\n            <div class=\"lazyblock-logo-2nqhvJ wp-block-lazyblock-logo\"><a href=\"https:\/\/zurich.tumo.ch\/\" target=\"_blank\" rel=\"noopener\">\n    <img src=\"https:\/\/futurecoders.ch\/wordpress\/wp-content\/uploads\/TUMO-zurich.svg\" alt=\"\" loading=\"lazy\" decoding=\"async\">\n<\/a><\/div>        <\/li>\n        <li>\n            <div class=\"lazyblock-logo-Z1rWDgj wp-block-lazyblock-logo\"><a href=\"https:\/\/www.pwc.ch\/fr.html\" target=\"_blank\" rel=\"noopener\">\n    <img src=\"https:\/\/futurecoders.ch\/wordpress\/wp-content\/uploads\/pwc-logo.svg\" alt=\"Price Waterhouse Cooper Logo\" loading=\"lazy\" decoding=\"async\">\n<\/a><\/div>        <\/li>\n        <li>\n            <div class=\"lazyblock-logo-1M4PRO wp-block-lazyblock-logo\"><a href=\"https:\/\/therocketfoundation.org\/\" target=\"_blank\" rel=\"noopener\">\n    <img src=\"https:\/\/futurecoders.ch\/wordpress\/wp-content\/uploads\/logo_the-rocket-foundation.png\" alt=\"\" loading=\"lazy\" decoding=\"async\">\n<\/a><\/div>        <\/li>\n        <li>\n            <div class=\"lazyblock-logo-1sa6GT wp-block-lazyblock-logo\"><a href=\"https:\/\/www.digitalkidz.ch\/?lang=fr\" target=\"_blank\" rel=\"noopener\">\n    <img src=\"https:\/\/futurecoders.ch\/wordpress\/wp-content\/uploads\/digital-kidz-logo.svg\" alt=\"\" loading=\"lazy\" decoding=\"async\">\n<\/a><\/div>        <\/li>\n        <li>\n            <div class=\"lazyblock-logo-16AIY3 wp-block-lazyblock-logo\"><a href=\"https:\/\/www.smartfeld.ch\/\" target=\"_blank\" rel=\"noopener\">\n    <img src=\"https:\/\/futurecoders.ch\/wordpress\/wp-content\/uploads\/Logo_Smartfeld_Claim_farbig-1.png\" alt=\"\" loading=\"lazy\" decoding=\"async\">\n<\/a><\/div>        <\/li>\n    <\/ul>\n<\/aside>\n<\/div>","protected":false,"raw":"<!-- wp:lazyblock\/header {\"image\":\"%7B%22alt%22:%22%22,%22title%22:%22futurecoders-34%22,%22caption%22:%22%22,%22description%22:%22%22,%22id%22:1718,%22link%22:%22https:\/\/futurecoders.ch\/fr\/futurecoders-34\/%22,%22url%22:%22https:\/\/futurecoders.ch\/wordpress\/wp-content\/uploads\/futurecoders-34.jpg%22,%22sizes%22:%7B%22thumbnail%22:%7B%22url%22:%22https:\/\/futurecoders.ch\/wordpress\/wp-content\/uploads\/futurecoders-34-200x113.jpg%22,%22height%22:113,%22width%22:200,%22orientation%22:%22landscape%22%7D,%22full%22:%7B%22url%22:%22https:\/\/futurecoders.ch\/wordpress\/wp-content\/uploads\/futurecoders-34.jpg%22,%22height%22:456,%22width%22:810,%22orientation%22:%22landscape%22%7D%7D%7D\",\"title\":\"Partenaire\",\"text\":\"Les cours et les camps de vacances sont organis\u00e9s en collaboration avec notre partenaire exp\u00e9riment\u00e9 \\u003ca href=\\u0022https:\/\/futurekids.io\/index\/fr\\u0022\\u003eFuturekids\\u003c\/a\\u003e. Les coach\u00b7s sont de jeunes passionn\u00e9\u00b7e\u00b7s d'informatique qui partagent leur passion avec les jeunes sur un pied d'\u00e9galit\u00e9.\\u003cbr\\u003eFuturecoders travaille \u00e9galement avec de nombreu\u00b7x\/ses partenaires de l'industrie afin de donner aux jeunes un aper\u00e7u du monde du travail. Des formatrices, des apprenti\u00b7e\u00b7s et des professionnel\u00b7le\u00b7s assistent aux cours en tant qu'invit\u00e9\u00b7e\u00b7s, parlent de leur quotidien et r\u00e9pondent aux questions.\\u003cbr\\u003e\",\"blockId\":\"Z1ssF6R\",\"blockUniqueClass\":\"lazyblock-header-Z1ssF6R\"} \/-->\n\n<!-- wp:lazyblock\/teaser {\"type\":\"grid icons\",\"teaser\":\"%5B%7B%22title%22:%22Financement%22,%22text%22:%22Ce%20programme%20n'est%20possible%20que%20gr%C3%A2ce%20au%20soutien%20financier%20de%20:%3Cbr%3E%3Cbr%3E%3Ca%20href=%5C%22https:\/\/therocketfoundation.org\/%5C%22%3EFondation%20Rocket%3C\/a%3E%3Cbr%3E%3Ca%20href=%5C%22https:\/\/www.ernst-goehner-stiftung.ch\/index.php\/de%5C%22%3EFondation%20Ernst%20G%C3%B6hner%3C\/a%3E%3Cbr%3E%3Ca%20href=%5C%22https:\/\/rothschildfoundation.org.uk\/%5C%22%3EFondation%20Rothschild%3C\/a%3E%22%7D,%7B%22title%22:%22Connaissance%22,%22text%22:%22projets%20%C3%A9ducatifs%20pour%20les%20jeunes.%20Nos%20projets%20partenaires%20:%3Cbr%3E%3Cbr%3E%3Ca%20href=%5C%22https:\/\/chanceplus.ch\/%5C%22%3EAllianz%20Chance%20Plus%3C\/a%3E%3Cbr%3E%3Ca%20href=%5C%22https:\/\/www.digitalkidz.ch\/%5C%22%3EDigital%20Kidz%3C\/a%3E%3Cbr%3E%3Ca%20href=%5C%22https:\/\/digitalswitzerland.com\/%5C%22%3EDigitalswitzerland%3C\/a%3E%3Cbr%3E%3Ca%20href=%5C%22https:\/\/www.carteculture.ch\/%5C%22%3ECarte%20Culture%3C\/a%3E%3Cbr%3E%3Ca%20href=%5C%22https:\/\/futurekids.io\/creatorz-academy?lang=%5C%22%3ECreatorz%20Academy%3C\/a%3E%22,%22external-link%22:%22%22,%22link-url%22:%22%22,%22link-text%22:%22%22%7D%5D\",\"blockId\":\"58KX1\",\"blockUniqueClass\":\"lazyblock-teaser-58KX1\"} \/-->\n\n<!-- wp:lazyblock\/logos {\"title\":\"Partenaire\",\"blockId\":\"Z1bkjdO\",\"blockUniqueClass\":\"lazyblock-logos-Z1bkjdO\"} \/-->"},"excerpt":{"rendered":"","protected":false,"raw":""},"author":1,"featured_media":0,"parent":2442,"menu_order":3,"comment_status":"closed","ping_status":"closed","template":"","meta":{"inline_featured_image":false,"_de_post_content":"<!-- wp:lazyblock\/header {\"image\":\"%7B%22alt%22:%22%22,%22title%22:%22futurecoders-34%22,%22caption%22:%22%22,%22description%22:%22%22,%22id%22:1718,%22link%22:%22https:\/\/futurecoders.ch\/de\/futurecoders-34\/%22,%22url%22:%22https:\/\/futurecoders.ch\/wordpress\/wp-content\/uploads\/futurecoders-34.jpg%22,%22sizes%22:%7B%22thumbnail%22:%7B%22url%22:%22https:\/\/futurecoders.ch\/wordpress\/wp-content\/uploads\/futurecoders-34-200x113.jpg%22,%22height%22:113,%22width%22:200,%22orientation%22:%22landscape%22%7D,%22full%22:%7B%22url%22:%22https:\/\/futurecoders.ch\/wordpress\/wp-content\/uploads\/futurecoders-34.jpg%22,%22height%22:456,%22width%22:810,%22orientation%22:%22landscape%22%7D%7D%7D\",\"title\":\"Kollaboration\",\"text\":\"\\u003cbr\\u003e\\u003cstrong\\u003eZusammen setzten wir uns ein\\u003c\/strong\\u003e.\\u003cbr\\u003eWir arbeiten zusammen, damit wir die\\u003cbr\\u003eJugendlichen unterst\u00fctzen k\u00f6nnen. Mit Bildungspartner*innen,\\u003cbr\\u003eStiftungen und Projekten tauschen wir uns aus, entwickeln uns\\u003cbr\\u003eweiter und stellen die Finanzierung des Angebots sicher.\\u003cbr\\u003e\\u003cbr\\u003eDie Kurse und Feriencamps werden zusammen mit unseren erfahrenen Partnern von \\u003ca rel=\\u0022noreferrer noopener\\u0022 href=\\u0022https:\/\/futurekids.io\/\\u0022 data-type=\\u0022URL\\u0022 data-id=\\u0022https:\/\/futurekids.io\/\\u0022 target=\\u0022_blank\\u0022\\u003eFuturekids\\u003c\/a\\u003e durchgef\u00fchrt. Die Coaches sind junge IT-Enthusiast*innen, die ihre Leidenschaft mit den Jugendlichen auf Augenh\u00f6he teilen.\\u003cbr\\u003e\\u003cbr\\u003e\\u003cbr\\u003eFuturecoders arbeitet zudem mit vielen Partnerinnen aus der Industrie, um den Jugendlichen einen Einblick in die Berufswelt zu geben. Berufsbildnerinnen, Lernende und Fachleute besuchen die Kurse als G\u00e4ste, erz\u00e4hlen von ihrem Alltag und beantworten Fragen.\\u003cbr\\u003e\",\"blockId\":\"Z2vmyf9\",\"blockUniqueClass\":\"lazyblock-header-Z2vmyf9\"} \/-->\n\n<!-- wp:lazyblock\/teaser {\"type\":\"grid icons\",\"teaser\":\"%5B%7B%22title%22:%22Finanzierung%22,%22text%22:%22Dieses%20Programm%20ist%20nur%20m%C3%B6glich%20dank%20der%20finanziellen%20Unterst%C3%BCtzung%20von:%3Cbr%3E%3Cbr%3E%3Ca%20href=%5C%22https:\/\/therocketfoundation.org\/%5C%22%20target=%5C%22_blank%5C%22%20rel=%5C%22noreferrer%20noopener%5C%22%3ERocket%20Foundation%3C\/a%3E%3Cbr%3E%3Ca%20href=%5C%22https:\/\/www.ernst-goehner-stiftung.ch\/index.php\/de%5C%22%20target=%5C%22_blank%5C%22%20rel=%5C%22noreferrer%20noopener%5C%22%3EErnst%20G%C3%B6hner%20Stiftung%3C\/a%3E%3Cbr%3E%3Ca%20href=%5C%22https:\/\/stiftungen.stiftungschweiz.ch\/organizations\/simon-und-hildegard-rothschild-stiftung%5C%22%20target=%5C%22_blank%5C%22%20rel=%5C%22noreferrer%20noopener%5C%22%3ERothschild%20Stiftung%3C\/a%3E%3Cbr%3E%3Ca%20href=%5C%22https:\/\/www.ubs.com\/global\/en\/sustainability-impact\/social-impact.html#:~:text=Our%2520impact,volunteer%2520hours%2520were%2520skills%2520based.%5C%22%20target=%5C%22_blank%5C%22%20rel=%5C%22noreferrer%20noopener%5C%22%3EUBS%20Community%20Impact%3C\/a%3E%22%7D,%7B%22title%22:%22Wissen%22,%22text%22:%22Um%20unser%20Programm%20stetig%20zu%20verbessern,%20pflegen%20wir%20einen%20regen%20Austausch%20mit%20anderen%20Bildungsprojekten%20f%C3%BCr%20Jugendliche.%20Unsere%20Partnerprojekte:%3Cbr%3E%3Cbr%3E%3Ca%20href=%5C%22https:\/\/chanceplus.ch\/%5C%22%20target=%5C%22_blank%5C%22%20rel=%5C%22noreferrer%20noopener%5C%22%3EAllianz%20Chance%20Plus%3C\/a%3E%3Cbr%3E%3Ca%20href=%5C%22https:\/\/www.digitalkidz.ch\/?lang=de%5C%22%20target=%5C%22_blank%5C%22%20rel=%5C%22noreferrer%20noopener%5C%22%3EDigital%20Kidz%3C\/a%3E%3Cbr%3E%3Ca%20href=%5C%22https:\/\/www.kulturlegi.ch%5C%22%20data-type=%5C%22URL%5C%22%20data-id=%5C%22https:\/\/www.kulturlegi.ch%5C%22%3EKulturlegi%C2%A0%3C\/a%3E%3Cbr%3E%3Ca%20href=%5C%22https:\/\/www.smartfeld.ch\/%5C%22%20target=%5C%22_blank%5C%22%20rel=%5C%22noreferrer%20noopener%5C%22%3ESmartfeld%3C\/a%3E%3Cbr%3E%3Ca%20href=%5C%22https:\/\/digitalswitzerland.com\/%5C%22%3EDigitalswitzerland%3C\/a%3E%3Cbr%3E%3Ca%20href=%5C%22https:\/\/ict-scouts.ch\/%5C%22%3EICT%20Scouts%3C\/a%3E%3Cbr%3E%3Ca%20href=%5C%22https:\/\/zurich.tumo.ch\/%5C%22%3ETumo%20Z%C3%BCrich%3C\/a%3E%3Cbr%3E%3Ca%20href=%5C%22https:\/\/futurekids.io\/creatorz-academy?lang=de_ch%5C%22%3ECreatorz%20Acacemy%3C\/a%3E%3Cbr%3E%3Ca%20href=%5C%22https:\/\/girlscodetoo.ch\/de\/workshops-for-girls-de\/%5C%22%3EGirlsCodeToo%3C\/a%3E%22%7D%5D\",\"blockId\":\"ZuqVVf\",\"blockUniqueClass\":\"lazyblock-teaser-ZuqVVf\"} \/-->\n\n<!-- wp:lazyblock\/logos {\"title\":\"Partner\",\"blockId\":\"ZrteIM\",\"blockUniqueClass\":\"lazyblock-logos-ZrteIM\"} \/-->","_de_post_name":"partner","_de_post_excerpt":"","_de_post_title":"Partner","_fr_post_content":"<!-- wp:lazyblock\/header {\"image\":\"%7B%22alt%22:%22%22,%22title%22:%22futurecoders-34%22,%22caption%22:%22%22,%22description%22:%22%22,%22id%22:1718,%22link%22:%22https:\/\/futurecoders.ch\/fr\/futurecoders-34\/%22,%22url%22:%22https:\/\/futurecoders.ch\/wordpress\/wp-content\/uploads\/futurecoders-34.jpg%22,%22sizes%22:%7B%22thumbnail%22:%7B%22url%22:%22https:\/\/futurecoders.ch\/wordpress\/wp-content\/uploads\/futurecoders-34-200x113.jpg%22,%22height%22:113,%22width%22:200,%22orientation%22:%22landscape%22%7D,%22full%22:%7B%22url%22:%22https:\/\/futurecoders.ch\/wordpress\/wp-content\/uploads\/futurecoders-34.jpg%22,%22height%22:456,%22width%22:810,%22orientation%22:%22landscape%22%7D%7D%7D\",\"title\":\"Partenaire\",\"text\":\"Les cours et les camps de vacances sont organis\u00e9s en collaboration avec notre partenaire exp\u00e9riment\u00e9 \\u003ca href=\\u0022https:\/\/futurekids.io\/index\/fr\\u0022\\u003eFuturekids\\u003c\/a\\u003e. Les coach\u00b7s sont de jeunes passionn\u00e9\u00b7e\u00b7s d'informatique qui partagent leur passion avec les jeunes sur un pied d'\u00e9galit\u00e9.\\u003cbr\\u003eFuturecoders travaille \u00e9galement avec de nombreu\u00b7x\/ses partenaires de l'industrie afin de donner aux jeunes un aper\u00e7u du monde du travail. Des formatrices, des apprenti\u00b7e\u00b7s et des professionnel\u00b7le\u00b7s assistent aux cours en tant qu'invit\u00e9\u00b7e\u00b7s, parlent de leur quotidien et r\u00e9pondent aux questions.\\u003cbr\\u003e\",\"blockId\":\"Z1ssF6R\",\"blockUniqueClass\":\"lazyblock-header-Z1ssF6R\"} \/-->\n\n<!-- wp:lazyblock\/teaser {\"type\":\"grid icons\",\"teaser\":\"%5B%7B%22title%22:%22Financement%22,%22text%22:%22Ce%20programme%20n'est%20possible%20que%20gr%C3%A2ce%20au%20soutien%20financier%20de%20:%3Cbr%3E%3Cbr%3E%3Ca%20href=%5C%22https:\/\/therocketfoundation.org\/%5C%22%3EFondation%20Rocket%3C\/a%3E%3Cbr%3E%3Ca%20href=%5C%22https:\/\/www.ernst-goehner-stiftung.ch\/index.php\/de%5C%22%3EFondation%20Ernst%20G%C3%B6hner%3C\/a%3E%3Cbr%3E%3Ca%20href=%5C%22https:\/\/rothschildfoundation.org.uk\/%5C%22%3EFondation%20Rothschild%3C\/a%3E%22%7D,%7B%22title%22:%22Connaissance%22,%22text%22:%22projets%20%C3%A9ducatifs%20pour%20les%20jeunes.%20Nos%20projets%20partenaires%20:%3Cbr%3E%3Cbr%3E%3Ca%20href=%5C%22https:\/\/chanceplus.ch\/%5C%22%3EAllianz%20Chance%20Plus%3C\/a%3E%3Cbr%3E%3Ca%20href=%5C%22https:\/\/www.digitalkidz.ch\/%5C%22%3EDigital%20Kidz%3C\/a%3E%3Cbr%3E%3Ca%20href=%5C%22https:\/\/digitalswitzerland.com\/%5C%22%3EDigitalswitzerland%3C\/a%3E%3Cbr%3E%3Ca%20href=%5C%22https:\/\/www.carteculture.ch\/%5C%22%3ECarte%20Culture%3C\/a%3E%3Cbr%3E%3Ca%20href=%5C%22https:\/\/futurekids.io\/creatorz-academy?lang=%5C%22%3ECreatorz%20Academy%3C\/a%3E%22,%22external-link%22:%22%22,%22link-url%22:%22%22,%22link-text%22:%22%22%7D%5D\",\"blockId\":\"58KX1\",\"blockUniqueClass\":\"lazyblock-teaser-58KX1\"} \/-->\n\n<!-- wp:lazyblock\/logos {\"title\":\"Partenaire\",\"blockId\":\"Z1bkjdO\",\"blockUniqueClass\":\"lazyblock-logos-Z1bkjdO\"} \/-->","_fr_post_name":"","_fr_post_excerpt":"","_fr_post_title":"Partenaire","_en_post_content":"","_en_post_name":"","_en_post_excerpt":"","_en_post_title":"","edit_language":"fr","footnotes":""},"class_list":["post-372","page","type-page","status-publish","hentry"],"_links":{"self":[{"href":"https:\/\/futurecoders.ch\/fr\/wp-json\/wp\/v2\/pages\/372","targetHints":{"allow":["GET"]}}],"collection":[{"href":"https:\/\/futurecoders.ch\/fr\/wp-json\/wp\/v2\/pages"}],"about":[{"href":"https:\/\/futurecoders.ch\/fr\/wp-json\/wp\/v2\/types\/page"}],"author":[{"embeddable":true,"href":"https:\/\/futurecoders.ch\/fr\/wp-json\/wp\/v2\/users\/1"}],"replies":[{"embeddable":true,"href":"https:\/\/futurecoders.ch\/fr\/wp-json\/wp\/v2\/comments?post=372"}],"version-history":[{"count":97,"href":"https:\/\/futurecoders.ch\/fr\/wp-json\/wp\/v2\/pages\/372\/revisions"}],"predecessor-version":[{"id":2198,"href":"https:\/\/futurecoders.ch\/fr\/wp-json\/wp\/v2\/pages\/372\/revisions\/2198"}],"up":[{"embeddable":true,"href":"https:\/\/futurecoders.ch\/fr\/wp-json\/wp\/v2\/pages\/2442"}],"wp:attachment":[{"href":"https:\/\/futurecoders.ch\/fr\/wp-json\/wp\/v2\/media?parent=372"}],"curies":[{"name":"wp","href":"https:\/\/api.w.org\/{rel}","templated":true}]}}