{"id":761,"date":"2022-04-25T00:09:01","date_gmt":"2022-04-24T22:09:01","guid":{"rendered":"https:\/\/futurecoders.ch\/de\/?page_id=761"},"modified":"2026-01-16T09:41:24","modified_gmt":"2026-01-16T08:41:24","slug":"","status":"publish","type":"page","link":"https:\/\/futurecoders.ch\/en\/kurse-camps\/web-development\/","title":{"rendered":"","raw":""},"content":{"rendered":"","protected":false,"raw":""},"excerpt":{"rendered":"","protected":false,"raw":""},"author":1,"featured_media":0,"parent":38,"menu_order":0,"comment_status":"closed","ping_status":"closed","template":"","meta":{"inline_featured_image":false,"_de_post_content":"<!-- wp:lazyblock\/header {\"image\":\"%7B%22alt%22:%22Website%20Development%20mit%20Futurecoders%22,%22title%22:%22%22,%22caption%22:%22%22,%22description%22:%22%22,%22id%22:71,%22link%22:%22https:\/\/futurecoders.susanne-koenig.ch\/futurecoders-9\/%22,%22url%22:%22https:\/\/futurecoders.susanne-koenig.ch\/wordpress\/wp-content\/uploads\/FutureCoders-9-scaled.jpg%22,%22sizes%22:%7B%22thumbnail%22:%7B%22height%22:113,%22width%22:200,%22url%22:%22https:\/\/futurecoders.susanne-koenig.ch\/wordpress\/wp-content\/uploads\/FutureCoders-9-200x113.jpg%22,%22orientation%22:%22landscape%22%7D,%22medium%22:%7B%22height%22:577,%22width%22:1024,%22url%22:%22https:\/\/futurecoders.susanne-koenig.ch\/wordpress\/wp-content\/uploads\/FutureCoders-9-1024x577.jpg%22,%22orientation%22:%22landscape%22%7D,%22large%22:%7B%22height%22:361,%22width%22:640,%22url%22:%22https:\/\/futurecoders.susanne-koenig.ch\/wordpress\/wp-content\/uploads\/FutureCoders-9-2048x1154.jpg%22,%22orientation%22:%22landscape%22%7D,%22full%22:%7B%22url%22:%22https:\/\/futurecoders.susanne-koenig.ch\/wordpress\/wp-content\/uploads\/FutureCoders-9-scaled.jpg%22,%22height%22:1443,%22width%22:2560,%22orientation%22:%22landscape%22%7D%7D%7D\",\"title\":\"WEB DEVELOPMENT KURSE\",\"text\":\"\\u003cbr\\u003e\\u003cstrong\\u003eAlter:\\u003c\/strong\\u003e 13 \u2013 20\\u003cbr\\u003e\\u003cstrong\\u003eDauer:\\u003c\/strong\\u003e 15 Stunden\\u003cbr\\u003e\\u003cstrong\\u003eKosten:\\u003c\/strong\\u003e\\u003cbr\\u003e0 CHF f\u00fcr junge Gefl\u00fcchtete und Jugendliche aus einem \\u003cbr\\u003e  Umfeld mit wenig Geld.\\u003cbr\\u003e325 CHF f\u00fcr andere Teilnehmende.\",\"blockId\":\"19im7x\",\"blockUniqueClass\":\"lazyblock-header-19im7x\"} \/-->\n\n<!-- wp:lazyblock\/teaser {\"title\":\"Vorteile des Kurses Web Development\",\"hide-title\":\"visuallyhidden\",\"type\":\"grid icons\",\"teaser\":\"%5B%7B%22title%22:%22EIGENE%20WEBSITE%22,%22text%22:%22Du%20erstellst%20deine%20eigene%20Website.%20Da%20du%20auf%20einer%20Online-Plattform%20arbeitest,%20kannst%20du%20dein%20Projekt%20auch%20Freunden%20und%20Familie%20zeigen.%22,%22icon%22:%22#img-ico-webdev%22%7D,%7B%22text%22:%22Du%20lernst%20die%20Programmiersprachen%20HTML%20und%20CSS.%20Zudem%20erf%C3%A4hrst%20du,%20wie%20das%20Internet%20aufgebaut%20ist%20und%20wie%20Suchmaschinen%20funktionieren.%22,%22title%22:%22VIEL%20WISSEN%22,%22icon%22:%22#img-ico-html-css%22%7D,%7B%22icon%22:%22#img-ico-diploma%22,%22title%22:%22EIN%20DIPLOM%22,%22text%22:%22Nach%20dem%20Kurs%20erh%C3%A4ltst%20du%20ein%20Diplom.%20Dieses%20kannst%20du%20deinen%20Bewerbungen%20beilegen.%20Zudem%20erf%C3%A4hrst%20du%20spannendes%20rund%20um%20die%20Berufe%20in%20der%20IT-Branche.%22%7D%5D\",\"blockId\":\"1cqNJc\",\"blockUniqueClass\":\"lazyblock-teaser-1cqNJc\"} \/-->\n\n<!-- wp:lazyblock\/video {\"mp4\":\"%7B%22alt%22:%22%22,%22title%22:%22FutureCoders_DE_Promo_Sub_big%22,%22caption%22:%22%22,%22id%22:1462,%22link%22:%22https:\/\/futurecoders.ch\/de\/kurse-camps\/web-development\/attachment\/futurecoders_de_promo_sub_big\/%22,%22url%22:%22https:\/\/futurecoders.ch\/wordpress\/wp-content\/uploads\/FutureCoders_DE_Promo_Sub_big.mp4%22%7D\",\"ogv\":\"%7B%22alt%22:%22%22,%22title%22:%22FutureCoders_DE_Promo_Sub_big.oggtheora%22,%22caption%22:%22%22,%22id%22:1463,%22link%22:%22https:\/\/futurecoders.ch\/de\/kurse-camps\/web-development\/attachment\/futurecoders_de_promo_sub_big-oggtheora\/%22,%22url%22:%22https:\/\/futurecoders.ch\/wordpress\/wp-content\/uploads\/FutureCoders_DE_Promo_Sub_big.oggtheora.ogv%22%7D\",\"webm\":\"%7B%22alt%22:%22%22,%22title%22:%22FutureCoders_DE_Promo_Sub_big.webmhd%22,%22caption%22:%22%22,%22id%22:1464,%22link%22:%22https:\/\/futurecoders.ch\/de\/kurse-camps\/web-development\/attachment\/futurecoders_de_promo_sub_big-webmhd\/%22,%22url%22:%22https:\/\/futurecoders.ch\/wordpress\/wp-content\/uploads\/FutureCoders_DE_Promo_Sub_big.webmhd.webm%22%7D\",\"img\":\"%7B%22alt%22:%22%22,%22title%22:%22FutureCoders_DE_Promo_Sub_big.mp4%22,%22caption%22:%22%22,%22description%22:%7B%22raw%22:%22%22,%22rendered%22:%22%3Cp%20class=%5C%22attachment%5C%22%3E%3Ca%20href='https:\/\/futurecoders.ch\/wordpress\/wp-content\/uploads\/FutureCoders_DE_Promo_Sub_big.mp4.png'%3E%3Cimg%20width=%5C%221024%5C%22%20height=%5C%221024%5C%22%20src=%5C%22https:\/\/futurecoders.ch\/wordpress\/wp-content\/uploads\/FutureCoders_DE_Promo_Sub_big.mp4-1024x1024.png%5C%22%20class=%5C%22attachment-medium%20size-medium%5C%22%20alt=%5C%22%5C%22%20decoding=%5C%22async%5C%22%20loading=%5C%22lazy%5C%22%20srcset=%5C%22https:\/\/futurecoders.ch\/wordpress\/wp-content\/uploads\/FutureCoders_DE_Promo_Sub_big.mp4-1024x1024.png%201024w,%20https:\/\/futurecoders.ch\/wordpress\/wp-content\/uploads\/FutureCoders_DE_Promo_Sub_big.mp4-200x200.png%20200w,%20https:\/\/futurecoders.ch\/wordpress\/wp-content\/uploads\/FutureCoders_DE_Promo_Sub_big.mp4-768x768.png%20768w,%20https:\/\/futurecoders.ch\/wordpress\/wp-content\/uploads\/FutureCoders_DE_Promo_Sub_big.mp4-1536x1536.png%201536w,%20https:\/\/futurecoders.ch\/wordpress\/wp-content\/uploads\/FutureCoders_DE_Promo_Sub_big.mp4.png%201920w%5C%22%20sizes=%5C%22(max-width:%201024px)%20100vw,%201024px%5C%22%20\/%3E%3C\/a%3E%3C\/p%3E%5Cn%22%7D,%22id%22:1465,%22link%22:%22https:\/\/futurecoders.ch\/de\/kurse-camps\/web-development\/attachment\/futurecoders_de_promo_sub_big-mp4\/%22,%22url%22:%22https:\/\/futurecoders.ch\/wordpress\/wp-content\/uploads\/FutureCoders_DE_Promo_Sub_big.mp4.png%22,%22sizes%22:%22%22%7D\",\"blockId\":\"1Eisd2\",\"blockUniqueClass\":\"lazyblock-video-1Eisd2\"} \/-->\n\n<!-- wp:lazyblock\/testimonial {\"show-random\":\"student\",\"filter-by-course_name\":\"web\",\"blockId\":\"awh8a\",\"blockUniqueClass\":\"lazyblock-testimonial-awh8a\"} \/-->\n\n<!-- wp:lazyblock\/course-list {\"title\":\"Wo \\u0026 wann\",\"subtitle\":\"Finde den passenden Kurs\",\"layout\":\"table\",\"filter-by-name\":\"Website Development\",\"blockId\":\"1FTC34\",\"blockUniqueClass\":\"lazyblock-course-list-1FTC34\"} \/-->\n\n<!-- wp:lazyblock\/testimonial {\"show-random\":\"teacher\",\"filter-by-course_name\":\"web\",\"blockId\":\"Z1Nbbj0\",\"blockUniqueClass\":\"lazyblock-testimonial-Z1Nbbj0\"} \/-->\n\n<!-- wp:lazyblock\/header {\"image\":\"%7B%22alt%22:%22%22,%22title%22:%22IMG_3417%22,%22caption%22:%22%22,%22description%22:%22%22,%22id%22:1920,%22link%22:%22https:\/\/futurecoders.ch\/de\/img_3417\/%22,%22url%22:%22https:\/\/futurecoders.ch\/wordpress\/wp-content\/uploads\/IMG_3417.heic%22,%22sizes%22:%7B%22full%22:%7B%22url%22:%22https:\/\/futurecoders.ch\/wordpress\/wp-content\/uploads\/IMG_3417.heic%22%7D%7D%7D\",\"title\":\"Einblick in die IT Berufswelt\",\"text\":\"Im Kurs besuchen uns Lernende und Menschen, welche Jugendliche in den Unternehmen ausbilden. Sie erz\u00e4hlen \u00fcber ihren Berufsalltag und geben hilfreiche Tipps f\u00fcr die Lehrstellen-Suche. Zum Beispiel, was bei einer Bewerbung wichtig ist.\",\"blockId\":\"Zt8irf\",\"blockUniqueClass\":\"lazyblock-header-Zt8irf\"} \/-->","_de_post_name":"web-development","_de_post_excerpt":"","_de_post_title":"Web Development","_fr_post_content":"<!-- wp:lazyblock\/header {\"image\":\"%7B%22alt%22:%22Website%20Development%20mit%20Futurecoders%22,%22title%22:%22%22,%22caption%22:%22%22,%22description%22:%22%22,%22id%22:71,%22link%22:%22https:\/\/futurecoders.susanne-koenig.ch\/futurecoders-9\/%22,%22url%22:%22https:\/\/futurecoders.susanne-koenig.ch\/wordpress\/wp-content\/uploads\/FutureCoders-9-scaled.jpg%22,%22sizes%22:%7B%22thumbnail%22:%7B%22height%22:113,%22width%22:200,%22url%22:%22https:\/\/futurecoders.susanne-koenig.ch\/wordpress\/wp-content\/uploads\/FutureCoders-9-200x113.jpg%22,%22orientation%22:%22landscape%22%7D,%22medium%22:%7B%22height%22:577,%22width%22:1024,%22url%22:%22https:\/\/futurecoders.susanne-koenig.ch\/wordpress\/wp-content\/uploads\/FutureCoders-9-1024x577.jpg%22,%22orientation%22:%22landscape%22%7D,%22large%22:%7B%22height%22:361,%22width%22:640,%22url%22:%22https:\/\/futurecoders.susanne-koenig.ch\/wordpress\/wp-content\/uploads\/FutureCoders-9-2048x1154.jpg%22,%22orientation%22:%22landscape%22%7D,%22full%22:%7B%22url%22:%22https:\/\/futurecoders.susanne-koenig.ch\/wordpress\/wp-content\/uploads\/FutureCoders-9-scaled.jpg%22,%22height%22:1443,%22width%22:2560,%22orientation%22:%22landscape%22%7D%7D%7D\",\"title\":\"COURS DE D\u00c9VELOPPEMENT DE SITE WEB\",\"text\":\"Con\u00e7ois ton site web\\u003cbr\\u003e\\u003cstrong\\u003e\u00c2ge :\\u003c\/strong\\u003e 13 - 20 ans\\u003cbr\\u003e\\u003cstrong\\u003eDur\u00e9e :\\u003c\/strong\\u003e 5 x 2 heures\\u003cbr\\u003e\\u003cstrong\\u003eCo\u00fbts \\u003c\/strong\\u003e: Gratuit pour les jeunes r\u00e9fugi\u00e9s et les jeunes disposant de peu de moyens financiers.\u00a0\\u003cbr\\u003e325 CHF pour les autres participants.\\u003cbr\\u003e\",\"blockId\":\"ZichV\",\"blockUniqueClass\":\"lazyblock-header-ZichV\"} \/-->\n\n<!-- wp:lazyblock\/teaser {\"title\":\"Vorteile des Kurses Web Development\",\"hide-title\":\"visuallyhidden\",\"type\":\"grid icons\",\"teaser\":\"%5B%7B%22title%22:%22TON%20PROPRE%20SITE%20WEB%22,%22text%22:%22Tu%20cr%C3%A9es%20ton%20propre%20site%20web.%20Comme%20tu%20travailles%20sur%20une%20plateforme%20en%20ligne,%20tu%20peux%20aussi%20montrer%20ton%20projet%20%C3%A0%20tes%20proches%20et%20%C3%A0%20tes%20futurs%20employeurs.%22,%22icon%22:%22#img-ico-webdev%22%7D,%7B%22text%22:%22Tu%20apprends%20les%20langages%20de%20programmation%20HTML%20et%20CSS.%20En%20plus,%20tu%20apprendras%20comment%20Internet%20est%20structur%C3%A9%20et%20comment%20fonctionnent%20les%20moteurs%20de%20recherche.%22,%22title%22:%22CE%20QUE%20TU%20APPRENDS%22,%22icon%22:%22#img-ico-html-css%22%7D,%7B%22icon%22:%22#img-ico-diploma%22,%22title%22:%22OBTIENS%20UN%20DIPL%C3%94ME%22,%22text%22:%22Pour%20ton%20dossier%20de%20candidature,%20tu%20recevras%20un%20dipl%C3%B4me%20%C3%A0%20la%20fin%20du%20cours.%20De%20plus,%20nous%20te%20donnerons%20un%20aper%C3%A7u%20des%20diff%C3%A9rents%20m%C3%A9tiers%20du%20secteur%20IT.%22%7D%5D\",\"blockId\":\"Z2bH6ay\",\"blockUniqueClass\":\"lazyblock-teaser-Z2bH6ay\"} \/-->\n\n<!-- wp:lazyblock\/video {\"mp4\":\"%7B%22alt%22:%22%22,%22title%22:%22FutureCoders_FR_Promo_Sub.mp4%22,%22caption%22:%22%22,%22id%22:1780,%22link%22:%22https:\/\/futurecoders.ch\/de\/kurse-camps\/web-development\/attachment\/futurecoders_fr_promo_sub-mp4\/%22,%22url%22:%22https:\/\/futurecoders.ch\/wordpress\/wp-content\/uploads\/FutureCoders_FR_Promo_Sub.mp4.mp4%22%7D\",\"ogv\":\"%7B%22alt%22:%22%22,%22title%22:%22FutureCoders_FR_Promo_Sub.oggtheora%22,%22caption%22:%22%22,%22id%22:1778,%22link%22:%22https:\/\/futurecoders.ch\/de\/kurse-camps\/web-development\/attachment\/futurecoders_fr_promo_sub-oggtheora\/%22,%22url%22:%22https:\/\/futurecoders.ch\/wordpress\/wp-content\/uploads\/FutureCoders_FR_Promo_Sub.oggtheora.ogv%22%7D\",\"webm\":\"%7B%22alt%22:%22%22,%22title%22:%22FutureCoders_FR_Promo_Sub.webmhd%22,%22caption%22:%22%22,%22id%22:1779,%22link%22:%22https:\/\/futurecoders.ch\/de\/kurse-camps\/web-development\/attachment\/futurecoders_fr_promo_sub-webmhd-2\/%22,%22url%22:%22https:\/\/futurecoders.ch\/wordpress\/wp-content\/uploads\/FutureCoders_FR_Promo_Sub.webmhd.webm%22%7D\",\"img\":\"%7B%22alt%22:%22%22,%22title%22:%22FutureCoders_FR_Promo_Sub.webmhd%22,%22caption%22:%22%22,%22description%22:%7B%22raw%22:%22%22,%22rendered%22:%22%3Cp%20class=%5C%22attachment%5C%22%3E%3Ca%20href='https:\/\/futurecoders.ch\/wordpress\/wp-content\/uploads\/FutureCoders_FR_Promo_Sub.webmhd.png'%3E%3Cimg%20width=%5C%22720%5C%22%20height=%5C%22720%5C%22%20src=%5C%22https:\/\/futurecoders.ch\/wordpress\/wp-content\/uploads\/FutureCoders_FR_Promo_Sub.webmhd.png%5C%22%20class=%5C%22attachment-medium%20size-medium%5C%22%20alt=%5C%22%5C%22%20decoding=%5C%22async%5C%22%20loading=%5C%22lazy%5C%22%20srcset=%5C%22https:\/\/futurecoders.ch\/wordpress\/wp-content\/uploads\/FutureCoders_FR_Promo_Sub.webmhd.png%20720w,%20https:\/\/futurecoders.ch\/wordpress\/wp-content\/uploads\/FutureCoders_FR_Promo_Sub.webmhd-200x200.png%20200w%5C%22%20sizes=%5C%22(max-width:%20720px)%20100vw,%20720px%5C%22%20\/%3E%3C\/a%3E%3C\/p%3E%5Cn%22%7D,%22id%22:1777,%22link%22:%22https:\/\/futurecoders.ch\/de\/kurse-camps\/web-development\/attachment\/futurecoders_fr_promo_sub-webmhd\/%22,%22url%22:%22https:\/\/futurecoders.ch\/wordpress\/wp-content\/uploads\/FutureCoders_FR_Promo_Sub.webmhd.png%22,%22sizes%22:%22%22%7D\",\"blockId\":\"Z22oHYD\",\"blockUniqueClass\":\"lazyblock-video-Z22oHYD\"} \/-->\n\n<!-- wp:lazyblock\/testimonial {\"show-random\":\"student\",\"filter-by-course_name\":\"web\",\"blockId\":\"ZpOdvQ\",\"blockUniqueClass\":\"lazyblock-testimonial-ZpOdvQ\"} \/-->\n\n<!-- wp:lazyblock\/course-list {\"title\":\"O\u00d9 \\u0026 QUAND\",\"subtitle\":\"TROUVE L'OFFRE QUI TE CONVIENT\",\"layout\":\"table\",\"filter-by-name\":\"D\u00e9veloppement de site web\",\"filter-by-type\":\"all\",\"blockId\":\"Z2ff8hn\",\"blockUniqueClass\":\"lazyblock-course-list-Z2ff8hn\"} \/-->\n\n<!-- wp:lazyblock\/testimonial {\"show-random\":\"teacher\",\"filter-by-course_name\":\"web\",\"blockId\":\"asVsy\",\"blockUniqueClass\":\"lazyblock-testimonial-asVsy\"} \/-->\n\n<!-- wp:lazyblock\/header {\"image\":\"%7B%22alt%22:%22%22,%22title%22:%22%22,%22caption%22:%22%22,%22description%22:%22%22,%22id%22:1921,%22link%22:%22https:\/\/futurecoders.ch\/fr\/img_3417-1\/%22,%22url%22:%22https:\/\/futurecoders.ch\/wordpress\/wp-content\/uploads\/IMG_3417-1.heic%22,%22sizes%22:%7B%22full%22:%7B%22url%22:%22https:\/\/futurecoders.ch\/wordpress\/wp-content\/uploads\/IMG_3417-1.heic%22%7D%7D%7D\",\"title\":\"APER\u00c7U DU MONDE PROFESSIONNEL DE L'INFORMATIQUE\",\"text\":\"Diff\u00e9rents formateurs\/trices et apprentis te soutiennent dans ta recherche d\u2019une place d\u2019apprentissage. Pendant le cours, ils viennent te parler des possibilit\u00e9s professionnelles ICT dans une discussion ouverte, te donner des conseils pour la recherche d\u2019une place d\u2019apprentissage et t\u2019expliquer le processus de candidature du point de vue de l\u2019employeur.\",\"blockId\":\"ZV6ypJ\",\"blockUniqueClass\":\"lazyblock-header-ZV6ypJ\"} \/-->","_fr_post_name":"","_fr_post_excerpt":"","_fr_post_title":"Web development","_en_post_content":"","_en_post_name":"","_en_post_excerpt":"","_en_post_title":"","edit_language":"en","footnotes":""},"class_list":["post-761","page","type-page","status-publish","hentry"],"_links":{"self":[{"href":"https:\/\/futurecoders.ch\/en\/wp-json\/wp\/v2\/pages\/761","targetHints":{"allow":["GET"]}}],"collection":[{"href":"https:\/\/futurecoders.ch\/en\/wp-json\/wp\/v2\/pages"}],"about":[{"href":"https:\/\/futurecoders.ch\/en\/wp-json\/wp\/v2\/types\/page"}],"author":[{"embeddable":true,"href":"https:\/\/futurecoders.ch\/en\/wp-json\/wp\/v2\/users\/1"}],"replies":[{"embeddable":true,"href":"https:\/\/futurecoders.ch\/en\/wp-json\/wp\/v2\/comments?post=761"}],"version-history":[{"count":45,"href":"https:\/\/futurecoders.ch\/en\/wp-json\/wp\/v2\/pages\/761\/revisions"}],"predecessor-version":[{"id":2597,"href":"https:\/\/futurecoders.ch\/en\/wp-json\/wp\/v2\/pages\/761\/revisions\/2597"}],"up":[{"embeddable":true,"href":"https:\/\/futurecoders.ch\/en\/wp-json\/wp\/v2\/pages\/38"}],"wp:attachment":[{"href":"https:\/\/futurecoders.ch\/en\/wp-json\/wp\/v2\/media?parent=761"}],"curies":[{"name":"wp","href":"https:\/\/api.w.org\/{rel}","templated":true}]}}