{"id":710,"date":"2022-04-23T15:15:32","date_gmt":"2022-04-23T13:15:32","guid":{"rendered":"https:\/\/futurecoders.ch\/de\/?page_id=710"},"modified":"2025-01-13T08:08:54","modified_gmt":"2025-01-13T07:08:54","slug":"","status":"publish","type":"page","link":"https:\/\/futurecoders.ch\/en\/","title":{"rendered":"","raw":""},"content":{"rendered":"","protected":false,"raw":""},"excerpt":{"rendered":"","protected":false,"raw":""},"author":1,"featured_media":0,"parent":0,"menu_order":0,"comment_status":"closed","ping_status":"closed","template":"","meta":{"inline_featured_image":false,"_de_post_content":"<!-- wp:lazyblock\/header {\"image\":\"%7B%22alt%22:%22Girl%20coding%20on%20laptop%22,%22title%22:%22girl-coding%22,%22caption%22:%22%22,%22description%22:%22%22,%22id%22:74,%22link%22:%22https:\/\/futurecoders.ch\/de\/girl-coding-w_1848\/%22,%22url%22:%22https:\/\/futurecoders.ch\/wordpress\/wp-content\/uploads\/girl-coding-w_1848.jpg%22,%22sizes%22:%7B%22thumbnail%22:%7B%22height%22:200,%22width%22:200,%22url%22:%22https:\/\/futurecoders.ch\/wordpress\/wp-content\/uploads\/girl-coding-w_1848-200x200.jpg%22,%22orientation%22:%22landscape%22%7D,%22medium%22:%7B%22height%22:1024,%22width%22:1024,%22url%22:%22https:\/\/futurecoders.ch\/wordpress\/wp-content\/uploads\/girl-coding-w_1848-1024x1024.jpg%22,%22orientation%22:%22landscape%22%7D,%22full%22:%7B%22url%22:%22https:\/\/futurecoders.ch\/wordpress\/wp-content\/uploads\/girl-coding-w_1848.jpg%22,%22height%22:1848,%22width%22:1848,%22orientation%22:%22landscape%22%7D%7D%7D\",\"title\":\"Lerne  programmieren\",\"text\":\"\\u003cstrong\\u003eEine Website programmieren oder ein Video Game designen zusammen mit anderen Jugendlichen?\\u003c\/strong\\u003e\\u003cbr\\u003eSchritt f\u00fcr Schritt lernen wir programmieren. Nicht in B\u00fcchern \u2013 sondern an eigenen kreativen Projekten. Gemeinsam entdecken wir spannende IT-Berufe.\\u003cbr\\u003e\\u003cbr\\u003eF\u00fcr 13- bis 20-j\u00e4hrige Gefl\u00fcchtete und Jugendliche aus einem Umfeld mit wenig Geld.\",\"button-label\":\"jetzt anmelden\",\"button-url\":\"#course-list\",\"blockId\":\"ZJdDvF\",\"blockUniqueClass\":\"lazyblock-header-ZJdDvF\"} \/-->\n\n<!-- wp:lazyblock\/teaser {\"title\":\"Unsere Kurse \\u0026 Feriencamps\",\"type\":\"icon-grid\",\"teaser\":\"%5B%7B%22icon%22:%22#img-ico-htmltag%22,%22title%22:%22Website%20Development%22,%22text%22:%22Du%20lernst%20eine%20Website%20in%20HTML%20zu%20erstellen%20und%20mit%20CSS%20individuell%20zu%20gestalten.%3Cbr%3E%3Cbr%3E15%20Stunden%20(Ferien-)Kurse%22,%22link-url%22:%22futurecoders.susanne-koenig.ch\/de\/kurse-camps\/web-development\/%22,%22link-text%22:%22Kurse%20anschauen%22,%22external-link%22:%22%22%7D,%7B%22icon%22:%22#img-ico-pacman%22,%22title%22:%22Video%20Game%20Design%22,%22text%22:%22Du%20lernst%20ein%20Video%20Game%20mit%20Unity%20zu%20programmieren%20und%20gestalten.%3Cbr%3E%3Cbr%3E15%20Stunden%20(Ferien-)Kurse%22,%22link-text%22:%22Kurse%20anschauen%22,%22link-url%22:%22futurecoders.susanne-koenig.ch\/de\/kurse-camps\/video-game-design\/%22,%22external-link%22:%22%22%7D,%7B%22icon%22:%22#img-ico-game%22,%22title%22:%22Smartphone%20App%20Development%22,%22text%22:%22Du%20lernst%20eine%20Smartphone-App%20zu%20entwickeln.%20%3Cbr%3E%3Cbr%3E15%20Stunden%20(Ferien-)%20Kurse%22,%22link-text%22:%22Kurse%20anschauen%22,%22link-url%22:%22https:\/\/futurecoders.ch\/de\/kurse-camps\/app-development\/%22,%22external-link%22:%22%22%7D,%7B%22icon%22:%22#img-ico-handshake%22,%22title%22:%22Weitere%20Kurse%22,%22text%22:%22Was?!%20Du%20hast%20noch%20nicht%20genug%20von%20IT?%20Hier%20findest%20du%20weitere%20Kurse%20wie:%3Cbr%3E%3Cbr%3EEvents%3Cbr%3ESchnupperangebote%3Cbr%3EPartner%20Angebote%22,%22link-text%22:%22Angebote%20anschauen%22,%22link-url%22:%22https:\/\/futurecoders.ch\/de\/kurse-camps\/weitere-kurse\/%22,%22external-link%22:%22%22%7D%5D\",\"blockId\":\"1xGn15\",\"blockUniqueClass\":\"lazyblock-teaser-1xGn15\"} \/-->\n\n<!-- wp:lazyblock\/header {\"image\":\"%7B%22alt%22:%22%22,%22title%22:%22141212-computer-submitted%22,%22caption%22:%22%22,%22description%22:%22%22,%22id%22:1704,%22link%22:%22https:\/\/futurecoders.ch\/de\/141212-computer-submitted\/%22,%22url%22:%22https:\/\/futurecoders.ch\/wordpress\/wp-content\/uploads\/141212-computer-submitted.jpg%22,%22sizes%22:%7B%22thumbnail%22:%7B%22url%22:%22https:\/\/futurecoders.ch\/wordpress\/wp-content\/uploads\/141212-computer-submitted-200x133.jpg%22,%22height%22:133,%22width%22:200,%22orientation%22:%22landscape%22%7D,%22full%22:%7B%22url%22:%22https:\/\/futurecoders.ch\/wordpress\/wp-content\/uploads\/141212-computer-submitted.jpg%22,%22height%22:647,%22width%22:970,%22orientation%22:%22landscape%22%7D,%22team-thumb%22:%7B%22url%22:%22https:\/\/futurecoders.ch\/wordpress\/wp-content\/uploads\/141212-computer-submitted-400x400.jpg%22,%22height%22:400,%22width%22:400,%22orientation%22:%22landscape%22%7D%7D%7D\",\"title\":\"Schnuppere in die Welt der ICT Lehren bei IT Firmen\",\"text\":\"Du willst mehr \u00fcber Lehrstellen und Berufswege in der Informatik erfahren und bist zwischen 14 und 20 Jahre alt?\\u003cbr\\u003e\\u003cbr\\u003eDann bist du hier genau richtig! Im Fr\u00fchling und Herbst bietet dir Futurecoders gemeinsam mit Partnerfirmen die M\u00f6glichkeit in die ICT - Welt reinzuschnuppern.\",\"button-label\":\"Weitere Infos\",\"button-url\":\"https:\/\/futurecoders.ch\/de\/kurse-camps\/weitere-kurse\/\",\"blockId\":\"Z1BgmoB\",\"blockUniqueClass\":\"lazyblock-header-Z1BgmoB\"} \/-->\n\n<!-- wp:lazyblock\/content {\"image\":\"%7B%22alt%22:%22%22,%22title%22:%22FutureCoders-26-1%22,%22caption%22:%22%22,%22description%22:%7B%22raw%22:%22%22,%22rendered%22:%22%3Cp%20class=%5C%22attachment%5C%22%3E%3Ca%20href='https:\/\/futurecoders.ch\/wordpress\/wp-content\/uploads\/FutureCoders-26-1-scaled.jpg'%3E%3Cimg%20loading=%5C%22lazy%5C%22%20width=%5C%221024%5C%22%20height=%5C%22577%5C%22%20src=%5C%22https:\/\/futurecoders.ch\/wordpress\/wp-content\/uploads\/FutureCoders-26-1-1024x577.jpg%5C%22%20class=%5C%22attachment-medium%20size-medium%5C%22%20alt=%5C%22%5C%22%20decoding=%5C%22async%5C%22%20srcset=%5C%22https:\/\/futurecoders.ch\/wordpress\/wp-content\/uploads\/FutureCoders-26-1-1024x577.jpg%201024w,%20https:\/\/futurecoders.ch\/wordpress\/wp-content\/uploads\/FutureCoders-26-1-2048x1154.jpg%202048w,%20https:\/\/futurecoders.ch\/wordpress\/wp-content\/uploads\/FutureCoders-26-1-200x113.jpg%20200w,%20https:\/\/futurecoders.ch\/wordpress\/wp-content\/uploads\/FutureCoders-26-1-768x433.jpg%20768w,%20https:\/\/futurecoders.ch\/wordpress\/wp-content\/uploads\/FutureCoders-26-1-1536x866.jpg%201536w%5C%22%20sizes=%5C%22(max-width:%201024px)%20100vw,%201024px%5C%22%20\/%3E%3C\/a%3E%3C\/p%3E%5Cn%22%7D,%22id%22:2128,%22link%22:%22https:\/\/futurecoders.ch\/de\/start-2\/attachment\/futurecoders-26-1\/%22,%22url%22:%22https:\/\/futurecoders.ch\/wordpress\/wp-content\/uploads\/FutureCoders-26-1-scaled.jpg%22,%22sizes%22:%22%22%7D\",\"image-aligment\":\"\",\"titel\":\"UNSERE MISSION\",\"text\":\"Wir erm\u00f6glichen Jugendlichen von 13 bis 20 Jahren, erste Erfahrungen zu sammeln beim Programmieren, in der Web-Entwicklung und im Video Game Design. Dies tun wir in Kursen und Feriencamps. In der gemeinsamen Zeit vermitteln wir nicht nur Wissen, sondern auch Freude und Neugier an IT-Berufen. Wir wollen bei den jungen Menschen das Interesse am Digitalen wecken und damit ihre Chancen im Berufsleben erh\u00f6hen. Das Angebot richtet sich vorwiegend an Gefl\u00fcchtete und junge Menschen aus einem Umfeld mit wenig Geld.\",\"blockId\":\"2r3T7r\",\"blockUniqueClass\":\"lazyblock-content-2r3T7r\"} \/-->\n\n<!-- wp:lazyblock\/testimonial {\"show-random\":\"student\",\"blockId\":\"Z1fDM4C\",\"blockUniqueClass\":\"lazyblock-testimonial-Z1fDM4C\"} \/-->\n\n<!-- wp:lazyblock\/course-list {\"title\":\"Wo \\u0026 wann\",\"subtitle\":\"Finde den passenden Kurs\",\"layout\":\"table\",\"id\":\"course-list\",\"filter-by-type\":\"all\",\"blockId\":\"OXhiU\",\"blockUniqueClass\":\"lazyblock-course-list-OXhiU\"} \/-->\n\n<!-- wp:lazyblock\/testimonial {\"show-random\":\"teacher\",\"blockId\":\"Z6GPOC\",\"blockUniqueClass\":\"lazyblock-testimonial-Z6GPOC\"} \/-->\n\n<!-- wp:lazyblock\/logos {\"title\":\"Partner\",\"blockId\":\"Zj0WV0\",\"blockUniqueClass\":\"lazyblock-logos-Zj0WV0\"} \/-->\n\n<!-- wp:paragraph -->\n<p><\/p>\n<!-- \/wp:paragraph -->","_de_post_name":"start-2","_de_post_excerpt":"","_de_post_title":"Start","_fr_post_content":"<!-- wp:lazyblock\/header {\"image\":\"%7B%22alt%22:%22Girl%20coding%20on%20laptop%22,%22title%22:%22girl-coding%22,%22caption%22:%22%22,%22description%22:%22%22,%22id%22:74,%22link%22:%22https:\/\/futurecoders.ch\/de\/girl-coding-w_1848\/%22,%22url%22:%22https:\/\/futurecoders.ch\/wordpress\/wp-content\/uploads\/girl-coding-w_1848.jpg%22,%22sizes%22:%7B%22thumbnail%22:%7B%22height%22:200,%22width%22:200,%22url%22:%22https:\/\/futurecoders.ch\/wordpress\/wp-content\/uploads\/girl-coding-w_1848-200x200.jpg%22,%22orientation%22:%22landscape%22%7D,%22medium%22:%7B%22height%22:1024,%22width%22:1024,%22url%22:%22https:\/\/futurecoders.ch\/wordpress\/wp-content\/uploads\/girl-coding-w_1848-1024x1024.jpg%22,%22orientation%22:%22landscape%22%7D,%22full%22:%7B%22url%22:%22https:\/\/futurecoders.ch\/wordpress\/wp-content\/uploads\/girl-coding-w_1848.jpg%22,%22height%22:1848,%22width%22:1848,%22orientation%22:%22landscape%22%7D%7D%7D\",\"title\":\"Apprendre \u00e0 programmer\",\"text\":\"\\u003cstrong\\u003eProgrammer un site web, concevoir un jeu vid\u00e9o ou d\u00e9velopper une application smartphone avec d\u2019autres jeunes ?\\u003cbr\\u003e\\u003c\/strong\\u003ePas \u00e0 pas, nous apprenons \u00e0 programmer. Pas dans des livres, mais dans des projets cr\u00e9atifs personnels. Ensemble, nous d\u00e9couvrirons des m\u00e9tiers passionnants dans le domaine de l\u2019informatique.\\u003cbr\\u003e\\u003cbr\\u003ePour les jeunes de 13 \u00e0 20 ans ayant fui leur pays et les jeunes issus d\u2019un milieu peu ais\u00e9.\",\"button-url\":\"#course-list\",\"button-label\":\"s\u2019inscrire maintenant\",\"blockId\":\"Z10mPgK\",\"blockUniqueClass\":\"lazyblock-header-Z10mPgK\"} \/-->\n\n<!-- wp:lazyblock\/teaser {\"title\":\"Nos cours \\u0026 camps de vacances\",\"type\":\"icon-grid\",\"teaser\":\"%5B%7B%22icon%22:%22#img-ico-htmltag%22,%22title%22:%22D%C3%A9veloppement%20de%20sites%20web%22,%22text%22:%22Tu%20apprends%20%C3%A0%20cr%C3%A9er%20un%20site%20web%20en%20HTML%20et%20%C3%A0%20le%20personnaliser%20avec%20CSS.%3Cbr%3E%3Cbr%3ETotal%20de%2015%20heures%20ou%201%20semaine%20de%20camp%20de%20vacances%22,%22link-url%22:%22https:\/\/futurecoders.ch\/fr\/cours-camps\/web-development\/%22,%22link-text%22:%22Voir%20le%20cours%22,%22external-link%22:%22%22%7D,%7B%22icon%22:%22#img-ico-pacman%22,%22title%22:%22Conception%20de%20jeux%20vid%C3%A9o%22,%22text%22:%22Tu%20apprends%20%C3%A0%20programmer%20et%20%C3%A0%20concevoir%20un%20jeu%20vid%C3%A9o%20avec%20Unity.%3Cbr%3E%3Cbr%3ETotal%2015%20heures%3Cbr%3Eou%201%20semaine%20de%20camp%20de%20vacances%22,%22link-text%22:%22Voir%20le%20cours%22,%22link-url%22:%22https:\/\/futurecoders.ch\/fr\/cours-camps\/conception-jeux-video\/%22,%22external-link%22:%22%22%7D,%7B%22icon%22:%22#img-ico-game%22,%22title%22:%22D%C3%A9veloppement%20d'application%20smartphone%22,%22text%22:%22Tu%20apprends%20%C3%A0%20d%C3%A9velopper%20une%20application%20sur%20smartphone%20%3Cbr%3E%3Cbr%3ETotal%2015%20heures%3Cbr%3Eou%201%20semaine%20de%20camp%20de%20vacances%22,%22link-text%22:%22voir%20le%20cours%22,%22link-url%22:%22https:\/\/futurecoders.ch\/fr\/cours-camps\/app-development\/%22,%22external-link%22:%22%22%7D,%7B%22icon%22:%22#img-ico-handshake%22,%22title%22:%22Cours%20Suppl%C3%A9mentaires%22,%22text%22:%22Tu%20as%20envie%20d%E2%80%99en%20apprendre%20encore%20plus?%20Tu%20trouveras%20ici%20une%20s%C3%A9lection%20de%20cours%20et%20de%20plateformes%20o%C3%B9%20tu%20peux%20continuer%20%C3%A0%20d%C3%A9velopper%20tes%20connaissances.%22,%22link-text%22:%22Voir%20le%20cours%22,%22link-url%22:%22https:\/\/futurecoders.ch\/fr\/cours-camps\/weitere-kurse\/%22,%22external-link%22:%22%22%7D%5D\",\"blockId\":\"ZGMQoj\",\"blockUniqueClass\":\"lazyblock-teaser-ZGMQoj\"} \/-->\n\n<!-- wp:lazyblock\/header {\"image\":\"%7B%22alt%22:%22%22,%22title%22:%22141212-computer-submitted%22,%22caption%22:%22%22,%22description%22:%22%22,%22id%22:1704,%22link%22:%22https:\/\/futurecoders.ch\/de\/141212-computer-submitted\/%22,%22url%22:%22https:\/\/futurecoders.ch\/wordpress\/wp-content\/uploads\/141212-computer-submitted.jpg%22,%22sizes%22:%7B%22thumbnail%22:%7B%22url%22:%22https:\/\/futurecoders.ch\/wordpress\/wp-content\/uploads\/141212-computer-submitted-200x133.jpg%22,%22height%22:133,%22width%22:200,%22orientation%22:%22landscape%22%7D,%22full%22:%7B%22url%22:%22https:\/\/futurecoders.ch\/wordpress\/wp-content\/uploads\/141212-computer-submitted.jpg%22,%22height%22:647,%22width%22:970,%22orientation%22:%22landscape%22%7D,%22team-thumb%22:%7B%22url%22:%22https:\/\/futurecoders.ch\/wordpress\/wp-content\/uploads\/141212-computer-submitted-400x400.jpg%22,%22height%22:400,%22width%22:400,%22orientation%22:%22landscape%22%7D%7D%7D\",\"title\":\"D\u00e9couvre le monde de l'apprentissage ICT chez PWC\",\"text\":\"Tu veux en savoir plus sur les places d'apprentissage et les carri\u00e8res dans l'informatique et tu as entre 14 et 18 ans ?\\u003cbr\\u003eAlors tu es au bon endroit ! Ce printemps, Futurecoders t'offre la possibilit\u00e9 de d\u00e9couvrir le monde des TIC en collaboration avec PwC.\",\"button-url\":\"https:\/\/futurecoders.ch\/fr\/cours-camps\/weitere-kurse\/\",\"button-label\":\"Plus d'infos\",\"blockId\":\"PppEs\",\"blockUniqueClass\":\"lazyblock-header-PppEs\"} \/-->\n\n<!-- wp:lazyblock\/content {\"image\":\"%7B%22alt%22:%22%22,%22title%22:%22FutureCoders-26-2%22,%22caption%22:%22%22,%22description%22:%7B%22raw%22:%22%22,%22rendered%22:%22%3Cp%20class=%5C%22attachment%5C%22%3E%3Ca%20href='https:\/\/futurecoders.ch\/wordpress\/wp-content\/uploads\/FutureCoders-26-2-scaled.jpg'%3E%3Cimg%20loading=%5C%22lazy%5C%22%20width=%5C%221024%5C%22%20height=%5C%22577%5C%22%20src=%5C%22https:\/\/futurecoders.ch\/wordpress\/wp-content\/uploads\/FutureCoders-26-2-1024x577.jpg%5C%22%20class=%5C%22attachment-medium%20size-medium%5C%22%20alt=%5C%22%5C%22%20decoding=%5C%22async%5C%22%20srcset=%5C%22https:\/\/futurecoders.ch\/wordpress\/wp-content\/uploads\/FutureCoders-26-2-1024x577.jpg%201024w,%20https:\/\/futurecoders.ch\/wordpress\/wp-content\/uploads\/FutureCoders-26-2-2048x1154.jpg%202048w,%20https:\/\/futurecoders.ch\/wordpress\/wp-content\/uploads\/FutureCoders-26-2-200x113.jpg%20200w,%20https:\/\/futurecoders.ch\/wordpress\/wp-content\/uploads\/FutureCoders-26-2-768x433.jpg%20768w,%20https:\/\/futurecoders.ch\/wordpress\/wp-content\/uploads\/FutureCoders-26-2-1536x866.jpg%201536w%5C%22%20sizes=%5C%22(max-width:%201024px)%20100vw,%201024px%5C%22%20\/%3E%3C\/a%3E%3C\/p%3E%5Cn%22%7D,%22id%22:2130,%22link%22:%22https:\/\/futurecoders.ch\/de\/start-2\/attachment\/futurecoders-26-2\/%22,%22url%22:%22https:\/\/futurecoders.ch\/wordpress\/wp-content\/uploads\/FutureCoders-26-2-scaled.jpg%22,%22sizes%22:%22%22%7D\",\"image-aligment\":\"\",\"titel\":\"Notre mission\",\"text\":\"Entr\u00e9e en informatique pour les jeunes ayant fui leur pays ou issus de milieux peu ais\u00e9s.\\nNous permettons aux jeunes de 13 \u00e0 18 ans d'acqu\u00e9rir une premi\u00e8re exp\u00e9rience en programmation, en d\u00e9veloppement web et en conception de jeux vid\u00e9o. Nous le faisons dans le cadre de cours et de camps de vacances. Pendant le temps pass\u00e9 ensemble, nous ne transmettons pas seulement des connaissances, mais aussi de la joie et de la curiosit\u00e9 pour les m\u00e9tiers de l'informatique. Nous voulons \u00e9veiller l'int\u00e9r\u00eat des jeunes pour le num\u00e9rique et augmenter ainsi leurs chances dans la vie professionnelle. L'offre s'adresse principalement aux personnes ayant fui leur pays et aux jeunes issus de milieux peu ais\u00e9s.\",\"blockId\":\"1zLyR9\",\"blockUniqueClass\":\"lazyblock-content-1zLyR9\"} \/-->\n\n<!-- wp:lazyblock\/testimonial {\"show-random\":\"student\",\"blockId\":\"1VJmaf\",\"blockUniqueClass\":\"lazyblock-testimonial-1VJmaf\"} \/-->\n\n<!-- wp:lazyblock\/course-list {\"title\":\"O\u00f9 \\u0026 quand\",\"subtitle\":\"Trouve le cours qui te convient\",\"layout\":\"grid\",\"id\":\"course-list\",\"filter-by-type\":\"all\",\"blockId\":\"JoTOR\",\"blockUniqueClass\":\"lazyblock-course-list-JoTOR\"} \/-->\n\n<!-- wp:lazyblock\/testimonial {\"show-random\":\"teacher\",\"blockId\":\"Z1UpG8O\",\"blockUniqueClass\":\"lazyblock-testimonial-Z1UpG8O\"} \/-->\n\n<!-- wp:lazyblock\/logos {\"title\":\"Partner\",\"blockId\":\"wN2xl\",\"blockUniqueClass\":\"lazyblock-logos-wN2xl\"} \/-->\n\n<!-- wp:paragraph -->\n<p><\/p>\n<!-- \/wp:paragraph -->","_fr_post_name":"","_fr_post_excerpt":"","_fr_post_title":"Start","_en_post_content":"","_en_post_name":"","_en_post_excerpt":"","_en_post_title":"","edit_language":"en","footnotes":""},"class_list":["post-710","page","type-page","status-publish","hentry"],"_links":{"self":[{"href":"https:\/\/futurecoders.ch\/en\/wp-json\/wp\/v2\/pages\/710","targetHints":{"allow":["GET"]}}],"collection":[{"href":"https:\/\/futurecoders.ch\/en\/wp-json\/wp\/v2\/pages"}],"about":[{"href":"https:\/\/futurecoders.ch\/en\/wp-json\/wp\/v2\/types\/page"}],"author":[{"embeddable":true,"href":"https:\/\/futurecoders.ch\/en\/wp-json\/wp\/v2\/users\/1"}],"replies":[{"embeddable":true,"href":"https:\/\/futurecoders.ch\/en\/wp-json\/wp\/v2\/comments?post=710"}],"version-history":[{"count":91,"href":"https:\/\/futurecoders.ch\/en\/wp-json\/wp\/v2\/pages\/710\/revisions"}],"predecessor-version":[{"id":2323,"href":"https:\/\/futurecoders.ch\/en\/wp-json\/wp\/v2\/pages\/710\/revisions\/2323"}],"wp:attachment":[{"href":"https:\/\/futurecoders.ch\/en\/wp-json\/wp\/v2\/media?parent=710"}],"curies":[{"name":"wp","href":"https:\/\/api.w.org\/{rel}","templated":true}]}}