{"id":2387,"date":"2025-01-24T10:31:35","date_gmt":"2025-01-24T09:31:35","guid":{"rendered":"https:\/\/futurecoders.ch\/?page_id=2387"},"modified":"2025-01-30T09:30:30","modified_gmt":"2025-01-30T08:30:30","slug":"","status":"publish","type":"page","link":"https:\/\/futurecoders.ch\/en\/fuer-firmen\/","title":{"rendered":"","raw":""},"content":{"rendered":"","protected":false,"raw":""},"excerpt":{"rendered":"","protected":false,"raw":""},"author":1,"featured_media":0,"parent":0,"menu_order":0,"comment_status":"closed","ping_status":"closed","template":"","meta":{"inline_featured_image":false,"_de_post_content":"<!-- wp:lazyblock\/header {\"image\":\"%7B%22alt%22:%22%22,%22title%22:%22IMG_8637%20(1)%22,%22caption%22:%22%22,%22description%22:%22%22,%22id%22:2388,%22link%22:%22https:\/\/futurecoders.ch\/de\/?attachment_id=2388%22,%22url%22:%22https:\/\/futurecoders.ch\/wordpress\/wp-content\/uploads\/IMG_8637-1.jpg%22,%22sizes%22:%7B%22thumbnail%22:%7B%22url%22:%22https:\/\/futurecoders.ch\/wordpress\/wp-content\/uploads\/IMG_8637-1-200x150.jpg%22,%22height%22:150,%22width%22:200,%22orientation%22:%22landscape%22%7D,%22medium%22:%7B%22url%22:%22https:\/\/futurecoders.ch\/wordpress\/wp-content\/uploads\/IMG_8637-1-1024x768.jpg%22,%22height%22:768,%22width%22:1024,%22orientation%22:%22landscape%22%7D,%22full%22:%7B%22url%22:%22https:\/\/futurecoders.ch\/wordpress\/wp-content\/uploads\/IMG_8637-1.jpg%22,%22height%22:960,%22width%22:1280,%22orientation%22:%22landscape%22%7D%7D%7D\",\"title\":\"K\u00fcnftige Talente im IT-Bereich ausbilden\",\"text\":\"Wir bieten schweizweit kostenlose IT-Kurse f\u00fcr Jugendliche mit Fl\u00fcchtlings- oder Migrationshintergrund sowie aus einkommensschwachen Familien an. J\u00e4hrlich absolvieren \u00fcber 300 Teilnehmende das Programm. Die 10 motiviertesten Jugendlichen in der Romandie und der Deutschschweiz werden in einem Auswahlverfahren f\u00fcr ein 5-t\u00e4giges Programm ausgew\u00e4hlt, das Soft Skills vermittelt und auf die IT-Berufswelt vorbereitet. Mit pers\u00f6nlicher Unterst\u00fctzung schaffen wir eine solide Grundlage f\u00fcr ihre IT-Karriere.Wenn du und deine Firma Jugendliche auf ihrem Weg in die IT-Berufswelt unterst\u00fctzen m\u00f6chten findet ihr hier M\u00f6glichkeiten dies zu tun.\",\"button-label\":\"Jetzt Jugendliche unterst\u00fctzen\",\"button-url\":\"https:\/\/airtable.com\/appWm4hiiBnQCHgaY\/shrZbJ1jlDIcyrAyw\",\"blockId\":\"Z2x5NWa\",\"blockUniqueClass\":\"lazyblock-header-Z2x5NWa\"} \/-->\n\n<!-- wp:lazyblock\/teaser {\"title\":\"Wie kann Dein Unternehmen dazu beitragen?\",\"type\":\"grid icons\",\"teaser\":\"%5B%7B%22icon%22:%22#img-ico-mug%22,%22title%22:%22Schnuppertage%20anbieten%22,%22text%22:%22Mache%20den%20Unterschied%20und%20biete%20Schnuppertage%20f%C3%BCr%20unsere%20Futurecoders%20an,%20die%20aufgrund%20fehlender%20Netzwerke%20oft%20Schwierigkeiten%20haben,%20solche%20Einblicke%20zu%20erhalten.%22,%22link-text%22:%22Interessiert%22,%22link-url%22:%22https:\/\/airtable.com\/appWm4hiiBnQCHgaY\/shrZbJ1jlDIcyrAyw%22,%22external-link%22:%22%22%7D,%7B%22icon%22:%22#img-ico-diploma%22,%22title%22:%22Lehrstelle%20erm%C3%B6glichen%22,%22text%22:%22%C3%96ffne%20Deine%20T%C3%BCren%20f%C3%BCr%20einzigartige%20Bewerber%20%E2%80%93%20unsere%20Future%20Talents%20%E2%80%93,%20die%20Vielfalt,%20Motivation%20und%20frische%20Perspektiven%20in%20Dein%20Team%20bringen%20und%20auf%20eine%20Chance%20zum%20Einstieg%20angewiesen%20sind.%3Cbr%3E%22,%22link-text%22:%22Interessiert%22,%22link-url%22:%22https:\/\/airtable.com\/appWm4hiiBnQCHgaY\/shrZbJ1jlDIcyrAyw%22,%22external-link%22:%22%22%7D,%7B%22icon%22:%22#img-ico-webdev%22,%22title%22:%22(Corporate)%20Volunteering%22,%22text%22:%22Unterst%C3%BCtze%20unsere%20Teilnehmer,%20indem%20du%20ihnen%20hilfst,%20ihre%20Lebensl%C3%A4ufe%20und%20Anschreiben%20zu%20verfeinern,%20oder%20sie%20als%20Mentor%20auf%20ihrem%20IT-Karrierepfad%20begleitest.%22,%22link-text%22:%22Interessiert%22,%22link-url%22:%22https:\/\/airtable.com\/appWm4hiiBnQCHgaY\/shrZbJ1jlDIcyrAyw%22,%22external-link%22:%22%22%7D,%7B%22icon%22:%22#img-ico-unity%22,%22title%22:%22Spende%20f%C3%BCr%20das%20Programm%22,%22text%22:%22Deine%20finanziellen%20Beitr%C3%A4ge%20helfen,%20unsere%20Wirkung%20aufrechtzuerhalten%20und%20auszuweiten,%20damit%20mehr%20junge%20Menschen%20mit%20eine%20bessere%20Zukunft%20im%20IT-Bereich%20aufbauen%20k%C3%B6nnen.%22,%22link-text%22:%22Interessiert%22,%22link-url%22:%22https:\/\/airtable.com\/appWm4hiiBnQCHgaY\/shrZbJ1jlDIcyrAyw%22,%22external-link%22:%22target=%5C%22_blank%5C%22%22%7D%5D\",\"blockId\":\"Z11B47a\",\"blockUniqueClass\":\"lazyblock-teaser-Z11B47a\"} \/-->\n\n<!-- wp:lazyblock\/teaser {\"title\":\"Warum eine Partnerschaft mit uns?\",\"type\":\"grid icons\",\"teaser\":\"%5B%7B%22icon%22:%22#img-ico-handshake%22,%22title%22:%22Vielf%C3%A4ltige%20und%20motivierte%20Talente%22,%22text%22:%22Unsere%20Futurecoders%20bringen%20nicht%20nur%20neue%20Perspektiven%20mit,%20sondern%20sind%20%C3%A4usserts%20engagiert%20und%20bereit,%20sich%20mit%20voller%20Energie%20einzubringen.%22,%22link-text%22:%22%22,%22link-url%22:%22%22,%22external-link%22:%22%22%7D,%7B%22icon%22:%22#img-ico-handshake%22,%22title%22:%22Resilienz%20und%20Lernbereitschaft%22,%22text%22:%22Unsere%20Teilnehmenden%20haben%20durch%20ihre%20Erfahrungen%20eine%20au%C3%9Fergew%C3%B6hnliche%20Resilienz%20und%20Lernbereitschaft%20entwickelt%20%E2%80%93%20ideal%20f%C3%BCr%20die%20dynamische%20IT-Branche.%22,%22link-text%22:%22%22,%22link-url%22:%22%22,%22external-link%22:%22%22%7D,%7B%22icon%22:%22#img-ico-handshake%22,%22title%22:%22Innovation%20und%20Inklusion%20f%C3%B6rdern%22,%22text%22:%22Unterst%C3%BCtze%20Talente,%20die%20unkonventionelle%20Wege%20gehen%20und%20durch%20Flexibilit%C3%A4t,%20Entschlossenheit%20und%20Probleml%C3%B6sungsf%C3%A4higkeit%20%C3%BCberzeugen.%22,%22link-text%22:%22%22,%22link-url%22:%22%22,%22external-link%22:%22%22%7D,%7B%22icon%22:%22#img-ico-handshake%22,%22title%22:%22Sozialer%20Beitrag%22,%22text%22:%22Trage%20aktiv%20zur%20Integration%20junger%20Menschen%20mit%20Fl%C3%BCchtlings-%20und%20Migrationshintergrund%20bei%20und%20f%C3%B6rdere%20damit%20eine%20inklusivere%20Belegschaft%20und%20Gesellschaft.%22,%22link-text%22:%22%22,%22link-url%22:%22%22,%22external-link%22:%22target=%5C%22_blank%5C%22%22%7D%5D\",\"blockId\":\"2vDBsE\",\"blockUniqueClass\":\"lazyblock-teaser-2vDBsE\"} \/-->\n\n<!-- wp:lazyblock\/header {\"image\":\"%7B%22alt%22:%22%22,%22title%22:%22futurecoders-participants-4%22,%22caption%22:%22%22,%22description%22:%22%22,%22id%22:2240,%22link%22:%22https:\/\/futurecoders.ch\/de\/futurecoders-participants-4\/%22,%22url%22:%22https:\/\/futurecoders.ch\/wordpress\/wp-content\/uploads\/futurecoders-participants-4.jpg%22,%22sizes%22:%7B%22thumbnail%22:%7B%22url%22:%22https:\/\/futurecoders.ch\/wordpress\/wp-content\/uploads\/futurecoders-participants-4-200x153.jpg%22,%22height%22:153,%22width%22:200,%22orientation%22:%22landscape%22%7D,%22medium%22:%7B%22url%22:%22https:\/\/futurecoders.ch\/wordpress\/wp-content\/uploads\/futurecoders-participants-4-1024x782.jpg%22,%22height%22:782,%22width%22:1024,%22orientation%22:%22landscape%22%7D,%22full%22:%7B%22url%22:%22https:\/\/futurecoders.ch\/wordpress\/wp-content\/uploads\/futurecoders-participants-4.jpg%22,%22height%22:997,%22width%22:1306,%22orientation%22:%22landscape%22%7D%7D%7D\",\"title\":\"Jetzt Jugendliche unterst\u00fctzen\",\"button-label\":\"Interesse anmelden\",\"button-url\":\"https:\/\/airtable.com\/appWm4hiiBnQCHgaY\/shrZbJ1jlDIcyrAyw\",\"blockId\":\"1qBQ7K\",\"blockUniqueClass\":\"lazyblock-header-1qBQ7K\"} \/-->\n\n<!-- wp:lazyblock\/header {\"image\":\"%7B%22alt%22:%22Lucy%20Jager%20-%20Futurecoders%20team%22,%22title%22:%22Lucy-Jager-1%22,%22caption%22:%22%22,%22description%22:%22%22,%22id%22:2219,%22link%22:%22https:\/\/futurecoders.ch\/de\/ueber-uns\/attachment\/lucy-jager-1\/%22,%22url%22:%22https:\/\/futurecoders.ch\/wordpress\/wp-content\/uploads\/Lucy-Jager-1-scaled.jpg%22,%22sizes%22:%7B%22thumbnail%22:%7B%22url%22:%22https:\/\/futurecoders.ch\/wordpress\/wp-content\/uploads\/Lucy-Jager-1-200x200.jpg%22,%22height%22:200,%22width%22:200,%22orientation%22:%22landscape%22%7D,%22medium%22:%7B%22url%22:%22https:\/\/futurecoders.ch\/wordpress\/wp-content\/uploads\/Lucy-Jager-1-1024x1024.jpg%22,%22height%22:1024,%22width%22:1024,%22orientation%22:%22landscape%22%7D,%22large%22:%7B%22url%22:%22https:\/\/futurecoders.ch\/wordpress\/wp-content\/uploads\/Lucy-Jager-1-2048x2048.jpg%22,%22height%22:2048,%22width%22:2048,%22orientation%22:%22landscape%22%7D,%22full%22:%7B%22url%22:%22https:\/\/futurecoders.ch\/wordpress\/wp-content\/uploads\/Lucy-Jager-1-scaled.jpg%22,%22height%22:2560,%22width%22:2560,%22orientation%22:%22landscape%22%7D,%221536x1536%22:%7B%22url%22:%22https:\/\/futurecoders.ch\/wordpress\/wp-content\/uploads\/Lucy-Jager-1-1536x1536.jpg%22,%22height%22:1536,%22width%22:1536,%22orientation%22:%22landscape%22%7D,%222048x2048%22:%7B%22url%22:%22https:\/\/futurecoders.ch\/wordpress\/wp-content\/uploads\/Lucy-Jager-1-2048x2048.jpg%22,%22height%22:2048,%22width%22:2048,%22orientation%22:%22landscape%22%7D%7D%7D\",\"title\":\"Hast du weitere Fragen? \",\"button-label\":\"Email an Lucy schreiben\",\"button-url\":\"mailto:lucy.jager@powercoders.org\",\"blockId\":\"2lhIji\",\"blockUniqueClass\":\"lazyblock-header-2lhIji\"} \/-->","_de_post_name":"fuer-firmen","_de_post_excerpt":"","_de_post_title":"F\u00fcr Firmen","_fr_post_content":"<!-- wp:lazyblock\/header {\"image\":\"%7B%22alt%22:%22%22,%22title%22:%22%22,%22caption%22:%22%22,%22description%22:%22%22,%22id%22:2388,%22link%22:%22https:\/\/futurecoders.ch\/fr\/?attachment_id=2388\/%22,%22url%22:%22https:\/\/futurecoders.ch\/wordpress\/wp-content\/uploads\/IMG_8637-1.jpg%22,%22sizes%22:%7B%22thumbnail%22:%7B%22url%22:%22https:\/\/futurecoders.ch\/wordpress\/wp-content\/uploads\/IMG_8637-1-200x150.jpg%22,%22height%22:150,%22width%22:200,%22orientation%22:%22landscape%22%7D,%22medium%22:%7B%22url%22:%22https:\/\/futurecoders.ch\/wordpress\/wp-content\/uploads\/IMG_8637-1-1024x768.jpg%22,%22height%22:768,%22width%22:1024,%22orientation%22:%22landscape%22%7D,%22full%22:%7B%22url%22:%22https:\/\/futurecoders.ch\/wordpress\/wp-content\/uploads\/IMG_8637-1.jpg%22,%22height%22:960,%22width%22:1280,%22orientation%22:%22landscape%22%7D%7D%7D\",\"title\":\"FORMATION DE FUTURS TALENTS DANS LE DOMAINE DE L'INFORMATIQUE\",\"text\":\"Nous offrons des cours d\u2019informatique gratuits \u00e0 travers toute la Suisse pour les jeunes issus de l\u2019immigration, r\u00e9fugi\u00e9s ou venant de familles \u00e0 faibles revenus. Chaque ann\u00e9e, plus de 300 participants terminent notre programme avec succ\u00e8s. Les 10 jeunes les plus motiv\u00e9s de Suisse romande et de Suisse al\u00e9manique sont s\u00e9lectionn\u00e9s dans le cadre d'un processus de s\u00e9lection pour suivre un programme intensif de 5 jours ax\u00e9 sur le d\u00e9veloppement des comp\u00e9tences essentielles et la pr\u00e9paration au monde professionnel dans l\u2019IT. Avec un accompagnement personnalis\u00e9, nous leur offrons une base solide pour r\u00e9ussir leur carri\u00e8re dans la tech.\\u003cbr\\u003eSi ton entreprise souhaite accompagner des jeunes dans leur insertion professionnelle en informatique, plusieurs opportunit\u00e9s de soutien s'offrent \u00e0 toi ici.\",\"button-label\":\"SOUTENIR NOS JEUNES TALENTS\",\"button-url\":\"https:\/\/airtable.com\/appWm4hiiBnQCHgaY\/shrnAW4roBJoJ9JUH\",\"blockId\":\"Z2x5NWa\",\"blockUniqueClass\":\"lazyblock-header-Z2x5NWa\"} \/-->\n\n<!-- wp:lazyblock\/teaser {\"title\":\"Comment ton entreprise peut-elle contribuer ?\",\"type\":\"grid icons\",\"teaser\":\"%5B%7B%22icon%22:%22#img-ico-mug%22,%22title%22:%22Proposer%20des%20journ%C3%A9es%20d%C3%A9couvertes%22,%22text%22:%22Fais%20la%20diff%C3%A9rence%20en%20proposant%20des%20journ%C3%A9es%20d%E2%80%99immersion%20aux%20Futurecoders,%20qui%20rencontrent%20souvent%20des%20difficult%C3%A9s%20%C3%A0%20acc%C3%A9der%20%C3%A0%20de%20telles%20opportunit%C3%A9s%20en%20raison%20de%20l%E2%80%99absence%20de%20r%C3%A9seau.%22,%22link-text%22:%22Int%C3%A9ress%C3%A9%22,%22link-url%22:%22https:\/\/airtable.com\/appWm4hiiBnQCHgaY\/shrnAW4roBJoJ9JUH%22,%22external-link%22:%22%22%7D,%7B%22icon%22:%22#img-ico-diploma%22,%22title%22:%22Opportunit%C3%A9s%20d'entretien%20pour%20un%20apprentissage%22,%22text%22:%22Ouvre%20tes%20portes%20%C3%A0%20des%20talents%20aux%20parcours%20uniques,%20porteurs%20de%20diversit%C3%A9,%20de%20motivation%20et%20de%20nouvelles%20perspectives%20pour%20ton%20%C3%A9quipe,%20et%20offre-leur%20l'opportunit%C3%A9%20de%20d%C3%A9buter.%22,%22link-text%22:%22Int%C3%A9ress%C3%A9%22,%22link-url%22:%22https:\/\/airtable.com\/appWm4hiiBnQCHgaY\/shrnAW4roBJoJ9JUH%22,%22external-link%22:%22%22%7D,%7B%22icon%22:%22#img-ico-webdev%22,%22title%22:%22Corporate%20Volunteering%22,%22text%22:%22Soutiens%20nos%20participants%20en%20les%20aidant%20%C3%A0%20perfectionner%20leur%20CV%20et%20leur%20lettre%20de%20motivation%20ou%20en%20les%20accompagnant%20en%20tant%20que%20mentor%20dans%20leur%20parcours%20vers%20une%20carri%C3%A8re%20en%20IT.%22,%22link-text%22:%22Int%C3%A9ress%C3%A9%22,%22link-url%22:%22https:\/\/airtable.com\/appWm4hiiBnQCHgaY\/shrnAW4roBJoJ9JUH%22,%22external-link%22:%22%22%7D,%7B%22icon%22:%22#img-ico-unity%22,%22title%22:%22%20Faire%20un%20don%20pour%20le%20programme%22,%22text%22:%22Tes%20contributions%20financi%C3%A8res%20nous%20permettent%20de%20maintenir%20et%20d%E2%80%99%C3%A9largir%20notre%20impact,%20afin%20d%E2%80%99offrir%20%C3%A0%20un%20plus%20grand%20nombre%20de%20jeunes%20un%20avenir%20meilleur%20dans%20le%20secteur%20IT.%3Cbr%3E%22,%22link-text%22:%22Int%C3%A9ress%C3%A9%22,%22link-url%22:%22https:\/\/airtable.com\/appWm4hiiBnQCHgaY\/shrnAW4roBJoJ9JUH%22,%22external-link%22:%22target=%5C%22_blank%5C%22%22%7D%5D\",\"blockId\":\"ZxWcUR\",\"blockUniqueClass\":\"lazyblock-teaser-ZxWcUR\"} \/-->\n\n<!-- wp:lazyblock\/teaser {\"title\":\"Pourquoi collaborer avec nous ?\",\"type\":\"grid icons\",\"teaser\":\"%5B%7B%22icon%22:%22#img-ico-handshake%22,%22title%22:%22Des%20talents%20motiv%C3%A9s%20et%20divers%22,%22text%22:%22Nos%20Futurecoders%20apportent%20non%20seulement%20un%20regard%20neuf,%20mais%20aussi%20un%20engagement%20exceptionnel%20et%20une%20forte%20volont%C3%A9%20d%E2%80%99apprentissage.%22,%22link-text%22:%22%22,%22link-url%22:%22%22,%22external-link%22:%22%22%7D,%7B%22icon%22:%22#img-ico-handshake%22,%22title%22:%22%20R%C3%A9silience%20et%20soif%20d%E2%80%99apprendre%22,%22text%22:%22Gr%C3%A2ce%20%C3%A0%20leurs%20exp%C3%A9riences,%20nos%20participants%20ont%20d%C3%A9velopp%C3%A9%20une%20r%C3%A9silience%20hors%20du%20commun%20et%20une%20grande%20capacit%C3%A9%20d%E2%80%99adaptation%20%E2%80%93%20des%20qualit%C3%A9s%20essentielles%20pour%20%C3%A9voluer%20dans%20le%20secteur%20dynamique%20de%20l%E2%80%99IT.%22,%22link-text%22:%22%22,%22link-url%22:%22%22,%22external-link%22:%22%22%7D,%7B%22icon%22:%22#img-ico-handshake%22,%22title%22:%22Encourager%20l%E2%80%99innovation%20et%20l%E2%80%99inclusion%22,%22text%22:%22Soutiens%20des%20talents%20qui%20suivent%20des%20parcours%20atypiques%20et%20se%20d%C3%A9marquent%20par%20leur%20flexibilit%C3%A9,%20leur%20d%C3%A9termination%20et%20leur%20esprit%20de%20r%C3%A9solution%20de%20probl%C3%A8mes.%22,%22link-text%22:%22%22,%22link-url%22:%22%22,%22external-link%22:%22%22%7D,%7B%22icon%22:%22#img-ico-handshake%22,%22title%22:%22Un%20engagement%20social%20fort%22,%22text%22:%22Contribue%20activement%20%C3%A0%20l%E2%80%99int%C3%A9gration%20des%20jeunes%C2%A0issus%20de%20l%E2%80%99immigration,%20r%C3%A9fugi%C3%A9s%20ou%20venant%20de%20familles%20%C3%A0%20faibles%20revenus,%20en%20favorisant%20ainsi%20une%20main-d'%C5%93uvre%20et%20une%20soci%C3%A9t%C3%A9%20plus%20inclusives.%22,%22link-text%22:%22%22,%22link-url%22:%22%22,%22external-link%22:%22target=%5C%22_blank%5C%22%22%7D%5D\",\"blockId\":\"2vDBsE\",\"blockUniqueClass\":\"lazyblock-teaser-2vDBsE\"} \/-->\n\n<!-- wp:lazyblock\/header {\"image\":\"%7B%22alt%22:%22%22,%22title%22:%22%22,%22caption%22:%22%22,%22description%22:%22%22,%22id%22:2212,%22link%22:%22https:\/\/futurecoders.ch\/fr\/ueber-uns\/attachment\/geraldine-zahnd-2\/%22,%22url%22:%22https:\/\/futurecoders.ch\/wordpress\/wp-content\/uploads\/Geraldine-Zahnd-scaled.jpg%22,%22sizes%22:%7B%22thumbnail%22:%7B%22url%22:%22https:\/\/futurecoders.ch\/wordpress\/wp-content\/uploads\/Geraldine-Zahnd-200x200.jpg%22,%22height%22:200,%22width%22:200,%22orientation%22:%22landscape%22%7D,%22medium%22:%7B%22url%22:%22https:\/\/futurecoders.ch\/wordpress\/wp-content\/uploads\/Geraldine-Zahnd-1024x1024.jpg%22,%22height%22:1024,%22width%22:1024,%22orientation%22:%22landscape%22%7D,%22large%22:%7B%22url%22:%22https:\/\/futurecoders.ch\/wordpress\/wp-content\/uploads\/Geraldine-Zahnd-2048x2048.jpg%22,%22height%22:2048,%22width%22:2048,%22orientation%22:%22landscape%22%7D,%22full%22:%7B%22url%22:%22https:\/\/futurecoders.ch\/wordpress\/wp-content\/uploads\/Geraldine-Zahnd-scaled.jpg%22,%22height%22:2560,%22width%22:2560,%22orientation%22:%22landscape%22%7D,%221536x1536%22:%7B%22url%22:%22https:\/\/futurecoders.ch\/wordpress\/wp-content\/uploads\/Geraldine-Zahnd-1536x1536.jpg%22,%22height%22:1536,%22width%22:1536,%22orientation%22:%22landscape%22%7D,%222048x2048%22:%7B%22url%22:%22https:\/\/futurecoders.ch\/wordpress\/wp-content\/uploads\/Geraldine-Zahnd-2048x2048.jpg%22,%22height%22:2048,%22width%22:2048,%22orientation%22:%22landscape%22%7D%7D%7D\",\"title\":\"Prends contact afin de devenir une entreprise partenaire.\",\"button-label\":\"\u00e9crire un Email \u00e0 Geraldine\",\"button-url\":\"mailto:geraldine.zahnd@powercoders.org\",\"blockId\":\"1qBQ7K\",\"blockUniqueClass\":\"lazyblock-header-1qBQ7K\"} \/-->","_fr_post_name":"","_fr_post_excerpt":"","_fr_post_title":"Pour les entreprises","_en_post_content":"","_en_post_name":"","_en_post_excerpt":"","_en_post_title":"","edit_language":"en","footnotes":""},"class_list":["post-2387","page","type-page","status-publish","hentry"],"_links":{"self":[{"href":"https:\/\/futurecoders.ch\/en\/wp-json\/wp\/v2\/pages\/2387","targetHints":{"allow":["GET"]}}],"collection":[{"href":"https:\/\/futurecoders.ch\/en\/wp-json\/wp\/v2\/pages"}],"about":[{"href":"https:\/\/futurecoders.ch\/en\/wp-json\/wp\/v2\/types\/page"}],"author":[{"embeddable":true,"href":"https:\/\/futurecoders.ch\/en\/wp-json\/wp\/v2\/users\/1"}],"replies":[{"embeddable":true,"href":"https:\/\/futurecoders.ch\/en\/wp-json\/wp\/v2\/comments?post=2387"}],"version-history":[{"count":49,"href":"https:\/\/futurecoders.ch\/en\/wp-json\/wp\/v2\/pages\/2387\/revisions"}],"predecessor-version":[{"id":2459,"href":"https:\/\/futurecoders.ch\/en\/wp-json\/wp\/v2\/pages\/2387\/revisions\/2459"}],"wp:attachment":[{"href":"https:\/\/futurecoders.ch\/en\/wp-json\/wp\/v2\/media?parent=2387"}],"curies":[{"name":"wp","href":"https:\/\/api.w.org\/{rel}","templated":true}]}}