{"id":229,"date":"2022-02-16T07:51:38","date_gmt":"2022-02-16T06:51:38","guid":{"rendered":"https:\/\/futurecoders.susanne-koenig.ch\/?page_id=229"},"modified":"2025-02-18T10:05:10","modified_gmt":"2025-02-18T09:05:10","slug":"","status":"publish","type":"page","link":"https:\/\/futurecoders.ch\/en\/kurse-camps\/video-game-design\/","title":{"rendered":"","raw":""},"content":{"rendered":"","protected":false,"raw":""},"excerpt":{"rendered":"","protected":false,"raw":""},"author":1,"featured_media":0,"parent":38,"menu_order":1,"comment_status":"closed","ping_status":"closed","template":"","meta":{"inline_featured_image":false,"_de_post_content":"<!-- wp:lazyblock\/header {\"image\":\"%7B%22alt%22:%22%22,%22title%22:%22FutureCoders-4%22,%22caption%22:%22%22,%22description%22:%7B%22raw%22:%22%22,%22rendered%22:%22%3Cp%20class=%5C%22attachment%5C%22%3E%3Ca%20href='https:\/\/futurecoders.susanne-koenig.ch\/wordpress\/wp-content\/uploads\/FutureCoders-4-scaled.jpg'%3E%3Cimg%20width=%5C%221024%5C%22%20height=%5C%22577%5C%22%20src=%5C%22https:\/\/futurecoders.susanne-koenig.ch\/wordpress\/wp-content\/uploads\/FutureCoders-4-1024x577.jpg%5C%22%20class=%5C%22attachment-medium%20size-medium%5C%22%20alt=%5C%22%5C%22%20loading=%5C%22lazy%5C%22%20srcset=%5C%22https:\/\/futurecoders.susanne-koenig.ch\/wordpress\/wp-content\/uploads\/FutureCoders-4-1024x577.jpg%201024w,%20https:\/\/futurecoders.susanne-koenig.ch\/wordpress\/wp-content\/uploads\/FutureCoders-4-2048x1154.jpg%202048w,%20https:\/\/futurecoders.susanne-koenig.ch\/wordpress\/wp-content\/uploads\/FutureCoders-4-200x113.jpg%20200w,%20https:\/\/futurecoders.susanne-koenig.ch\/wordpress\/wp-content\/uploads\/FutureCoders-4-768x433.jpg%20768w,%20https:\/\/futurecoders.susanne-koenig.ch\/wordpress\/wp-content\/uploads\/FutureCoders-4-1536x866.jpg%201536w%5C%22%20sizes=%5C%22(max-width:%201024px)%20100vw,%201024px%5C%22%20\/%3E%3C\/a%3E%3C\/p%3E%5Cn%22%7D,%22id%22:279,%22link%22:%22https:\/\/futurecoders.susanne-koenig.ch\/de\/kurse-camps\/video-game-design\/futurecoders-4\/%22,%22url%22:%22https:\/\/futurecoders.susanne-koenig.ch\/wordpress\/wp-content\/uploads\/FutureCoders-4-scaled.jpg%22,%22sizes%22:%22%22%7D\",\"title\":\"Video Game Design Kurse\",\"text\":\"\\u003cbr\\u003e\\u003cstrong\\u003eBaue dein eigenes Video Game\\u003c\/strong\\u003e\\u003cbr\\u003e\\u003cbr\\u003e\\u003cstrong\\u003eAlter: \\u003c\/strong\\u003e13 - 18 \\u003cbr\\u003e\\u003cstrong\\u003eDauer:\\u003c\/strong\\u003e 15 Stunden\\u003cbr\\u003e\\u003cstrong\\u003eKosten\\u003c\/strong\\u003e:   \\u003cbr\\u003e0 CHF f\u00fcr junge Gefl\u00fcchtete und Jugendliche aus einem Umfeld mit wenig Geld.\\u003cbr\\u003e325 CHF f\u00fcr andere Teilnehmende.\",\"blockId\":\"1MxY61\",\"blockUniqueClass\":\"lazyblock-header-1MxY61\"} \/-->\n\n<!-- wp:lazyblock\/teaser {\"title\":\"Vorteile des Kurses Video Game Design\",\"hide-title\":\"visuallyhidden\",\"type\":\"grid icons\",\"teaser\":\"%5B%7B%22title%22:%22EIGENES%20VIDEO%20GAME%22,%22text%22:%22Du%20entwickelst%20dein%20eigenes%20Video%20Game.%20Am%20Ende%20kannst%20du%20dein%20Projekt%20auch%20Freunden%20und%20Familie%20zeigen.%22,%22icon%22:%22#img-ico-game%22%7D,%7B%22text%22:%22Du%20lernst%20die%20Entwicklungs-Plattform%20Unity%20kennen%20und%20wie%20du%20damit%20Video%20Games%20erstellst.%20Zus%C3%A4tzlich%20machst%20du%20erste%20Schritte%20im%20Programmieren.%22,%22title%22:%22VIEL%20WISSEN%22,%22icon%22:%22#img-ico-unity%22%7D,%7B%22icon%22:%22#img-ico-diploma%22,%22title%22:%22EIN%20DIPLOM%22,%22text%22:%22Nach%20dem%20Kurs%20erh%C3%A4ltst%20du%20ein%20Diplom.%20Dieses%20kannst%20du%20deinen%20Bewerbungen%20beilegen.%20Zudem%20erf%C3%A4hrst%20du%20spannendes%20rund%20um%20die%20Berufe%20in%20der%20IT-Branche.%22%7D%5D\",\"blockId\":\"ZBPVie\",\"blockUniqueClass\":\"lazyblock-teaser-ZBPVie\"} \/-->\n\n<!-- wp:lazyblock\/video {\"mp4\":\"%7B%22alt%22:%22%22,%22title%22:%22FutureCoders_DE_Promo_Sub_big-1%22,%22caption%22:%22%22,%22id%22:1468,%22link%22:%22https:\/\/futurecoders.ch\/de\/kurse-camps\/video-game-design\/attachment\/futurecoders_de_promo_sub_big-1\/%22,%22url%22:%22https:\/\/futurecoders.ch\/wordpress\/wp-content\/uploads\/FutureCoders_DE_Promo_Sub_big-1.mp4%22%7D\",\"ogv\":\"%7B%22alt%22:%22%22,%22title%22:%22FutureCoders_DE_Promo_Sub_big.oggtheora-1%22,%22caption%22:%22%22,%22id%22:1469,%22link%22:%22https:\/\/futurecoders.ch\/de\/kurse-camps\/video-game-design\/attachment\/futurecoders_de_promo_sub_big-oggtheora-1\/%22,%22url%22:%22https:\/\/futurecoders.ch\/wordpress\/wp-content\/uploads\/FutureCoders_DE_Promo_Sub_big.oggtheora-1.ogv%22%7D\",\"webm\":\"%7B%22alt%22:%22%22,%22title%22:%22FutureCoders_DE_Promo_Sub_big-1.webmhd-1%22,%22caption%22:%22%22,%22id%22:1470,%22link%22:%22https:\/\/futurecoders.ch\/de\/kurse-camps\/video-game-design\/attachment\/futurecoders_de_promo_sub_big-1-webmhd-1\/%22,%22url%22:%22https:\/\/futurecoders.ch\/wordpress\/wp-content\/uploads\/FutureCoders_DE_Promo_Sub_big-1.webmhd-1.webm%22%7D\",\"img\":\"%7B%22alt%22:%22%22,%22title%22:%22FutureCoders_DE_Promo_Sub_big.mp4-1%22,%22caption%22:%22%22,%22description%22:%7B%22raw%22:%22%22,%22rendered%22:%22%3Cp%20class=%5C%22attachment%5C%22%3E%3Ca%20href='https:\/\/futurecoders.ch\/wordpress\/wp-content\/uploads\/FutureCoders_DE_Promo_Sub_big.mp4-1.png'%3E%3Cimg%20width=%5C%221024%5C%22%20height=%5C%221024%5C%22%20src=%5C%22https:\/\/futurecoders.ch\/wordpress\/wp-content\/uploads\/FutureCoders_DE_Promo_Sub_big.mp4-1-1024x1024.png%5C%22%20class=%5C%22attachment-medium%20size-medium%5C%22%20alt=%5C%22%5C%22%20decoding=%5C%22async%5C%22%20loading=%5C%22lazy%5C%22%20srcset=%5C%22https:\/\/futurecoders.ch\/wordpress\/wp-content\/uploads\/FutureCoders_DE_Promo_Sub_big.mp4-1-1024x1024.png%201024w,%20https:\/\/futurecoders.ch\/wordpress\/wp-content\/uploads\/FutureCoders_DE_Promo_Sub_big.mp4-1-200x200.png%20200w,%20https:\/\/futurecoders.ch\/wordpress\/wp-content\/uploads\/FutureCoders_DE_Promo_Sub_big.mp4-1-768x768.png%20768w,%20https:\/\/futurecoders.ch\/wordpress\/wp-content\/uploads\/FutureCoders_DE_Promo_Sub_big.mp4-1-1536x1536.png%201536w,%20https:\/\/futurecoders.ch\/wordpress\/wp-content\/uploads\/FutureCoders_DE_Promo_Sub_big.mp4-1.png%201920w%5C%22%20sizes=%5C%22(max-width:%201024px)%20100vw,%201024px%5C%22%20\/%3E%3C\/a%3E%3C\/p%3E%5Cn%22%7D,%22id%22:1471,%22link%22:%22https:\/\/futurecoders.ch\/de\/kurse-camps\/video-game-design\/attachment\/futurecoders_de_promo_sub_big-mp4-1\/%22,%22url%22:%22https:\/\/futurecoders.ch\/wordpress\/wp-content\/uploads\/FutureCoders_DE_Promo_Sub_big.mp4-1.png%22,%22sizes%22:%22%22%7D\",\"blockId\":\"ZNC4m7\",\"blockUniqueClass\":\"lazyblock-video-ZNC4m7\"} \/-->\n\n<!-- wp:lazyblock\/testimonial {\"show-random\":\"student\",\"filter-by-course_name\":\"game\",\"blockId\":\"Z1cCE7l\",\"blockUniqueClass\":\"lazyblock-testimonial-Z1cCE7l\"} \/-->\n\n<!-- wp:lazyblock\/course-list {\"title\":\"Wo \\u0026 wann\",\"subtitle\":\"Finde den passenden Kurs\",\"layout\":\"table\",\"filter-by-name\":\"Video Game Design\",\"blockId\":\"D0B3h\",\"blockUniqueClass\":\"lazyblock-course-list-D0B3h\"} \/-->\n\n<!-- wp:lazyblock\/testimonial {\"show-random\":\"teacher\",\"filter-by-course_name\":\"game\",\"blockId\":\"Z2t7IEa\",\"blockUniqueClass\":\"lazyblock-testimonial-Z2t7IEa\"} \/-->\n\n<!-- wp:lazyblock\/header {\"image\":\"%7B%22alt%22:%22Migranten%20\\u0026%20Gefl%C3%BCchtete%20beim%20Futurecoders%20Kurs%22,%22title%22:%22%22,%22caption%22:%22%22,%22description%22:%22%22,%22id%22:70,%22link%22:%22https:\/\/futurecoders.ch\/de\/futurecoders-5\/%22,%22url%22:%22https:\/\/futurecoders.ch\/wordpress\/wp-content\/uploads\/FutureCoders-5-scaled.jpg%22,%22sizes%22:%7B%22thumbnail%22:%7B%22height%22:113,%22width%22:200,%22url%22:%22https:\/\/futurecoders.ch\/wordpress\/wp-content\/uploads\/FutureCoders-5-200x113.jpg%22,%22orientation%22:%22landscape%22%7D,%22medium%22:%7B%22height%22:577,%22width%22:1024,%22url%22:%22https:\/\/futurecoders.ch\/wordpress\/wp-content\/uploads\/FutureCoders-5-1024x577.jpg%22,%22orientation%22:%22landscape%22%7D,%22large%22:%7B%22height%22:1154,%22width%22:2048,%22url%22:%22https:\/\/futurecoders.ch\/wordpress\/wp-content\/uploads\/FutureCoders-5-2048x1154.jpg%22,%22orientation%22:%22landscape%22%7D,%22full%22:%7B%22url%22:%22https:\/\/futurecoders.ch\/wordpress\/wp-content\/uploads\/FutureCoders-5-scaled.jpg%22,%22height%22:1443,%22width%22:2560,%22orientation%22:%22landscape%22%7D%7D%7D\",\"title\":\"TIPPS VON EXPERT*INNEN\",\"text\":\"\\u003cbr\\u003e\\u003cstrong\\u003eEinblick in die IT Berufswelt\\u003c\/strong\\u003e\\u003cbr\\u003e\\u003cbr\\u003eIm Kurs besuchen uns Lernende und Menschen, welche Jugendliche in den Unternehmen ausbilden. Sie erz\u00e4hlen \u00fcber ihren Berufsalltag und geben hilfreiche Tipps f\u00fcr die Lehrstellen-Suche. Zum Beispiel, was bei einer Bewerbung wichtig ist.\",\"blockId\":\"Z29dw4h\",\"blockUniqueClass\":\"lazyblock-header-Z29dw4h\"} \/-->","_de_post_name":"video-game-design","_de_post_excerpt":"","_de_post_title":"Video Game Design","_fr_post_content":"<!-- wp:lazyblock\/header {\"image\":\"%7B%22alt%22:%22%22,%22title%22:%22%22,%22caption%22:%22%22,%22description%22:%22%22,%22id%22:2241,%22link%22:%22https:\/\/futurecoders.ch\/fr\/futurecoders-participants-5\/%22,%22url%22:%22https:\/\/futurecoders.ch\/wordpress\/wp-content\/uploads\/futurecoders-participants-5.jpg%22,%22sizes%22:%7B%22thumbnail%22:%7B%22url%22:%22https:\/\/futurecoders.ch\/wordpress\/wp-content\/uploads\/futurecoders-participants-5-200x133.jpg%22,%22height%22:133,%22width%22:200,%22orientation%22:%22landscape%22%7D,%22medium%22:%7B%22url%22:%22https:\/\/futurecoders.ch\/wordpress\/wp-content\/uploads\/futurecoders-participants-5-1024x682.jpg%22,%22height%22:682,%22width%22:1024,%22orientation%22:%22landscape%22%7D,%22full%22:%7B%22url%22:%22https:\/\/futurecoders.ch\/wordpress\/wp-content\/uploads\/futurecoders-participants-5.jpg%22,%22height%22:1066,%22width%22:1600,%22orientation%22:%22landscape%22%7D,%221536x1536%22:%7B%22url%22:%22https:\/\/futurecoders.ch\/wordpress\/wp-content\/uploads\/futurecoders-participants-5-1536x1023.jpg%22,%22height%22:1023,%22width%22:1536,%22orientation%22:%22landscape%22%7D%7D%7D\",\"title\":\"Apprends \u00e0 concevoir des jeux vid\u00e9o\",\"text\":\"Con\u00e7ois ton propre jeu vid\u00e9o et d\u00e9couvre Unity comme langage de programmation.\\u003cbr\\u003e\\u003cstrong\\u003e\u00c2ge :\\u003c\/strong\\u003e 13 - 20 ans\\u003cbr\\u003e\\u003cstrong\\u003eDur\u00e9e :\\u003c\/strong\\u003e 8 x 2 heures\\u003cbr\\u003e\\u003cstrong\\u003eCo\u00fbts \\u003c\/strong\\u003e: Gratuit pour les jeunes r\u00e9fugi\u00e9s et les jeunes disposant de peu de moyens financiers.\u00a0\\u003cbr\\u003e325 CHF pour les autres participants.\",\"button-label\":\"S'inscrire maintenant\",\"blockId\":\"Z13MetX\",\"blockUniqueClass\":\"lazyblock-header-Z13MetX\"} \/-->\n\n<!-- wp:lazyblock\/teaser {\"title\":\"Avantages du cours de conception de jeux vid\u00e9o\",\"type\":\"grid icons\",\"teaser\":\"%5B%7B%22title%22:%22Ton%20propre%20jeu%22,%22text%22:%22Tu%20as%20toujours%20voulu%20savoir%20comment%20d%C3%A9velopper%20un%20jeu%20vid%C3%A9o%20?%20Tu%20l'apprendras%20dans%20ce%20cours%20et%20tu%20d%C3%A9velopperas%20ton%20propre%20jeu%20vid%C3%A9o%20que%20tu%20pourras%20montrer%20%C3%A0%20tes%20amis*%20et%20%C3%A0%20ta%20famille%20une%20fois%20rentr%C3%A9%20chez%20toi.%22,%22icon%22:%22#img-ico-game%22%7D,%7B%22text%22:%22Tu%20comprends%20comment%20les%20jeux%20vid%C3%A9o%20sont%20d%C3%A9velopp%C3%A9s%20%C3%A0%20l'aide%20du%20programme%20de%20jeu%20professionnel%20Unity%20et%20tu%20apprends%20%C3%A0%20les%20concevoir.%20Tu%20apprendras%20%C3%A9galement%20les%20premiers%20pas%20en%20programmation.%22,%22title%22:%22Ce%20que%20tu%20apprends%22,%22icon%22:%22#img-ico-unity%22%7D,%7B%22icon%22:%22#img-ico-diploma%22,%22title%22:%22Obtiens%20un%20dipl%C3%B4me%22,%22text%22:%22Pour%20ton%20dossier%20de%20candidature,%20tu%20recevras%20un%20dipl%C3%B4me%20%C3%A0%20la%20fin%20du%20cours.%20De%20plus,%20nous%20te%20donnerons%20un%20aper%C3%A7u%20des%20diff%C3%A9rents%20m%C3%A9tiers%20du%20secteur%20des%20TIC.%22%7D%5D\",\"blockId\":\"ZcpYH2\",\"blockUniqueClass\":\"lazyblock-teaser-ZcpYH2\"} \/-->\n\n<!-- wp:lazyblock\/testimonial {\"show-random\":\"student\",\"filter-by-course_name\":\"game\",\"blockId\":\"ZCQt4a\",\"blockUniqueClass\":\"lazyblock-testimonial-ZCQt4a\"} \/-->\n\n<!-- wp:lazyblock\/course-list {\"title\":\"O\u00f9 \\u0026 quand\",\"subtitle\":\"Trouve le cours qui te convient\",\"layout\":\"grid\",\"filter-by-name\":\"video\",\"blockId\":\"114lpd\",\"blockUniqueClass\":\"lazyblock-course-list-114lpd\"} \/-->\n\n<!-- wp:lazyblock\/testimonial {\"show-random\":\"teacher\",\"filter-by-course_name\":\"game\",\"blockId\":\"ZwAwSa\",\"blockUniqueClass\":\"lazyblock-testimonial-ZwAwSa\"} \/-->\n\n<!-- wp:lazyblock\/content {\"image\":\"%7B%22alt%22:%22Migranten%20u0026%20Gefl%C3%BCchtete%20beim%20Futurecoders%20Kurs%22,%22title%22:%22%22,%22caption%22:%22%22,%22description%22:%22%22,%22id%22:70,%22link%22:%22https:\/\/futurecoders.susanne-koenig.ch\/futurecoders-5\/%22,%22url%22:%22https:\/\/futurecoders.susanne-koenig.ch\/wordpress\/wp-content\/uploads\/FutureCoders-5-scaled.jpg%22,%22sizes%22:%7B%22thumbnail%22:%7B%22height%22:113,%22width%22:200,%22url%22:%22https:\/\/futurecoders.susanne-koenig.ch\/wordpress\/wp-content\/uploads\/FutureCoders-5-200x113.jpg%22,%22orientation%22:%22landscape%22%7D,%22medium%22:%7B%22height%22:577,%22width%22:1024,%22url%22:%22https:\/\/futurecoders.susanne-koenig.ch\/wordpress\/wp-content\/uploads\/FutureCoders-5-1024x577.jpg%22,%22orientation%22:%22landscape%22%7D,%22large%22:%7B%22height%22:361,%22width%22:640,%22url%22:%22https:\/\/futurecoders.susanne-koenig.ch\/wordpress\/wp-content\/uploads\/FutureCoders-5-2048x1154.jpg%22,%22orientation%22:%22landscape%22%7D,%22full%22:%7B%22url%22:%22https:\/\/futurecoders.susanne-koenig.ch\/wordpress\/wp-content\/uploads\/FutureCoders-5-scaled.jpg%22,%22height%22:1443,%22width%22:2560,%22orientation%22:%22landscape%22%7D%7D%7D\",\"image-aligment\":\"img-right\",\"titel\":\"Conseils d'experts\",\"text\":\"Diff\u00e9rents formateurs\/trices et apprentis te soutiennent dans ta recherche d'une place d'apprentissage. Pendant le cours, ils viennent te parler des possibilit\u00e9s professionnelles ICT dans une discussion ouverte, te donner des conseils pour la recherche d'une place d'apprentissage et t'expliquer le processus de candidature du point de vue de l'employeur.\",\"blockId\":\"Ze7sPu\",\"blockUniqueClass\":\"lazyblock-content-Ze7sPu\"} \/-->","_fr_post_name":"conception-jeux-video","_fr_post_excerpt":"","_fr_post_title":"Conception de jeux vid\u00e9o","_en_post_content":"","_en_post_name":"","_en_post_excerpt":"","_en_post_title":"","edit_language":"en","footnotes":""},"class_list":["post-229","page","type-page","status-publish","hentry"],"_links":{"self":[{"href":"https:\/\/futurecoders.ch\/en\/wp-json\/wp\/v2\/pages\/229","targetHints":{"allow":["GET"]}}],"collection":[{"href":"https:\/\/futurecoders.ch\/en\/wp-json\/wp\/v2\/pages"}],"about":[{"href":"https:\/\/futurecoders.ch\/en\/wp-json\/wp\/v2\/types\/page"}],"author":[{"embeddable":true,"href":"https:\/\/futurecoders.ch\/en\/wp-json\/wp\/v2\/users\/1"}],"replies":[{"embeddable":true,"href":"https:\/\/futurecoders.ch\/en\/wp-json\/wp\/v2\/comments?post=229"}],"version-history":[{"count":44,"href":"https:\/\/futurecoders.ch\/en\/wp-json\/wp\/v2\/pages\/229\/revisions"}],"predecessor-version":[{"id":2267,"href":"https:\/\/futurecoders.ch\/en\/wp-json\/wp\/v2\/pages\/229\/revisions\/2267"}],"up":[{"embeddable":true,"href":"https:\/\/futurecoders.ch\/en\/wp-json\/wp\/v2\/pages\/38"}],"wp:attachment":[{"href":"https:\/\/futurecoders.ch\/en\/wp-json\/wp\/v2\/media?parent=229"}],"curies":[{"name":"wp","href":"https:\/\/api.w.org\/{rel}","templated":true}]}}