{"id":1930,"date":"2023-12-12T09:18:17","date_gmt":"2023-12-12T08:18:17","guid":{"rendered":"https:\/\/futurecoders.ch\/cours-camps\/web-development\/"},"modified":"2026-01-12T15:29:25","modified_gmt":"2026-01-12T14:29:25","slug":"","status":"publish","type":"page","link":"https:\/\/futurecoders.ch\/en\/kurse-camps\/app-development\/","title":{"rendered":"","raw":""},"content":{"rendered":"","protected":false,"raw":""},"excerpt":{"rendered":"","protected":false,"raw":""},"author":1,"featured_media":2236,"parent":38,"menu_order":0,"comment_status":"closed","ping_status":"closed","template":"","meta":{"inline_featured_image":false,"_de_post_content":"<!-- wp:lazyblock\/header {\"image\":\"%7B%22alt%22:%22%22,%22title%22:%22IMG_3921%22,%22caption%22:%22%22,%22description%22:%7B%22raw%22:%22%22,%22rendered%22:%22%3Cp%20class=%5C%22attachment%5C%22%3E%3Ca%20href='https:\/\/futurecoders.ch\/wordpress\/wp-content\/uploads\/IMG_3921.jpg'%3E%3Cimg%20loading=%5C%22lazy%5C%22%20width=%5C%22999%5C%22%20height=%5C%22953%5C%22%20src=%5C%22https:\/\/futurecoders.ch\/wordpress\/wp-content\/uploads\/IMG_3921.jpg%5C%22%20class=%5C%22attachment-medium%20size-medium%5C%22%20alt=%5C%22%5C%22%20decoding=%5C%22async%5C%22%20srcset=%5C%22https:\/\/futurecoders.ch\/wordpress\/wp-content\/uploads\/IMG_3921.jpg%20999w,%20https:\/\/futurecoders.ch\/wordpress\/wp-content\/uploads\/IMG_3921-200x191.jpg%20200w,%20https:\/\/futurecoders.ch\/wordpress\/wp-content\/uploads\/IMG_3921-768x733.jpg%20768w%5C%22%20sizes=%5C%22(max-width:%20999px)%20100vw,%20999px%5C%22%20\/%3E%3C\/a%3E%3C\/p%3E%5Cn%22%7D,%22id%22:1988,%22link%22:%22https:\/\/futurecoders.ch\/de\/kurse-camps\/web-development-2\/attachment\/img_3921\/%22,%22url%22:%22https:\/\/futurecoders.ch\/wordpress\/wp-content\/uploads\/IMG_3921.jpg%22,%22sizes%22:%22%22%7D\",\"title\":\"SMARTPHONE APP DEVELOPMENT KURSE\",\"text\":\"\\u003cstrong\\u003eAlter :\\u003c\/strong\\u003e 13 - 20 Jahre\\u003cbr\\u003e\\u003cstrong\\u003eDauer :\\u003c\/strong\\u003e 15 Stunden\\u003cbr\\u003e\\u003cstrong\\u003eKosten:\\u003c\/strong\\u003e\\u003cbr\\u003e0 CHF f\u00fcr junge Gefl\u00fcchtete und Jugendliche aus einem \\u003cbr\\u003e  Umfeld mit wenig Geld.\\u003cbr\\u003e325 CHF f\u00fcr andere Teilnehmende.\",\"blockId\":\"ZichV\",\"blockUniqueClass\":\"lazyblock-header-ZichV\"} \/-->\n\n<!-- wp:lazyblock\/teaser {\"title\":\"Vorteile des Smartphone App Development\",\"hide-title\":\"visuallyhidden\",\"type\":\"grid icons\",\"teaser\":\"%5B%7B%22title%22:%22Eine%20App%20auf%20deinem%20Smartphone%22,%22text%22:%22Du%20erstellst%20eine%20App%20auf%20deinem%20Smartphone%20oder%20auf%20einem%20Computer,%20den%20wir%20dir%20zur%20Verf%C3%BCgung%20stellen.%20Da%20du%20auf%20einer%20Online-Plattform%20arbeitest,%20kannst%20du%20dein%20Projekt%20auch%20deinen%20Freunden%20und%20Verwandten%20und%20deinen%20zuk%C3%BCnftigen%20Arbeitgebenden%20zeigen.%22,%22icon%22:%22#img-ico-game%22%7D,%7B%22text%22:%22Du%20entwickelst%20eine%20App%20auf%20deinem%20Smartphone%20mit%20einer%20effizienten%20Benutzeroberfl%C3%A4che%20(Schaltfl%C3%A4chen,%20Dropdown-Liste,%20Men%C3%BC,%20Symbole%20usw.).%22,%22title%22:%22VIEL%20WISSEN%22,%22icon%22:%22#img-ico-game%22,%22external-link%22:%22%22%7D,%7B%22icon%22:%22#img-ico-diploma%22,%22title%22:%22EIN%20DIPLOM%22,%22text%22:%22Nach%20dem%20Kurs%20erh%C3%A4ltst%20du%20ein%20Diplom.%20Dieses%20kannst%20du%20deinen%20Bewerbungen%20beilegen.%20Zudem%20erf%C3%A4hrst%20du%20spannendes%20rund%20um%20die%20Berufe%20in%20der%20IT-Branche.%22%7D%5D\",\"blockId\":\"Z2bH6ay\",\"blockUniqueClass\":\"lazyblock-teaser-Z2bH6ay\"} \/-->\n\n<!-- wp:lazyblock\/video {\"mp4\":\"%7B%22alt%22:%22%22,%22title%22:%22FutureCoders_DE_Promo_Sub_big%22,%22caption%22:%22%22,%22id%22:1462,%22link%22:%22https:\/\/futurecoders.ch\/de\/kurse-camps\/web-development\/attachment\/futurecoders_de_promo_sub_big\/%22,%22url%22:%22https:\/\/futurecoders.ch\/wordpress\/wp-content\/uploads\/FutureCoders_DE_Promo_Sub_big.mp4%22%7D\",\"ogv\":\"%7B%22alt%22:%22%22,%22title%22:%22FutureCoders_DE_Promo_Sub_big.oggtheora-1%22,%22caption%22:%22%22,%22id%22:1469,%22link%22:%22https:\/\/futurecoders.ch\/de\/kurse-camps\/video-game-design\/attachment\/futurecoders_de_promo_sub_big-oggtheora-1\/%22,%22url%22:%22https:\/\/futurecoders.ch\/wordpress\/wp-content\/uploads\/FutureCoders_DE_Promo_Sub_big.oggtheora-1.ogv%22%7D\",\"webm\":\"%7B%22alt%22:%22%22,%22title%22:%22FutureCoders_DE_Promo%22,%22caption%22:%22%22,%22id%22:1440,%22link%22:%22https:\/\/futurecoders.ch\/de\/kurse-camps\/web-development\/attachment\/futurecoders_de_promo-2\/%22,%22url%22:%22https:\/\/futurecoders.ch\/wordpress\/wp-content\/uploads\/FutureCoders_DE_Promo.webm%22%7D\",\"img\":\"%7B%22alt%22:%22%22,%22title%22:%22FutureCoders_DE_Promo_Sub_big.mp4-1%22,%22caption%22:%22%22,%22description%22:%22%22,%22id%22:1471,%22link%22:%22https:\/\/futurecoders.ch\/de\/kurse-camps\/video-game-design\/attachment\/futurecoders_de_promo_sub_big-mp4-1\/%22,%22url%22:%22https:\/\/futurecoders.ch\/wordpress\/wp-content\/uploads\/FutureCoders_DE_Promo_Sub_big.mp4-1.png%22,%22sizes%22:%7B%22thumbnail%22:%7B%22url%22:%22https:\/\/futurecoders.ch\/wordpress\/wp-content\/uploads\/FutureCoders_DE_Promo_Sub_big.mp4-1-200x200.png%22,%22height%22:200,%22width%22:200,%22orientation%22:%22landscape%22%7D,%22medium%22:%7B%22url%22:%22https:\/\/futurecoders.ch\/wordpress\/wp-content\/uploads\/FutureCoders_DE_Promo_Sub_big.mp4-1-1024x1024.png%22,%22height%22:1024,%22width%22:1024,%22orientation%22:%22landscape%22%7D,%22full%22:%7B%22url%22:%22https:\/\/futurecoders.ch\/wordpress\/wp-content\/uploads\/FutureCoders_DE_Promo_Sub_big.mp4-1.png%22,%22height%22:1920,%22width%22:1920,%22orientation%22:%22landscape%22%7D,%221536x1536%22:%7B%22url%22:%22https:\/\/futurecoders.ch\/wordpress\/wp-content\/uploads\/FutureCoders_DE_Promo_Sub_big.mp4-1-1536x1536.png%22,%22height%22:1536,%22width%22:1536,%22orientation%22:%22landscape%22%7D%7D%7D\",\"blockId\":\"Z22oHYD\",\"blockUniqueClass\":\"lazyblock-video-Z22oHYD\"} \/-->\n\n<!-- wp:lazyblock\/testimonial {\"show-random\":\"student\",\"blockId\":\"ZpOdvQ\",\"blockUniqueClass\":\"lazyblock-testimonial-ZpOdvQ\"} \/-->\n\n<!-- wp:lazyblock\/course-list {\"title\":\"Wo \\u0026 wann\",\"hide-title\":\"class=\\u0022visuallyhidden\\u0022\",\"subtitle\":\"Finde den passenden Kurs\",\"layout\":\"table\",\"filter-by-name\":\"app\",\"filter-by-type\":\"all\",\"blockId\":\"Z2ff8hn\",\"blockUniqueClass\":\"lazyblock-course-list-Z2ff8hn\"} \/-->\n\n<!-- wp:lazyblock\/testimonial {\"show-random\":\"teacher\",\"blockId\":\"asVsy\",\"blockUniqueClass\":\"lazyblock-testimonial-asVsy\"} \/-->\n\n<!-- wp:lazyblock\/header {\"image\":\"%7B%22alt%22:%22%22,%22title%22:%22a478df04-9f42-49bb-926e-b0a4e91eb6a2-2%22,%22caption%22:%22%22,%22description%22:%7B%22raw%22:%22%22,%22rendered%22:%22%3Cp%20class=%5C%22attachment%5C%22%3E%3Ca%20href='https:\/\/futurecoders.ch\/wordpress\/wp-content\/uploads\/a478df04-9f42-49bb-926e-b0a4e91eb6a2-2.jpg'%3E%3Cimg%20loading=%5C%22lazy%5C%22%20decoding=%5C%22async%5C%22%20width=%5C%221024%5C%22%20height=%5C%22682%5C%22%20src=%5C%22https:\/\/futurecoders.ch\/wordpress\/wp-content\/uploads\/a478df04-9f42-49bb-926e-b0a4e91eb6a2-2-1024x682.jpg%5C%22%20class=%5C%22attachment-medium%20size-medium%5C%22%20alt=%5C%22%5C%22%20srcset=%5C%22https:\/\/futurecoders.ch\/wordpress\/wp-content\/uploads\/a478df04-9f42-49bb-926e-b0a4e91eb6a2-2-1024x682.jpg%201024w,%20https:\/\/futurecoders.ch\/wordpress\/wp-content\/uploads\/a478df04-9f42-49bb-926e-b0a4e91eb6a2-2-200x133.jpg%20200w,%20https:\/\/futurecoders.ch\/wordpress\/wp-content\/uploads\/a478df04-9f42-49bb-926e-b0a4e91eb6a2-2-768x512.jpg%20768w,%20https:\/\/futurecoders.ch\/wordpress\/wp-content\/uploads\/a478df04-9f42-49bb-926e-b0a4e91eb6a2-2-1536x1023.jpg%201536w,%20https:\/\/futurecoders.ch\/wordpress\/wp-content\/uploads\/a478df04-9f42-49bb-926e-b0a4e91eb6a2-2.jpg%201600w%5C%22%20sizes=%5C%22(max-width:%201024px)%20100vw,%201024px%5C%22%20\/%3E%3C\/a%3E%3C\/p%3E%5Cn%22%7D,%22id%22:2234,%22link%22:%22https:\/\/futurecoders.ch\/de\/kurse-camps\/app-development\/attachment\/a478df04-9f42-49bb-926e-b0a4e91eb6a2-2\/%22,%22url%22:%22https:\/\/futurecoders.ch\/wordpress\/wp-content\/uploads\/a478df04-9f42-49bb-926e-b0a4e91eb6a2-2.jpg%22,%22sizes%22:%22%22%7D\",\"title\":\"Einblick in die IT Berufswelt\",\"text\":\"Im Kurs besuchen uns Lernende und Menschen, welche Jugendliche in den Unternehmen ausbilden. Sie erz\u00e4hlen \u00fcber ihren Berufsalltag und geben hilfreiche Tipps f\u00fcr die Lehrstellen-Suche. Zum Beispiel, was bei einer Bewerbung wichtig ist.\",\"blockId\":\"ZV6ypJ\",\"blockUniqueClass\":\"lazyblock-header-ZV6ypJ\"} \/-->","_de_post_name":"app-development","_de_post_excerpt":"","_de_post_title":"App Development","_fr_post_content":"<!-- wp:lazyblock\/header {\"image\":\"%7B%22alt%22:%22%22,%22title%22:%22IMG_3921%22,%22caption%22:%22%22,%22description%22:%7B%22raw%22:%22%22,%22rendered%22:%22%3Cp%20class=%5C%22attachment%5C%22%3E%3Ca%20href='https:\/\/futurecoders.ch\/wordpress\/wp-content\/uploads\/IMG_3921.jpg'%3E%3Cimg%20loading=%5C%22lazy%5C%22%20width=%5C%22999%5C%22%20height=%5C%22953%5C%22%20src=%5C%22https:\/\/futurecoders.ch\/wordpress\/wp-content\/uploads\/IMG_3921.jpg%5C%22%20class=%5C%22attachment-medium%20size-medium%5C%22%20alt=%5C%22%5C%22%20decoding=%5C%22async%5C%22%20srcset=%5C%22https:\/\/futurecoders.ch\/wordpress\/wp-content\/uploads\/IMG_3921.jpg%20999w,%20https:\/\/futurecoders.ch\/wordpress\/wp-content\/uploads\/IMG_3921-200x191.jpg%20200w,%20https:\/\/futurecoders.ch\/wordpress\/wp-content\/uploads\/IMG_3921-768x733.jpg%20768w%5C%22%20sizes=%5C%22(max-width:%20999px)%20100vw,%20999px%5C%22%20\/%3E%3C\/a%3E%3C\/p%3E%5Cn%22%7D,%22id%22:1988,%22link%22:%22https:\/\/futurecoders.ch\/de\/kurse-camps\/web-development-2\/attachment\/img_3921\/%22,%22url%22:%22https:\/\/futurecoders.ch\/wordpress\/wp-content\/uploads\/IMG_3921.jpg%22,%22sizes%22:%22%22%7D\",\"title\":\"COURS DE D\u00c9VELOPPEMENT D'APPLICATION SMARTPHONE\",\"text\":\"\\u003cstrong\\u003e\u00c2ge :\\u003c\/strong\\u003e 13 - 20 ans\\u003cbr\\u003e\\u003cstrong\\u003eDur\u00e9e :\\u003c\/strong\\u003e 5 x 2 heures\\u003cbr\\u003e\\u003cstrong\\u003eCo\u00fbts \\u003c\/strong\\u003e: Gratuit pour les jeunes\u00a0ayant fui leur pays ou issus de milieux ayant de peu de moyens financiers.\u00a0\\u003cbr\\u003e325 CHF pour les autres participants.\",\"blockId\":\"ZichV\",\"blockUniqueClass\":\"lazyblock-header-ZichV\"} \/-->\n\n<!-- wp:lazyblock\/teaser {\"title\":\"D\u00e9veloppement d'application smartphone\",\"hide-title\":\"visuallyhidden\",\"type\":\"grid icons\",\"teaser\":\"%5B%7B%22title%22:%22UNE%20APPLICATION%20SUR%20TON%20SMARTPHONE%22,%22text%22:%22Tu%20cr%C3%A9eras%20une%20application%20sur%20ton%20smartphone%20ou%20sur%20un%20ordinateur%20pr%C3%AAt%C3%A9.%20Comme%20tu%20travailles%20sur%20une%20plateforme%20en%20ligne,%20tu%20peux%20aussi%20montrer%20ton%20projet%20%C3%A0%20tes%20proches%20et%20%C3%A0%20tes%20futurs%20employeurs.%22,%22icon%22:%22#img-ico-game%22%7D,%7B%22text%22:%22Tu%20d%C3%A9velopperas%20une%20application%20sur%20ton%20smartphone%20avec%20une%20interface%20efficace%20(boutons,%20liste%20d%C3%A9roulante,%20menu,%20ic%C3%B4nes,%20etc.).%20Tu%20apprendras%20aussi%20comment%20programmer%20chaque%20%C3%A9l%C3%A9ment%20afin%20d%E2%80%99obtenir%20les%20r%C3%A9sultats%20souhait%C3%A9s.%20Ces%20%C3%A9tapes%20t'am%C3%A8neront%20%C3%A0%20comprendre%20les%20fondamentaux%20de%20la%20programmation%20:%20boucles,%20variables,%20conditions,%20tableaux,%20etc.%20M%C3%AAme%20si%20ce%20n%E2%80%99est%20pas%20obligatoire,%20il%20est%20recommand%C3%A9%20que%20les%20participant-e-s%20prennent%20un%20smartphone%20avec%20eux-elles%20chaque%20jour.%20Les%20projets%20pourront%20%C3%AAtre%20emport%C3%A9s%20%C3%A0%20la%20fin%20du%20stage%20pour%20continuer%20l%E2%80%99aventure%20%C3%A0%20la%20maison.%C2%A0%22,%22title%22:%22CE%20QUE%20TU%20APPRENDS%22,%22icon%22:%22#img-ico-game%22,%22external-link%22:%22%22%7D,%7B%22icon%22:%22#img-ico-diploma%22,%22title%22:%22OBTIENS%20UN%20DIPL%C3%94ME%22,%22text%22:%22Pour%20ton%20dossier%20de%20candidature,%20tu%20recevras%20un%20dipl%C3%B4me%20%C3%A0%20la%20fin%20du%20cours.%20De%20plus,%20nous%20te%20donnerons%20un%20aper%C3%A7u%20des%20diff%C3%A9rents%20m%C3%A9tiers%20du%20secteur%20IT.%22%7D%5D\",\"blockId\":\"Z2bH6ay\",\"blockUniqueClass\":\"lazyblock-teaser-Z2bH6ay\"} \/-->\n\n<!-- wp:lazyblock\/video {\"mp4\":\"%7B%22alt%22:%22%22,%22title%22:%22FutureCoders_FR_Promo_Sub.mp4%22,%22caption%22:%22%22,%22id%22:1780,%22link%22:%22https:\/\/futurecoders.ch\/de\/kurse-camps\/web-development\/attachment\/futurecoders_fr_promo_sub-mp4\/%22,%22url%22:%22https:\/\/futurecoders.ch\/wordpress\/wp-content\/uploads\/FutureCoders_FR_Promo_Sub.mp4.mp4%22%7D\",\"ogv\":\"%7B%22alt%22:%22%22,%22title%22:%22FutureCoders_FR_Promo_Sub.oggtheora%22,%22caption%22:%22%22,%22id%22:1778,%22link%22:%22https:\/\/futurecoders.ch\/de\/kurse-camps\/web-development\/attachment\/futurecoders_fr_promo_sub-oggtheora\/%22,%22url%22:%22https:\/\/futurecoders.ch\/wordpress\/wp-content\/uploads\/FutureCoders_FR_Promo_Sub.oggtheora.ogv%22%7D\",\"webm\":\"%7B%22alt%22:%22%22,%22title%22:%22FutureCoders_FR_Promo_Sub.webmhd%22,%22caption%22:%22%22,%22id%22:1779,%22link%22:%22https:\/\/futurecoders.ch\/de\/kurse-camps\/web-development\/attachment\/futurecoders_fr_promo_sub-webmhd-2\/%22,%22url%22:%22https:\/\/futurecoders.ch\/wordpress\/wp-content\/uploads\/FutureCoders_FR_Promo_Sub.webmhd.webm%22%7D\",\"img\":\"%7B%22alt%22:%22%22,%22title%22:%22FutureCoders_FR_Promo_Sub.webmhd%22,%22caption%22:%22%22,%22description%22:%7B%22raw%22:%22%22,%22rendered%22:%22%3Cp%20class=%5C%22attachment%5C%22%3E%3Ca%20href='https:\/\/futurecoders.ch\/wordpress\/wp-content\/uploads\/FutureCoders_FR_Promo_Sub.webmhd.png'%3E%3Cimg%20width=%5C%22720%5C%22%20height=%5C%22720%5C%22%20src=%5C%22https:\/\/futurecoders.ch\/wordpress\/wp-content\/uploads\/FutureCoders_FR_Promo_Sub.webmhd.png%5C%22%20class=%5C%22attachment-medium%20size-medium%5C%22%20alt=%5C%22%5C%22%20decoding=%5C%22async%5C%22%20loading=%5C%22lazy%5C%22%20srcset=%5C%22https:\/\/futurecoders.ch\/wordpress\/wp-content\/uploads\/FutureCoders_FR_Promo_Sub.webmhd.png%20720w,%20https:\/\/futurecoders.ch\/wordpress\/wp-content\/uploads\/FutureCoders_FR_Promo_Sub.webmhd-200x200.png%20200w%5C%22%20sizes=%5C%22(max-width:%20720px)%20100vw,%20720px%5C%22%20\/%3E%3C\/a%3E%3C\/p%3E%5Cn%22%7D,%22id%22:1777,%22link%22:%22https:\/\/futurecoders.ch\/de\/kurse-camps\/web-development\/attachment\/futurecoders_fr_promo_sub-webmhd\/%22,%22url%22:%22https:\/\/futurecoders.ch\/wordpress\/wp-content\/uploads\/FutureCoders_FR_Promo_Sub.webmhd.png%22,%22sizes%22:%22%22%7D\",\"blockId\":\"Z22oHYD\",\"blockUniqueClass\":\"lazyblock-video-Z22oHYD\"} \/-->\n\n<!-- wp:lazyblock\/testimonial {\"show-random\":\"student\",\"blockId\":\"ZpOdvQ\",\"blockUniqueClass\":\"lazyblock-testimonial-ZpOdvQ\"} \/-->\n\n<!-- wp:lazyblock\/course-list {\"title\":\"O\u00d9 \\u0026 QUAND\",\"subtitle\":\"TROUVE L'OFFRE QUI TE CONVIENT\",\"layout\":\"table\",\"filter-by-name\":\"app\",\"filter-by-type\":\"all\",\"blockId\":\"Z2ff8hn\",\"blockUniqueClass\":\"lazyblock-course-list-Z2ff8hn\"} \/-->\n\n<!-- wp:lazyblock\/testimonial {\"show-random\":\"teacher\",\"blockId\":\"asVsy\",\"blockUniqueClass\":\"lazyblock-testimonial-asVsy\"} \/-->\n\n<!-- wp:lazyblock\/header {\"image\":\"%7B%22alt%22:%22Migranten%20u0026%20Gefl%C3%BCchtete%20beim%20Futurecoders%20Kurs%22,%22title%22:%22%22,%22caption%22:%22%22,%22description%22:%22%22,%22id%22:70,%22link%22:%22https:\/\/futurecoders.ch\/de\/futurecoders-5\/%22,%22url%22:%22https:\/\/futurecoders.ch\/wordpress\/wp-content\/uploads\/FutureCoders-5-scaled.jpg%22,%22sizes%22:%7B%22thumbnail%22:%7B%22height%22:113,%22width%22:200,%22url%22:%22https:\/\/futurecoders.ch\/wordpress\/wp-content\/uploads\/FutureCoders-5-200x113.jpg%22,%22orientation%22:%22landscape%22%7D,%22medium%22:%7B%22height%22:577,%22width%22:1024,%22url%22:%22https:\/\/futurecoders.ch\/wordpress\/wp-content\/uploads\/FutureCoders-5-1024x577.jpg%22,%22orientation%22:%22landscape%22%7D,%22large%22:%7B%22height%22:1154,%22width%22:2048,%22url%22:%22https:\/\/futurecoders.ch\/wordpress\/wp-content\/uploads\/FutureCoders-5-2048x1154.jpg%22,%22orientation%22:%22landscape%22%7D,%22full%22:%7B%22url%22:%22https:\/\/futurecoders.ch\/wordpress\/wp-content\/uploads\/FutureCoders-5-scaled.jpg%22,%22height%22:1443,%22width%22:2560,%22orientation%22:%22landscape%22%7D%7D%7D\",\"title\":\"APER\u00c7U DU MONDE PROFESSIONNEL DE L'INFORMATIQUE\",\"text\":\"Diff\u00e9rent\u00b7e\u00b7s formateurs\u00b7trices et apprenti\u00b7e\u00b7s te soutiennent dans ta recherche d\u2019une place d\u2019apprentissage. Pendant le cours, ils\/elles viennent te parler des possibilit\u00e9s professionnelles ICT dans une discussion ouverte, te donner des conseils pour la recherche d\u2019une place d\u2019apprentissage et t\u2019expliquer le processus de candidature du point de vue de l\u2019employeur.\",\"blockId\":\"ZV6ypJ\",\"blockUniqueClass\":\"lazyblock-header-ZV6ypJ\"} \/-->","_fr_post_name":"","_fr_post_excerpt":"","_fr_post_title":"DEVELOPPEMENT D'APP SMARTPHONE","_en_post_content":"","_en_post_name":"","_en_post_excerpt":"","_en_post_title":"","edit_language":"en","footnotes":""},"class_list":["post-1930","page","type-page","status-publish","has-post-thumbnail","hentry"],"_links":{"self":[{"href":"https:\/\/futurecoders.ch\/en\/wp-json\/wp\/v2\/pages\/1930","targetHints":{"allow":["GET"]}}],"collection":[{"href":"https:\/\/futurecoders.ch\/en\/wp-json\/wp\/v2\/pages"}],"about":[{"href":"https:\/\/futurecoders.ch\/en\/wp-json\/wp\/v2\/types\/page"}],"author":[{"embeddable":true,"href":"https:\/\/futurecoders.ch\/en\/wp-json\/wp\/v2\/users\/1"}],"replies":[{"embeddable":true,"href":"https:\/\/futurecoders.ch\/en\/wp-json\/wp\/v2\/comments?post=1930"}],"version-history":[{"count":14,"href":"https:\/\/futurecoders.ch\/en\/wp-json\/wp\/v2\/pages\/1930\/revisions"}],"predecessor-version":[{"id":2235,"href":"https:\/\/futurecoders.ch\/en\/wp-json\/wp\/v2\/pages\/1930\/revisions\/2235"}],"up":[{"embeddable":true,"href":"https:\/\/futurecoders.ch\/en\/wp-json\/wp\/v2\/pages\/38"}],"wp:featuredmedia":[{"embeddable":true,"href":"https:\/\/futurecoders.ch\/en\/wp-json\/wp\/v2\/media\/2236"}],"wp:attachment":[{"href":"https:\/\/futurecoders.ch\/en\/wp-json\/wp\/v2\/media?parent=1930"}],"curies":[{"name":"wp","href":"https:\/\/api.w.org\/{rel}","templated":true}]}}