{"id":63,"date":"2022-02-14T08:31:05","date_gmt":"2022-02-14T07:31:05","guid":{"rendered":"https:\/\/futurecoders.susanne-koenig.ch\/de\/?page_id=63"},"modified":"2022-02-23T11:29:20","modified_gmt":"2022-02-23T10:29:20","slug":"impressum","status":"publish","type":"page","link":"https:\/\/futurecoders.ch\/de\/impressum\/","title":{"rendered":"Impressum"},"content":{"rendered":"\n<h2 class=\"wp-block-heading\" id=\"impressum\">Impressum<\/h2>\n\n\n\n<p><strong>Herausgeber<\/strong><strong>&nbsp;<\/strong><br>Powercoders <br>Breitfeldstrasse 27<br>3014 Bern<br><br>info@powercoders.org<\/p>\n\n\n\n<h3 class=\"wp-block-heading\" id=\"vertretungsberechtigte-personen\">Vertretungsberechtigte Personen<\/h3>\n\n\n\n<p>Bettina Hirsig<br>Lynn Blattmann<\/p>\n\n\n\n<h3 class=\"wp-block-heading\" id=\"haftungsbeschrankung\">Haftungsbeschr\u00e4nkung<\/h3>\n\n\n\n<p>Der Inhalt dieser Webseiten wird mit gr\u00f6sstm\u00f6glicher Sorgfalt gepflegt. Trotzdem wird f\u00fcr den Inhalt keine Haftung \u00fcbernommen. Druckfehler, Irrt\u00fcmer und \u00c4nderungen vorbehalten. Der Inhalt ist urheberrechtlich gesch\u00fctzt. F\u00fcr die Inhalte externer Links \u00fcbernehmen wir keine Haftung. F\u00fcr den Inhalt der verlinkten Seiten sind ausschliesslich deren Betreiber verantwortlich.<\/p>\n\n\n\n<h3 class=\"wp-block-heading\" id=\"externe-links\">Externe Links<\/h3>\n\n\n\n<p>Die Webseite enth\u00e4lt sog. \u201eexterne Links\u201c (Verlinkungen) zu anderen Webseiten, auf deren Inhalt der Anbieter der Webseite keinen Einfluss hat. Aus diesem Grund kann der Anbieter f\u00fcr diese Inhalte auch keine Gew\u00e4hr \u00fcbernehmen. F\u00fcr die Inhalte und Richtigkeit der bereitgestellten Informationen ist ausschliesslich der jeweilige Anbieter der verlinkten Webseite verantwortlich. Zum Zeitpunkt der Verlinkung waren keine Rechtsverst\u00f6sse erkennbar. Bei Bekanntwerden einer solchen Rechtsverletzung wird der Link umgehend entfernt.<\/p>\n\n\n\n<h3 class=\"wp-block-heading\" id=\"urheber-und-kennzeichenrecht\">Urheber- und Kennzeichenrecht<\/h3>\n\n\n\n<p>Der Betreiber dieser Webseiten ist bestrebt, in allen Publikationen die Urheberrechte der verwendeten Grafiken, Tondokumente, Videosequenzen und Texte zu beachten, von ihm selbst erstellte Grafiken, Tondokumente, Videosequenzen und Texte zu nutzen oder auf lizenzfreie Grafiken, Tondokumente, Videosequenzen und Texte zur\u00fcckzugreifen. Alle innerhalb des Internetangebotes genannten und ggf. durch Dritte gesch\u00fctzten Marken- und Warenzeichen unterliegen uneingeschr\u00e4nkt den Bestimmungen des jeweils g\u00fcltigen Kennzeichenrechts und den Besitzrechten der jeweiligen eingetragenen Eigent\u00fcmer. Allein aufgrund der blossen Nennung ist nicht der Schluss zu ziehen, dass Markenzeichen nicht durch Rechte Dritter gesch\u00fctzt sind!<\/p>\n\n\n\n<p>Das Copyright f\u00fcr ver\u00f6ffentlichte, vom Betreiber selbst erstellte Objekte bleibt allein beim Betreiber der Seiten. Eine Vervielf\u00e4ltigung oder Verwendung solcher Grafiken, Tondokumente, Videosequenzen und Texte in anderen elektronischen oder gedruckten Publikationen ist ohne ausdr\u00fcckliche Zustimmung des Betreibers nicht gestattet.<\/p>\n","protected":false},"excerpt":{"rendered":"<p>Impressum Herausgeber&nbsp;Powercoders Breitfeldstrasse 273014 Bern info@powercoders.org Vertretungsberechtigte Personen Bettina HirsigLynn Blattmann Haftungsbeschr\u00e4nkung Der Inhalt dieser Webseiten wird mit gr\u00f6sstm\u00f6glicher Sorgfalt gepflegt. Trotzdem wird f\u00fcr den Inhalt keine Haftung \u00fcbernommen. Druckfehler, Irrt\u00fcmer und \u00c4nderungen vorbehalten. Der Inhalt ist urheberrechtlich gesch\u00fctzt. F\u00fcr die Inhalte externer Links \u00fcbernehmen wir keine Haftung. F\u00fcr den Inhalt der verlinkten Seiten sind [&hellip;]<\/p>\n","protected":false},"author":1,"featured_media":0,"parent":0,"menu_order":10,"comment_status":"closed","ping_status":"closed","template":"","meta":{"inline_featured_image":false,"_de_post_content":"<!-- wp:heading -->\n<h2 id=\"impressum\">Impressum<\/h2>\n<!-- \/wp:heading -->\n\n<!-- wp:paragraph -->\n<p><strong>Herausgeber<\/strong><strong>&nbsp;<\/strong><br>Powercoders <br>Breitfeldstrasse 27<br>3014 Bern<br><br>info@powercoders.org<\/p>\n<!-- \/wp:paragraph -->\n\n<!-- wp:heading {\"level\":3} -->\n<h3 id=\"vertretungsberechtigte-personen\">Vertretungsberechtigte Personen<\/h3>\n<!-- \/wp:heading -->\n\n<!-- wp:paragraph -->\n<p>Bettina Hirsig<br>Lynn Blattmann<\/p>\n<!-- \/wp:paragraph -->\n\n<!-- wp:heading {\"level\":3} -->\n<h3 id=\"haftungsbeschrankung\">Haftungsbeschr\u00e4nkung<\/h3>\n<!-- \/wp:heading -->\n\n<!-- wp:paragraph -->\n<p>Der Inhalt dieser Webseiten wird mit gr\u00f6sstm\u00f6glicher Sorgfalt gepflegt. Trotzdem wird f\u00fcr den Inhalt keine Haftung \u00fcbernommen. Druckfehler, Irrt\u00fcmer und \u00c4nderungen vorbehalten. Der Inhalt ist urheberrechtlich gesch\u00fctzt. F\u00fcr die Inhalte externer Links \u00fcbernehmen wir keine Haftung. F\u00fcr den Inhalt der verlinkten Seiten sind ausschliesslich deren Betreiber verantwortlich.<\/p>\n<!-- \/wp:paragraph -->\n\n<!-- wp:heading {\"level\":3} -->\n<h3 id=\"externe-links\">Externe Links<\/h3>\n<!-- \/wp:heading -->\n\n<!-- wp:paragraph -->\n<p>Die Webseite enth\u00e4lt sog. \u201eexterne Links\u201c (Verlinkungen) zu anderen Webseiten, auf deren Inhalt der Anbieter der Webseite keinen Einfluss hat. Aus diesem Grund kann der Anbieter f\u00fcr diese Inhalte auch keine Gew\u00e4hr \u00fcbernehmen. F\u00fcr die Inhalte und Richtigkeit der bereitgestellten Informationen ist ausschliesslich der jeweilige Anbieter der verlinkten Webseite verantwortlich. Zum Zeitpunkt der Verlinkung waren keine Rechtsverst\u00f6sse erkennbar. Bei Bekanntwerden einer solchen Rechtsverletzung wird der Link umgehend entfernt.<\/p>\n<!-- \/wp:paragraph -->\n\n<!-- wp:heading {\"level\":3} -->\n<h3 id=\"urheber-und-kennzeichenrecht\">Urheber- und Kennzeichenrecht<\/h3>\n<!-- \/wp:heading -->\n\n<!-- wp:paragraph -->\n<p>Der Betreiber dieser Webseiten ist bestrebt, in allen Publikationen die Urheberrechte der verwendeten Grafiken, Tondokumente, Videosequenzen und Texte zu beachten, von ihm selbst erstellte Grafiken, Tondokumente, Videosequenzen und Texte zu nutzen oder auf lizenzfreie Grafiken, Tondokumente, Videosequenzen und Texte zur\u00fcckzugreifen. Alle innerhalb des Internetangebotes genannten und ggf. durch Dritte gesch\u00fctzten Marken- und Warenzeichen unterliegen uneingeschr\u00e4nkt den Bestimmungen des jeweils g\u00fcltigen Kennzeichenrechts und den Besitzrechten der jeweiligen eingetragenen Eigent\u00fcmer. Allein aufgrund der blossen Nennung ist nicht der Schluss zu ziehen, dass Markenzeichen nicht durch Rechte Dritter gesch\u00fctzt sind!<\/p>\n<!-- \/wp:paragraph -->\n\n<!-- wp:paragraph -->\n<p>Das Copyright f\u00fcr ver\u00f6ffentlichte, vom Betreiber selbst erstellte Objekte bleibt allein beim Betreiber der Seiten. Eine Vervielf\u00e4ltigung oder Verwendung solcher Grafiken, Tondokumente, Videosequenzen und Texte in anderen elektronischen oder gedruckten Publikationen ist ohne ausdr\u00fcckliche Zustimmung des Betreibers nicht gestattet.<\/p>\n<!-- \/wp:paragraph -->","_de_post_name":"impressum","_de_post_excerpt":"","_de_post_title":"Impressum","_fr_post_content":"<!-- wp:heading -->\n<h2 id=\"impressum\">Mentions l\u00e9gales<\/h2>\n<!-- \/wp:heading -->\n\n<!-- wp:paragraph -->\n<p><strong>\u00c9diteur<\/strong><br>Powercoders<br>Breitfeldstrasse 27<br>3014 Berne<\/p>\n<!-- \/wp:paragraph -->\n\n<!-- wp:paragraph -->\n<p>info@powercoders.org<\/p>\n<!-- \/wp:paragraph -->\n\n<!-- wp:heading {\"level\":3} -->\n<h3 id=\"vertretungsberechtigte-personen\">Personnes autoris\u00e9es \u00e0 repr\u00e9senter l'association<\/h3>\n<!-- \/wp:heading -->\n\n<!-- wp:paragraph -->\n<p>Bettina Hirsig<br>Lynn Blattmann<\/p>\n<!-- \/wp:paragraph -->\n\n<!-- wp:heading {\"level\":3} -->\n<h3 id=\"haftungsbeschrankung\">Limitation de responsabilit\u00e9<\/h3>\n<!-- \/wp:heading -->\n\n<!-- wp:paragraph -->\n<p>Le contenu de ces pages web est mis \u00e0 jour avec le plus grand soin. N\u00e9anmoins, aucune responsabilit\u00e9 n'est assum\u00e9e pour le contenu. Sous r\u00e9serve de fautes d'impression, d'erreurs et de modifications. Le contenu est prot\u00e9g\u00e9 par les droits d'auteur. Nous n'assumons aucune responsabilit\u00e9 pour le contenu des liens externes. Seuls les exploitants des pages li\u00e9es sont responsables de leur contenu.<\/p>\n<!-- \/wp:paragraph -->\n\n<!-- wp:heading {\"level\":3} -->\n<h3 id=\"externe-links\">Liens externes<\/h3>\n<!-- \/wp:heading -->\n\n<!-- wp:paragraph -->\n<p>Le site web contient des liens externes vers d'autres sites web, sur le contenu desquels le fournisseur du site web n'a aucune influence. Pour cette raison, le fournisseur ne peut pas non plus se porter garant de ces contenus. Le contenu et l'exactitude des informations mises \u00e0 disposition rel\u00e8vent exclusivement de la responsabilit\u00e9 du fournisseur respectif du site Internet li\u00e9. Au moment de la cr\u00e9ation du lien, aucune infraction \u00e0 la loi n'a \u00e9t\u00e9 constat\u00e9e. Si une telle violation est port\u00e9e \u00e0 notre connaissance, le lien sera imm\u00e9diatement supprim\u00e9.<\/p>\n<!-- \/wp:paragraph -->\n\n<!-- wp:heading {\"level\":3} -->\n<h3 id=\"urheber-und-kennzeichenrecht\">Droit d'auteur et droit des marques<\/h3>\n<!-- \/wp:heading -->\n\n<!-- wp:paragraph -->\n<p>L'exploitant de ces pages web s'efforce de respecter dans toutes les publications les droits d'auteur des graphiques, documents sonores, s\u00e9quences vid\u00e9o et textes utilis\u00e9s, d'utiliser des graphiques, documents sonores, s\u00e9quences vid\u00e9o et textes qu'il a lui-m\u00eame cr\u00e9\u00e9s ou de recourir \u00e0 des graphiques, documents sonores, s\u00e9quences vid\u00e9o et textes libres de droits. Toutes les marques et marques d\u00e9pos\u00e9es mentionn\u00e9es dans l'offre Internet et \u00e9ventuellement prot\u00e9g\u00e9es par des tiers sont soumises sans restriction aux dispositions du droit des marques de fabrique en vigueur et aux droits de propri\u00e9t\u00e9 des propri\u00e9taires enregistr\u00e9s respectifs. La simple mention d'une marque ne permet pas d'en d\u00e9duire qu'elle n'est pas prot\u00e9g\u00e9e par les droits d'un tiers !<\/p>\n<!-- \/wp:paragraph -->\n\n<!-- wp:paragraph -->\n<p>Le copyright des objets publi\u00e9s et cr\u00e9\u00e9s par l'exploitant lui-m\u00eame reste la propri\u00e9t\u00e9 exclusive de l'exploitant des pages. Toute reproduction ou utilisation de tels graphiques, documents sonores, s\u00e9quences vid\u00e9o et textes dans d'autres publications \u00e9lectroniques ou imprim\u00e9es est interdite sans l'autorisation expresse de l'exploitant.<\/p>\n<!-- \/wp:paragraph -->","_fr_post_name":"mentions-legales","_fr_post_excerpt":"","_fr_post_title":"Mentions l\u00e9gales","_en_post_content":"","_en_post_name":"","_en_post_excerpt":"","_en_post_title":"","edit_language":"de","footnotes":""},"class_list":["post-63","page","type-page","status-publish","hentry"],"_links":{"self":[{"href":"https:\/\/futurecoders.ch\/de\/wp-json\/wp\/v2\/pages\/63","targetHints":{"allow":["GET"]}}],"collection":[{"href":"https:\/\/futurecoders.ch\/de\/wp-json\/wp\/v2\/pages"}],"about":[{"href":"https:\/\/futurecoders.ch\/de\/wp-json\/wp\/v2\/types\/page"}],"author":[{"embeddable":true,"href":"https:\/\/futurecoders.ch\/de\/wp-json\/wp\/v2\/users\/1"}],"replies":[{"embeddable":true,"href":"https:\/\/futurecoders.ch\/de\/wp-json\/wp\/v2\/comments?post=63"}],"version-history":[{"count":2,"href":"https:\/\/futurecoders.ch\/de\/wp-json\/wp\/v2\/pages\/63\/revisions"}],"predecessor-version":[{"id":243,"href":"https:\/\/futurecoders.ch\/de\/wp-json\/wp\/v2\/pages\/63\/revisions\/243"}],"wp:attachment":[{"href":"https:\/\/futurecoders.ch\/de\/wp-json\/wp\/v2\/media?parent=63"}],"curies":[{"name":"wp","href":"https:\/\/api.w.org\/{rel}","templated":true}]}}