{"id":484,"date":"2022-03-29T13:25:33","date_gmt":"2022-03-29T11:25:33","guid":{"rendered":"https:\/\/futurecoders.ch\/de\/?page_id=484"},"modified":"2026-02-04T09:47:23","modified_gmt":"2026-02-04T08:47:23","slug":"ueber-uns","status":"publish","type":"page","link":"https:\/\/futurecoders.ch\/de\/mission\/ueber-uns\/","title":{"rendered":"Team"},"content":{"rendered":"\n<h1 class=\"wp-block-heading\">\u00dcber uns<\/h1>\n\n\n\n<p>Futurecoders ist ein Spin-off des Vereins <a href=\"https:\/\/powercoders.org\/\" data-type=\"URL\" data-id=\"https:\/\/powercoders.org\/\" target=\"_blank\" rel=\"noreferrer noopener\">Powercoders<\/a> (Programmierschule und<br>Arbeitsintegrationsprogramm f\u00fcr Menschen mit Flucht- oder Migrationshintergrund). Wir setzen<br>uns f\u00fcr Chancengleichheit in der Bildung ein. Jungen Gefl\u00fcchteten und Jugendlichen aus einem<br>Umfeld mit wenig Geld erm\u00f6glichen wir in Kursen und Feriencamps, ihre digitalen F\u00e4higkeiten<br>und ihr Interesse an IT-Berufen zu entwickeln. Dies soll ihre Chancen im sp\u00e4teren Berufsleben<br>erh\u00f6hen.<\/p>\n\n\n<div class=\"lazyblock-card-ZL2k4C wp-block-lazyblock-card\"><section class=\"grid team\">    \n\t    <h2 class=\"\">Team<\/h2>     \n    <ul>\n        <li>            <picture>\n                            <img\n                    sizes=\"auto, (max-width: 1848px) 100vw, 1848px\"\n                    src=\"https:\/\/futurecoders.ch\/wordpress\/wp-content\/uploads\/Bettina-Hirsig-scaled.jpg\"\n                    alt=\"Bettina Hirsig - Futurecoders Team\"\n                    width=\"800\"\n                    height=\"450\"\n                    loading=\"lazy\"\n                    decoding=\"async\"\n                    style=\"background-size: cover; \n                            background-color: lightgrey;\">\n                        <\/picture>\n\t\t\t          \n\t\t\t                                        <h3 id=\"title-1\">Bettina Hirsig<\/h3>\n                        \t\t\t\n\t\t\t\t\t\t\t\t\t\t\t\t\t\t\n                            <p>Fundraising<\/p>\n            \t\t\t                        <a href=\"mailto:bettina.hirsig@powercoders.org\">\n               \n                            <div class=\"more\">E-Mail<\/div>\n                                    <\/a>\n                    <\/li>\n        <li>            <picture>\n                            <img\n                    sizes=\"auto, (max-width: 1848px) 100vw, 1848px\"\n                    src=\"https:\/\/futurecoders.ch\/wordpress\/wp-content\/uploads\/Lucy-Jager-1-scaled.jpg\"\n                    alt=\"Lucy Jager - Futurecoders team\"\n                    width=\"800\"\n                    height=\"450\"\n                    loading=\"lazy\"\n                    decoding=\"async\"\n                    style=\"background-size: cover; \n                            background-color: lightgrey;\">\n                        <\/picture>\n\t\t\t          \n\t\t\t                                        <h3 id=\"title-2\">Lucy Jager<\/h3>\n                        \t\t\t\n\t\t\t\t\t\t\t\t\t\t\t\t\t\t\n                            <p>Futuretalents und trial days Deutschschweiz<\/p>\n            \t\t\t                        <a href=\"mailto:lucy.jager@powercoders.org\">\n               \n                            <div class=\"more\">E-Mail<\/div>\n                                    <\/a>\n                    <\/li>\n        <li>            <picture>\n                            <img\n                    sizes=\"auto, (max-width: 1848px) 100vw, 1848px\"\n                    src=\"https:\/\/futurecoders.ch\/wordpress\/wp-content\/uploads\/Geraldine-Zahnd-scaled.jpg\"\n                    alt=\"G\u00e9raldine Zahnd\"\n                    width=\"800\"\n                    height=\"450\"\n                    loading=\"lazy\"\n                    decoding=\"async\"\n                    style=\"background-size: cover; \n                            background-color: lightgrey;\">\n                        <\/picture>\n\t\t\t          \n\t\t\t                                        <h3 id=\"title-3\">G\u00e9raldine Zahnd<\/h3>\n                        \t\t\t\n\t\t\t\t\t\t\t\t\t\t\t\t\t\t\n                            <p>Programmkoordinatorin Futurecoders f\u00fcr die Schweiz und Futuretalents Westschweiz<\/p>\n            \t\t\t                        <a href=\"mailto:geraldine.zahnd@powercoders.org\">\n               \n                            <div class=\"more\">E-Mail<\/div>\n                                    <\/a>\n                    <\/li>\n        <li>            <picture>\n                            <img\n                    sizes=\"auto, (max-width: 1848px) 100vw, 1848px\"\n                    src=\"https:\/\/futurecoders.ch\/wordpress\/wp-content\/uploads\/selina-schulz.jpg\"\n                    alt=\"Selina Schulz\"\n                    width=\"800\"\n                    height=\"450\"\n                    loading=\"lazy\"\n                    decoding=\"async\"\n                    style=\"background-size: cover; \n                            background-color: lightgrey;\">\n                        <\/picture>\n\t\t\t          \n\t\t\t                                        <h3 id=\"title-4\">Selina Schulz<\/h3>\n                        \t\t\t\n\t\t\t\t\t\t\t\t\t\t\t\t\t\t\n                            <p>Programmkoordinatorin Futurecoders<\/p>\n            \t\t\t                        <a href=\"mailto:selina.schulz@powercoders.org\">\n               \n                            <div class=\"more\">E-Mail<\/div>\n                                    <\/a>\n                    <\/li>\n    <\/ul>\n \n<\/section> <\/div>\n\n<div class=\"lazyblock-testimonial-Z22exH7 wp-block-lazyblock-testimonial\"> <figure class=\"teacher\">\n     <figcaption class=\"visuallyhidden\">Testimonial<\/figcaption>    \n     <blockquote>\n         <p>Ich freue mich, dass ich an den Futurecoders Kursen Jugendliche mit Fluchthintergrund unterst\u00fctzen kann. Es ist toll, dass sie so eine wertvolle Freizeitbesch\u00e4ftigung haben!<\/p>\n         <cite>&#8211; Sodaba Hamid, freiwillige Mentorin und \u00dcbersetzerin<\/cite>\n     <\/blockquote>\n <\/figure>\n <\/div>","protected":false},"excerpt":{"rendered":"<p>\u00dcber uns Futurecoders ist ein Spin-off des Vereins Powercoders (Programmierschule undArbeitsintegrationsprogramm f\u00fcr Menschen mit Flucht- oder Migrationshintergrund). Wir setzenuns f\u00fcr Chancengleichheit in der Bildung ein. Jungen Gefl\u00fcchteten und Jugendlichen aus einemUmfeld mit wenig Geld erm\u00f6glichen wir in Kursen und Feriencamps, ihre digitalen F\u00e4higkeitenund ihr Interesse an IT-Berufen zu entwickeln. Dies soll ihre Chancen im sp\u00e4teren [&hellip;]<\/p>\n","protected":false},"author":1,"featured_media":0,"parent":2442,"menu_order":2,"comment_status":"closed","ping_status":"closed","template":"","meta":{"inline_featured_image":false,"_de_post_content":"<!-- wp:heading {\"level\":1} -->\n<h1 class=\"wp-block-heading\">\u00dcber uns<\/h1>\n<!-- \/wp:heading -->\n\n<!-- wp:paragraph -->\n<p>Futurecoders ist ein Spin-off des Vereins <a href=\"https:\/\/powercoders.org\/\" data-type=\"URL\" data-id=\"https:\/\/powercoders.org\/\" target=\"_blank\" rel=\"noreferrer noopener\">Powercoders<\/a> (Programmierschule und<br>Arbeitsintegrationsprogramm f\u00fcr Menschen mit Flucht- oder Migrationshintergrund). Wir setzen<br>uns f\u00fcr Chancengleichheit in der Bildung ein. Jungen Gefl\u00fcchteten und Jugendlichen aus einem<br>Umfeld mit wenig Geld erm\u00f6glichen wir in Kursen und Feriencamps, ihre digitalen F\u00e4higkeiten<br>und ihr Interesse an IT-Berufen zu entwickeln. Dies soll ihre Chancen im sp\u00e4teren Berufsleben<br>erh\u00f6hen.<\/p>\n<!-- \/wp:paragraph -->\n\n<!-- wp:lazyblock\/card {\"title\":\"Team\",\"txt-time-start\":\"\",\"txt-time-end\":\"\",\"card\":\"%5B%7B%22image%22:%7B%22alt%22:%22Bettina%20Hirsig%20-%20Futurecoders%20Team%22,%22title%22:%22Bettina-Hirsig%22,%22caption%22:%22%22,%22description%22:%22%22,%22id%22:2211,%22link%22:%22https:\/\/futurecoders.ch\/de\/ueber-uns\/attachment\/bettina-hirsig-2\/%22,%22url%22:%22https:\/\/futurecoders.ch\/wordpress\/wp-content\/uploads\/Bettina-Hirsig-scaled.jpg%22,%22sizes%22:%7B%22thumbnail%22:%7B%22url%22:%22https:\/\/futurecoders.ch\/wordpress\/wp-content\/uploads\/Bettina-Hirsig-200x200.jpg%22,%22height%22:200,%22width%22:200,%22orientation%22:%22landscape%22%7D,%22medium%22:%7B%22url%22:%22https:\/\/futurecoders.ch\/wordpress\/wp-content\/uploads\/Bettina-Hirsig-1024x1024.jpg%22,%22height%22:1024,%22width%22:1024,%22orientation%22:%22landscape%22%7D,%22large%22:%7B%22url%22:%22https:\/\/futurecoders.ch\/wordpress\/wp-content\/uploads\/Bettina-Hirsig-2048x2048.jpg%22,%22height%22:2048,%22width%22:2048,%22orientation%22:%22landscape%22%7D,%22full%22:%7B%22url%22:%22https:\/\/futurecoders.ch\/wordpress\/wp-content\/uploads\/Bettina-Hirsig-scaled.jpg%22,%22height%22:2560,%22width%22:2560,%22orientation%22:%22landscape%22%7D,%221536x1536%22:%7B%22url%22:%22https:\/\/futurecoders.ch\/wordpress\/wp-content\/uploads\/Bettina-Hirsig-1536x1536.jpg%22,%22height%22:1536,%22width%22:1536,%22orientation%22:%22landscape%22%7D,%222048x2048%22:%7B%22url%22:%22https:\/\/futurecoders.ch\/wordpress\/wp-content\/uploads\/Bettina-Hirsig-2048x2048.jpg%22,%22height%22:2048,%22width%22:2048,%22orientation%22:%22landscape%22%7D%7D%7D,%22type%22:%22team%22,%22title%22:%22Bettina%20Hirsig%22,%22start-date%22:%22%22,%22end-date%22:%22%22,%22start-time%22:%22%22,%22end-time%22:%22%22,%22summary%22:%22Fundraising%22,%22label-more%22:%22%22,%22label-less%22:%22%22,%22text%22:%22\\u0026amp;nbsp;%22,%22link-text%22:%22E-Mail%22,%22link-url%22:%22mailto:bettina.hirsig@powercoders.org%22,%22external-link%22:%22%22%7D,%7B%22image%22:%7B%22alt%22:%22%22,%22title%22:%22Lucy-Jager-1%22,%22caption%22:%22%22,%22description%22:%7B%22raw%22:%22%22,%22rendered%22:%22%3Cp%20class=%5C%22attachment%5C%22%3E%3Ca%20href='https:\/\/futurecoders.ch\/wordpress\/wp-content\/uploads\/Lucy-Jager-1-scaled.jpg'%3E%3Cimg%20loading=%5C%22lazy%5C%22%20decoding=%5C%22async%5C%22%20width=%5C%221024%5C%22%20height=%5C%221024%5C%22%20src=%5C%22https:\/\/futurecoders.ch\/wordpress\/wp-content\/uploads\/Lucy-Jager-1-1024x1024.jpg%5C%22%20class=%5C%22attachment-medium%20size-medium%5C%22%20alt=%5C%22%5C%22%20srcset=%5C%22https:\/\/futurecoders.ch\/wordpress\/wp-content\/uploads\/Lucy-Jager-1-1024x1024.jpg%201024w,%20https:\/\/futurecoders.ch\/wordpress\/wp-content\/uploads\/Lucy-Jager-1-2048x2048.jpg%202048w,%20https:\/\/futurecoders.ch\/wordpress\/wp-content\/uploads\/Lucy-Jager-1-200x200.jpg%20200w,%20https:\/\/futurecoders.ch\/wordpress\/wp-content\/uploads\/Lucy-Jager-1-768x768.jpg%20768w,%20https:\/\/futurecoders.ch\/wordpress\/wp-content\/uploads\/Lucy-Jager-1-1536x1536.jpg%201536w%5C%22%20sizes=%5C%22(max-width:%201024px)%20100vw,%201024px%5C%22%20\/%3E%3C\/a%3E%3C\/p%3E%5Cn%22%7D,%22id%22:2219,%22link%22:%22https:\/\/futurecoders.ch\/de\/ueber-uns\/attachment\/lucy-jager-1\/%22,%22url%22:%22https:\/\/futurecoders.ch\/wordpress\/wp-content\/uploads\/Lucy-Jager-1-scaled.jpg%22,%22sizes%22:%22%22%7D,%22type%22:%22team%22,%22title%22:%22Lucy%20Jager%22,%22start-date%22:%22%22,%22end-date%22:%22%22,%22start-time%22:%22%22,%22end-time%22:%22%22,%22summary%22:%22Futuretalents%20und%20trial%20days%20Deutschschweiz%22,%22label-more%22:%22%22,%22label-less%22:%22%22,%22text%22:%22\\u0026amp;nbsp;%22,%22link-text%22:%22E-Mail%22,%22link-url%22:%22mailto:lucy.jager@powercoders.org%22,%22external-link%22:%22%22%7D,%7B%22image%22:%7B%22alt%22:%22%22,%22title%22:%22Geraldine-Zahnd%22,%22caption%22:%22%22,%22description%22:%7B%22raw%22:%22%22,%22rendered%22:%22%3Cp%20class=%5C%22attachment%5C%22%3E%3Ca%20href='https:\/\/futurecoders.ch\/wordpress\/wp-content\/uploads\/Geraldine-Zahnd-scaled.jpg'%3E%3Cimg%20loading=%5C%22lazy%5C%22%20decoding=%5C%22async%5C%22%20width=%5C%221024%5C%22%20height=%5C%221024%5C%22%20src=%5C%22https:\/\/futurecoders.ch\/wordpress\/wp-content\/uploads\/Geraldine-Zahnd-1024x1024.jpg%5C%22%20class=%5C%22attachment-medium%20size-medium%5C%22%20alt=%5C%22%5C%22%20srcset=%5C%22https:\/\/futurecoders.ch\/wordpress\/wp-content\/uploads\/Geraldine-Zahnd-1024x1024.jpg%201024w,%20https:\/\/futurecoders.ch\/wordpress\/wp-content\/uploads\/Geraldine-Zahnd-2048x2048.jpg%202048w,%20https:\/\/futurecoders.ch\/wordpress\/wp-content\/uploads\/Geraldine-Zahnd-200x200.jpg%20200w,%20https:\/\/futurecoders.ch\/wordpress\/wp-content\/uploads\/Geraldine-Zahnd-768x768.jpg%20768w,%20https:\/\/futurecoders.ch\/wordpress\/wp-content\/uploads\/Geraldine-Zahnd-1536x1536.jpg%201536w%5C%22%20sizes=%5C%22(max-width:%201024px)%20100vw,%201024px%5C%22%20\/%3E%3C\/a%3E%3C\/p%3E%5Cn%22%7D,%22id%22:2212,%22link%22:%22https:\/\/futurecoders.ch\/de\/ueber-uns\/attachment\/geraldine-zahnd-2\/%22,%22url%22:%22https:\/\/futurecoders.ch\/wordpress\/wp-content\/uploads\/Geraldine-Zahnd-scaled.jpg%22,%22sizes%22:%22%22%7D,%22type%22:%22team%22,%22title%22:%22G%C3%A9raldine%20Zahnd%22,%22start-date%22:%22%22,%22end-date%22:%22%22,%22start-time%22:%22%22,%22end-time%22:%22%22,%22summary%22:%22Programmkoordinatorin%20Futurecoders%20f%C3%BCr%20die%20Schweiz%20und%20Futuretalents%20Westschweiz%22,%22label-more%22:%22%22,%22label-less%22:%22%22,%22text%22:%22\\u0026amp;nbsp;%22,%22link-text%22:%22E-Mail%22,%22link-url%22:%22mailto:geraldine.zahnd@powercoders.org%22,%22external-link%22:%22%22%7D,%7B%22image%22:%7B%22alt%22:%22%22,%22title%22:%22selina-schulz%22,%22caption%22:%22%22,%22description%22:%7B%22raw%22:%22%22,%22rendered%22:%22%3Cp%20class=%5C%22attachment%5C%22%3E%3Ca%20href='https:\/\/futurecoders.ch\/wordpress\/wp-content\/uploads\/selina-schulz.jpg'%3E%3Cimg%20loading=%5C%22lazy%5C%22%20decoding=%5C%22async%5C%22%20width=%5C%221024%5C%22%20height=%5C%221024%5C%22%20src=%5C%22https:\/\/futurecoders.ch\/wordpress\/wp-content\/uploads\/selina-schulz-1024x1024.jpg%5C%22%20class=%5C%22attachment-medium%20size-medium%5C%22%20alt=%5C%22%5C%22%20srcset=%5C%22https:\/\/futurecoders.ch\/wordpress\/wp-content\/uploads\/selina-schulz-1024x1024.jpg%201024w,%20https:\/\/futurecoders.ch\/wordpress\/wp-content\/uploads\/selina-schulz-200x200.jpg%20200w,%20https:\/\/futurecoders.ch\/wordpress\/wp-content\/uploads\/selina-schulz-768x768.jpg%20768w,%20https:\/\/futurecoders.ch\/wordpress\/wp-content\/uploads\/selina-schulz-1536x1536.jpg%201536w,%20https:\/\/futurecoders.ch\/wordpress\/wp-content\/uploads\/selina-schulz.jpg%201753w%5C%22%20sizes=%5C%22auto,%20(max-width:%201024px)%20100vw,%201024px%5C%22%20\/%3E%3C\/a%3E%3C\/p%3E%5Cn%22%7D,%22id%22:2648,%22link%22:%22https:\/\/futurecoders.ch\/de\/mission\/ueber-uns\/attachment\/selina-schulz\/%22,%22url%22:%22https:\/\/futurecoders.ch\/wordpress\/wp-content\/uploads\/selina-schulz.jpg%22,%22sizes%22:%22%22%7D,%22type%22:%22team%22,%22title%22:%22Selina%20Schulz%22,%22start-date%22:%22%22,%22end-date%22:%22%22,%22start-time%22:%22%22,%22end-time%22:%22%22,%22summary%22:%22Programmkoordinatorin%20Futurecoders%22,%22label-more%22:%22%22,%22label-less%22:%22%22,%22text%22:%22\\u0026amp;nbsp;%22,%22link-text%22:%22E-Mail%22,%22link-url%22:%22mailto:selina.schulz@powercoders.org%22,%22external-link%22:%22%22%7D%5D\",\"blockId\":\"ZL2k4C\",\"blockUniqueClass\":\"lazyblock-card-ZL2k4C\"} \/-->\n\n<!-- wp:lazyblock\/testimonial {\"show-random\":\"teacher\",\"blockId\":\"Z22exH7\",\"blockUniqueClass\":\"lazyblock-testimonial-Z22exH7\"} \/-->","_de_post_name":"ueber-uns","_de_post_excerpt":"","_de_post_title":"Team","_fr_post_content":"<!-- wp:heading {\"level\":1} -->\n<h1 class=\"wp-block-heading\">A propos de nous<\/h1>\n<!-- \/wp:heading -->\n\n<!-- wp:paragraph -->\n<p>Futurecoders est une spin-off de l'association <a href=\"https:\/\/powercoders.org\/\">Powercoders<\/a> (\u00e9cole de programmation et de programme d'int\u00e9gration professionnelle pour les personnes issues de l'immigration ). Nous nous engageons pour l'\u00e9galit\u00e9 des chances dans l'\u00e9ducation. Nous permettons aux jeunes ayant fui leur pays ou issus de milieux peu ais\u00e9s de participer \u00e0 des cours et \u00e0 des camps de vacances pour d\u00e9velopper ou am\u00e9liorer leurs comp\u00e9tences num\u00e9riques. L\u2019id\u00e9e est de d\u00e9velopper leur int\u00e9r\u00eat pour les m\u00e9tiers de l\u2019informatique et leur permettre d\u2019augmenter leurs chances dans leur future vie professionnelle.&nbsp;<\/p>\n<!-- \/wp:paragraph -->\n\n<!-- wp:paragraph -->\n<p><\/p>\n<!-- \/wp:paragraph -->\n\n<!-- wp:lazyblock\/card {\"title\":\"Equipe\",\"txt-time-start\":\"\",\"txt-time-end\":\"\",\"card\":\"%5B%7B%22image%22:%7B%22alt%22:%22Bettina%20Hirsig%20-%20Futurecoders%20Team%22,%22title%22:%22Bettina-Hirsig%22,%22caption%22:%22%22,%22description%22:%22%22,%22id%22:2211,%22link%22:%22https:\/\/futurecoders.ch\/fr\/ueber-uns\/attachment\/bettina-hirsig-2\/%22,%22url%22:%22https:\/\/futurecoders.ch\/wordpress\/wp-content\/uploads\/Bettina-Hirsig-scaled.jpg%22,%22sizes%22:%7B%22thumbnail%22:%7B%22url%22:%22https:\/\/futurecoders.ch\/wordpress\/wp-content\/uploads\/Bettina-Hirsig-200x200.jpg%22,%22height%22:200,%22width%22:200,%22orientation%22:%22landscape%22%7D,%22medium%22:%7B%22url%22:%22https:\/\/futurecoders.ch\/wordpress\/wp-content\/uploads\/Bettina-Hirsig-1024x1024.jpg%22,%22height%22:1024,%22width%22:1024,%22orientation%22:%22landscape%22%7D,%22large%22:%7B%22url%22:%22https:\/\/futurecoders.ch\/wordpress\/wp-content\/uploads\/Bettina-Hirsig-2048x2048.jpg%22,%22height%22:2048,%22width%22:2048,%22orientation%22:%22landscape%22%7D,%22full%22:%7B%22url%22:%22https:\/\/futurecoders.ch\/wordpress\/wp-content\/uploads\/Bettina-Hirsig-scaled.jpg%22,%22height%22:2560,%22width%22:2560,%22orientation%22:%22landscape%22%7D,%221536x1536%22:%7B%22url%22:%22https:\/\/futurecoders.ch\/wordpress\/wp-content\/uploads\/Bettina-Hirsig-1536x1536.jpg%22,%22height%22:1536,%22width%22:1536,%22orientation%22:%22landscape%22%7D,%222048x2048%22:%7B%22url%22:%22https:\/\/futurecoders.ch\/wordpress\/wp-content\/uploads\/Bettina-Hirsig-2048x2048.jpg%22,%22height%22:2048,%22width%22:2048,%22orientation%22:%22landscape%22%7D%7D%7D,%22type%22:%22team%22,%22title%22:%22Bettina%20Hirsig%22,%22start-date%22:%22%22,%22end-date%22:%22%22,%22start-time%22:%22%22,%22end-time%22:%22%22,%22summary%22:%22Fundraising%22,%22label-more%22:%22%22,%22label-less%22:%22%22,%22text%22:%22\\u0026amp;nbsp;%22,%22link-text%22:%22E-Mail%22,%22link-url%22:%22mailto:bettina.hirsig@powercoders.org%22,%22external-link%22:%22%22%7D,%7B%22image%22:%7B%22alt%22:%22Lucy%20Jager%20-%20Futurecoders%20team%22,%22title%22:%22%22,%22caption%22:%22%22,%22description%22:%22%22,%22id%22:2219,%22link%22:%22https:\/\/futurecoders.ch\/fr\/ueber-uns\/attachment\/lucy-jager-1\/%22,%22url%22:%22https:\/\/futurecoders.ch\/wordpress\/wp-content\/uploads\/Lucy-Jager-1-scaled.jpg%22,%22sizes%22:%7B%22thumbnail%22:%7B%22url%22:%22https:\/\/futurecoders.ch\/wordpress\/wp-content\/uploads\/Lucy-Jager-1-200x200.jpg%22,%22height%22:200,%22width%22:200,%22orientation%22:%22landscape%22%7D,%22medium%22:%7B%22url%22:%22https:\/\/futurecoders.ch\/wordpress\/wp-content\/uploads\/Lucy-Jager-1-1024x1024.jpg%22,%22height%22:1024,%22width%22:1024,%22orientation%22:%22landscape%22%7D,%22large%22:%7B%22url%22:%22https:\/\/futurecoders.ch\/wordpress\/wp-content\/uploads\/Lucy-Jager-1-2048x2048.jpg%22,%22height%22:2048,%22width%22:2048,%22orientation%22:%22landscape%22%7D,%22full%22:%7B%22url%22:%22https:\/\/futurecoders.ch\/wordpress\/wp-content\/uploads\/Lucy-Jager-1-scaled.jpg%22,%22height%22:2560,%22width%22:2560,%22orientation%22:%22landscape%22%7D,%221536x1536%22:%7B%22url%22:%22https:\/\/futurecoders.ch\/wordpress\/wp-content\/uploads\/Lucy-Jager-1-1536x1536.jpg%22,%22height%22:1536,%22width%22:1536,%22orientation%22:%22landscape%22%7D,%222048x2048%22:%7B%22url%22:%22https:\/\/futurecoders.ch\/wordpress\/wp-content\/uploads\/Lucy-Jager-1-2048x2048.jpg%22,%22height%22:2048,%22width%22:2048,%22orientation%22:%22landscape%22%7D%7D%7D,%22type%22:%22team%22,%22title%22:%22Lucy%20Jager%22,%22start-date%22:%22%22,%22end-date%22:%22%22,%22start-time%22:%22%22,%22end-time%22:%22%22,%22summary%22:%22Coordinatrice%20du%20programme%20Future%20Talents%20et%20journ%C3%A9es%20d%C3%A9couverte%20pour%20la%20Suisse%20al%C3%A9manique%20%22,%22label-more%22:%22%22,%22label-less%22:%22%22,%22text%22:%22\\u0026amp;nbsp;%22,%22link-text%22:%22E-Mail%22,%22link-url%22:%22mailto:lucy.jager@powercoders.org%22,%22external-link%22:%22%22%7D,%7B%22image%22:%7B%22alt%22:%22G%C3%A9raldine%20Zahnd%22,%22title%22:%22%22,%22caption%22:%22%22,%22description%22:%22%22,%22id%22:2212,%22link%22:%22https:\/\/futurecoders.ch\/fr\/ueber-uns\/attachment\/geraldine-zahnd-2\/%22,%22url%22:%22https:\/\/futurecoders.ch\/wordpress\/wp-content\/uploads\/Geraldine-Zahnd-scaled.jpg%22,%22sizes%22:%7B%22thumbnail%22:%7B%22url%22:%22https:\/\/futurecoders.ch\/wordpress\/wp-content\/uploads\/Geraldine-Zahnd-200x200.jpg%22,%22height%22:200,%22width%22:200,%22orientation%22:%22landscape%22%7D,%22medium%22:%7B%22url%22:%22https:\/\/futurecoders.ch\/wordpress\/wp-content\/uploads\/Geraldine-Zahnd-1024x1024.jpg%22,%22height%22:1024,%22width%22:1024,%22orientation%22:%22landscape%22%7D,%22large%22:%7B%22url%22:%22https:\/\/futurecoders.ch\/wordpress\/wp-content\/uploads\/Geraldine-Zahnd-2048x2048.jpg%22,%22height%22:2048,%22width%22:2048,%22orientation%22:%22landscape%22%7D,%22full%22:%7B%22url%22:%22https:\/\/futurecoders.ch\/wordpress\/wp-content\/uploads\/Geraldine-Zahnd-scaled.jpg%22,%22height%22:2560,%22width%22:2560,%22orientation%22:%22landscape%22%7D,%221536x1536%22:%7B%22url%22:%22https:\/\/futurecoders.ch\/wordpress\/wp-content\/uploads\/Geraldine-Zahnd-1536x1536.jpg%22,%22height%22:1536,%22width%22:1536,%22orientation%22:%22landscape%22%7D,%222048x2048%22:%7B%22url%22:%22https:\/\/futurecoders.ch\/wordpress\/wp-content\/uploads\/Geraldine-Zahnd-2048x2048.jpg%22,%22height%22:2048,%22width%22:2048,%22orientation%22:%22landscape%22%7D%7D%7D,%22type%22:%22team%22,%22title%22:%22G%C3%A9raldine%20Zahnd%22,%22start-date%22:%22%22,%22end-date%22:%22%22,%22start-time%22:%22%22,%22end-time%22:%22%22,%22summary%22:%22Coordinatrice%20du%20programme%20Futurecoders%20pour%20toute%20la%20Suisse%20et%20Future%20Talents%20pour%20la%20Romandie%22,%22label-more%22:%22%22,%22label-less%22:%22%22,%22text%22:%22\\u0026amp;nbsp;%22,%22link-text%22:%22E-Mail%22,%22link-url%22:%22mailto:geraldine.zahnd@powercoders.org%22,%22external-link%22:%22%22%7D,%7B%22image%22:%7B%22alt%22:%22Selina%20Schulz%22,%22title%22:%22%22,%22caption%22:%22%22,%22description%22:%22%22,%22id%22:2648,%22link%22:%22https:\/\/futurecoders.ch\/fr\/mission\/ueber-uns\/attachment\/selina-schulz\/%22,%22url%22:%22https:\/\/futurecoders.ch\/wordpress\/wp-content\/uploads\/selina-schulz.jpg%22,%22sizes%22:%7B%22thumbnail%22:%7B%22height%22:200,%22width%22:200,%22url%22:%22https:\/\/futurecoders.ch\/wordpress\/wp-content\/uploads\/selina-schulz-200x200.jpg%22,%22orientation%22:%22landscape%22%7D,%22medium%22:%7B%22height%22:1024,%22width%22:1024,%22url%22:%22https:\/\/futurecoders.ch\/wordpress\/wp-content\/uploads\/selina-schulz-1024x1024.jpg%22,%22orientation%22:%22landscape%22%7D,%22full%22:%7B%22url%22:%22https:\/\/futurecoders.ch\/wordpress\/wp-content\/uploads\/selina-schulz.jpg%22,%22height%22:1753,%22width%22:1753,%22orientation%22:%22landscape%22%7D%7D%7D,%22type%22:%22team%22,%22title%22:%22Selina%20Schulz%22,%22start-date%22:%22%22,%22end-date%22:%22%22,%22start-time%22:%22%22,%22end-time%22:%22%22,%22summary%22:%22Coordinatrice%20du%20programme%20Futurecoders%22,%22label-more%22:%22%22,%22label-less%22:%22%22,%22text%22:%22\\u0026amp;nbsp;%22,%22link-text%22:%22E-Mail%22,%22link-url%22:%22mailto:selina.schulz@powercoders.org%22,%22external-link%22:%22%22%7D%5D\",\"blockId\":\"ZL2k4C\",\"blockUniqueClass\":\"lazyblock-card-ZL2k4C\"} \/-->\n\n<!-- wp:lazyblock\/testimonial {\"show-random\":\"teacher\",\"blockId\":\"Z22exH7\",\"blockUniqueClass\":\"lazyblock-testimonial-Z22exH7\"} \/-->","_fr_post_name":"","_fr_post_excerpt":"","_fr_post_title":"Team","_en_post_content":"","_en_post_name":"","_en_post_excerpt":"","_en_post_title":"","edit_language":"de","footnotes":""},"class_list":["post-484","page","type-page","status-publish","hentry"],"_links":{"self":[{"href":"https:\/\/futurecoders.ch\/de\/wp-json\/wp\/v2\/pages\/484","targetHints":{"allow":["GET"]}}],"collection":[{"href":"https:\/\/futurecoders.ch\/de\/wp-json\/wp\/v2\/pages"}],"about":[{"href":"https:\/\/futurecoders.ch\/de\/wp-json\/wp\/v2\/types\/page"}],"author":[{"embeddable":true,"href":"https:\/\/futurecoders.ch\/de\/wp-json\/wp\/v2\/users\/1"}],"replies":[{"embeddable":true,"href":"https:\/\/futurecoders.ch\/de\/wp-json\/wp\/v2\/comments?post=484"}],"version-history":[{"count":140,"href":"https:\/\/futurecoders.ch\/de\/wp-json\/wp\/v2\/pages\/484\/revisions"}],"predecessor-version":[{"id":2652,"href":"https:\/\/futurecoders.ch\/de\/wp-json\/wp\/v2\/pages\/484\/revisions\/2652"}],"up":[{"embeddable":true,"href":"https:\/\/futurecoders.ch\/de\/wp-json\/wp\/v2\/pages\/2442"}],"wp:attachment":[{"href":"https:\/\/futurecoders.ch\/de\/wp-json\/wp\/v2\/media?parent=484"}],"curies":[{"name":"wp","href":"https:\/\/api.w.org\/{rel}","templated":true}]}}