{"id":2147,"date":"2024-02-15T10:00:12","date_gmt":"2024-02-15T09:00:12","guid":{"rendered":"https:\/\/futurecoders.ch\/de\/?page_id=2147"},"modified":"2026-03-24T10:37:28","modified_gmt":"2026-03-24T09:37:28","slug":"futuretalents","status":"publish","type":"page","link":"https:\/\/futurecoders.ch\/de\/futuretalents\/","title":{"rendered":"Future Talents"},"content":{"rendered":"<div class=\"lazyblock-header-Z2x5NWa wp-block-lazyblock-header\"><header class=\"img-right\">\n    <picture class=\"round-bg\">\n    <img fetchpriority=\"high\" width=\"400\" height=\"267\" src=\"https:\/\/futurecoders.ch\/wordpress\/wp-content\/uploads\/00562Futuretalents20250520-141601-S.jpg\" class=\"attachment-400x400 size-400x400\" alt=\"\" style=\"background-size: cover;\n        background-image:var(--BG-img-placeholder);\" loading=\"eager\" decoding=\"auto\" sizes=\"(max-width: 1848px) 100vw, 1848px\" srcset=\"https:\/\/futurecoders.ch\/wordpress\/wp-content\/uploads\/00562Futuretalents20250520-141601-S.jpg 1024w, https:\/\/futurecoders.ch\/wordpress\/wp-content\/uploads\/00562Futuretalents20250520-141601-S-200x133.jpg 200w, https:\/\/futurecoders.ch\/wordpress\/wp-content\/uploads\/00562Futuretalents20250520-141601-S-768x512.jpg 768w\" \/>        <\/picture>\n    <section>\n            <h1>Future Talents Programm<\/h1>\n                     <p><strong>Future Talents &#8211; dein Sprungbrett f\u00fcr die ICT-Lehre<\/strong><br>Bei <strong>Future Talents<\/strong> \u00fcben wir gemeinsam und entwickeln gezielt die F\u00e4higkeiten, die dich optimal auf eine Lehrstelle im Bereich Informatik vorbereiten. Praxisnah, pers\u00f6nlich und auf Augenh\u00f6he.<br><br><strong>Montag, 18. bis Freitag, 22. Mai 2026 in Z\u00fcrich<\/strong><br>Der Kurs ist <strong>kostenlos<\/strong>. Wenn du vollst\u00e4ndig teilnimmst, erh\u00e4ltst du ein <strong>Diplom<\/strong> sowie eine <strong>Best\u00e4tigung f\u00fcr deine Schule<\/strong> \u2013 und wertvolle Einblicke in die ICT-Branche.<br><strong>Das erwartet dich:<\/strong><br>\ud83c\udfa4 \u00dcberzeugend auftreten und deine St\u00e4rken im Vorstellungsgespr\u00e4ch pr\u00e4sentieren<br>\ud83d\udd0d Lebenslauf und Motivationsschreiben gemeinsam pr\u00fcfen und verbessern<br>\ud83d\udcaa Vorstellungsgespr\u00e4che realistisch trainieren<br>\ud83d\udca1 Eine ICT-Firma kennenlernen und Tipps von Lernenden und Berufsbildenden erhalten<br><br><strong>Du suchst eine ICT-Lehrstelle ab Sommer 2026 oder 2027?<\/strong><br>Dann f\u00fclle jetzt das <strong>Anmeldeformular<\/strong> aus.<br><strong>Anmeldeschluss: Freitag, 13. M\u00e4rz 2026.<\/strong><br>Die Auswahl der Teilnehmenden erfolgt bis sp\u00e4testens Anfang April<\/p>\n             <\/section>\n<\/header>\n<\/div>\n\n<div class=\"lazyblock-teaser-2vDBsE wp-block-lazyblock-teaser\"><section class=\"grid icons\">    \n    <h2 class=\"\">So funktioniert&#8217;s<\/h2>     \n    <ul>\n        <li>            <svg viewBox=\"0 0 750 500\" xmlns=\"http:\/\/www.w3.org\/2000\/svg\" version=\"1.1\" preserveAspectRatio=\"xMinYMin\" aria-labelledby=\"title-ico-1\" role=\"img\"><title id=\"title-ico-1\">            \n            Rekrutierung<\/title>\n                <use xlink:href=\"#img-ico-handshake\"><\/use>\n            <\/svg>   \n                         \n                         \n                            <h3>Rekrutierung<\/h3>\n                           \n                            <p>Wir rekrutieren unsere Teilnehmenden sorgf\u00e4ltig durch pers\u00f6nliche Interviews. Alle Teilnehmenden haben bereits Futurecoders-Kurse absolviert und sind somit Alumni.<\/p>\n                                            <\/li>\n        <li>            <svg viewBox=\"0 0 408.97 326.51\" xmlns=\"http:\/\/www.w3.org\/2000\/svg\" version=\"1.1\" preserveAspectRatio=\"xMinYMin\" aria-labelledby=\"title-ico-2\" role=\"img\"><title id=\"title-ico-2\">            \n            Training<\/title>\n                <use xlink:href=\"#img-ico-html-css\"><\/use>\n            <\/svg>   \n                         \n                         \n                            <h3>Training<\/h3>\n                           \n                            <p>W\u00e4hrend eines f\u00fcnft\u00e4gigen Intensivprogramms entwickeln unsere Teilnehmenden Future Skills, erkunden verschiedene ICT-Berufsfelder, um ihre Karriere zu planen und ihr Potenzial wird umfassend bewertet.<\/p>\n                                            <\/li>\n        <li>            <svg viewBox=\"0 0 30 40\" xmlns=\"http:\/\/www.w3.org\/2000\/svg\" version=\"1.1\" preserveAspectRatio=\"xMinYMin\" aria-labelledby=\"title-ico-3\" role=\"img\"><title id=\"title-ico-3\">            \n            Bewerbungen<\/title>\n                <use xlink:href=\"#img-ico-calendar\"><\/use>\n            <\/svg>   \n                         \n                         \n                            <h3>Bewerbungen<\/h3>\n                           \n                            <p>Dank unserer Partnerunternehmen k\u00f6nnen Teilnehmende sich bei ICT-Lehrstellen in der deutschsprachigen und der franz\u00f6sischsprachigen Schweiz vorstellen und bewerben.<\/p>\n                                            <\/li>\n        <li>            <svg viewBox=\"0 0 40 30\" xmlns=\"http:\/\/www.w3.org\/2000\/svg\" version=\"1.1\" preserveAspectRatio=\"xMinYMin\" aria-labelledby=\"title-ico-4\" role=\"img\"><title id=\"title-ico-4\">            \n            ICT-Lehrstelle<\/title>\n                <use xlink:href=\"#img-ico-diploma\"><\/use>\n            <\/svg>   \n                         \n                         \n                            <h3>ICT-Lehrstelle<\/h3>\n                           \n                            <p>Unser Ziel ist es, eine ideale \u00dcbereinstimmung zwischen Teilnehmenden und Lehrstellen zu schaffen, sodass die Teilnehmenden ICT-Lehrstellen finden, die ihren F\u00e4higkeiten und Interessen entsprechen, w\u00e4hrend Unternehmen Zugang zu vorqualifizierten Talenten bekommen, die ihren Bed\u00fcrfnissen gerecht werden.<\/p>\n                                            <\/li>\n    <\/ul>\n \n<\/section> <\/div>\n\n<div class=\"lazyblock-header-1qBQ7K wp-block-lazyblock-header\"><header class=\"img-right\">\n    <picture class=\"round-bg\">\n    <img width=\"335\" height=\"400\" src=\"https:\/\/futurecoders.ch\/wordpress\/wp-content\/uploads\/00682Powercoders14-19-11-Bearbeitet-min-1-scaled.jpg\" class=\"attachment-400x400 size-400x400\" alt=\"\" style=\"background-size: cover;\n        background-image:var(--BG-img-placeholder);\" loading=\"eager\" decoding=\"auto\" sizes=\"(max-width: 1848px) 100vw, 1848px\" srcset=\"https:\/\/futurecoders.ch\/wordpress\/wp-content\/uploads\/00682Powercoders14-19-11-Bearbeitet-min-1-scaled.jpg 2147w, https:\/\/futurecoders.ch\/wordpress\/wp-content\/uploads\/00682Powercoders14-19-11-Bearbeitet-min-1-859x1024.jpg 859w, https:\/\/futurecoders.ch\/wordpress\/wp-content\/uploads\/00682Powercoders14-19-11-Bearbeitet-min-1-1717x2048.jpg 1717w, https:\/\/futurecoders.ch\/wordpress\/wp-content\/uploads\/00682Powercoders14-19-11-Bearbeitet-min-1-168x200.jpg 168w, https:\/\/futurecoders.ch\/wordpress\/wp-content\/uploads\/00682Powercoders14-19-11-Bearbeitet-min-1-768x916.jpg 768w, https:\/\/futurecoders.ch\/wordpress\/wp-content\/uploads\/00682Powercoders14-19-11-Bearbeitet-min-1-1288x1536.jpg 1288w\" \/>        <\/picture>\n    <section>\n            <h1>Partner Firma werden? Bitte nehmen Sie Kontakt auf.<\/h1>\n                         <a href=\"mailto:lucy.jager@powercoders.org\" class=\"btn\">Email an Lucy schreiben<\/a>\n         <\/section>\n<\/header>\n<\/div>","protected":false},"excerpt":{"rendered":"","protected":false},"author":1,"featured_media":0,"parent":0,"menu_order":0,"comment_status":"closed","ping_status":"closed","template":"","meta":{"inline_featured_image":false,"_de_post_content":"<!-- wp:lazyblock\/header {\"image\":\"%7B%22alt%22:%22%22,%22title%22:%22Foto:%20Zamir%20Loshi,%2020.05.2025,%20Z%C3%BCrich%20(CH)%20Futuretalents%22,%22caption%22:%22Foto:%20Zamir%20Loshi,%2020.05.2025,%20Z%C3%BCrich%20(CH)%20Futuretalents%22,%22description%22:%7B%22raw%22:%22%22,%22rendered%22:%22%3Cp%20class=%5C%22attachment%5C%22%3E%3Ca%20href='https:\/\/futurecoders.ch\/wordpress\/wp-content\/uploads\/00562Futuretalents20250520-141601-S.jpg'%3E%3Cimg%20loading=%5C%22lazy%5C%22%20decoding=%5C%22async%5C%22%20width=%5C%221024%5C%22%20height=%5C%22683%5C%22%20src=%5C%22https:\/\/futurecoders.ch\/wordpress\/wp-content\/uploads\/00562Futuretalents20250520-141601-S.jpg%5C%22%20class=%5C%22attachment-medium%20size-medium%5C%22%20alt=%5C%22%5C%22%20srcset=%5C%22https:\/\/futurecoders.ch\/wordpress\/wp-content\/uploads\/00562Futuretalents20250520-141601-S.jpg%201024w,%20https:\/\/futurecoders.ch\/wordpress\/wp-content\/uploads\/00562Futuretalents20250520-141601-S-200x133.jpg%20200w,%20https:\/\/futurecoders.ch\/wordpress\/wp-content\/uploads\/00562Futuretalents20250520-141601-S-768x512.jpg%20768w%5C%22%20sizes=%5C%22auto,%20(max-width:%201024px)%20100vw,%201024px%5C%22%20\/%3E%3C\/a%3E%3C\/p%3E%5Cn%22%7D,%22id%22:2525,%22link%22:%22https:\/\/futurecoders.ch\/de\/futuretalents\/attachment\/foto-zamir-loshi-20-05-2025-zuerich-ch-futuretalents\/%22,%22url%22:%22https:\/\/futurecoders.ch\/wordpress\/wp-content\/uploads\/00562Futuretalents20250520-141601-S.jpg%22,%22sizes%22:%22%22%7D\",\"title\":\"Future Talents Programm\",\"text\":\"\\u003cstrong\\u003eFuture Talents - dein Sprungbrett f\u00fcr die ICT-Lehre\\u003c\/strong\\u003e\\u003cbr\\u003eBei \\u003cstrong\\u003eFuture Talents\\u003c\/strong\\u003e \u00fcben wir gemeinsam und entwickeln gezielt die F\u00e4higkeiten, die dich optimal auf eine Lehrstelle im Bereich Informatik vorbereiten. Praxisnah, pers\u00f6nlich und auf Augenh\u00f6he.\\u003cbr\\u003e\\u003cbr\\u003e\\u003cstrong\\u003eMontag, 18. bis Freitag, 22. Mai 2026 in Z\u00fcrich\\u003c\/strong\\u003e\\u003cbr\\u003eDer Kurs ist \\u003cstrong\\u003ekostenlos\\u003c\/strong\\u003e. Wenn du vollst\u00e4ndig teilnimmst, erh\u00e4ltst du ein \\u003cstrong\\u003eDiplom\\u003c\/strong\\u003e sowie eine \\u003cstrong\\u003eBest\u00e4tigung f\u00fcr deine Schule\\u003c\/strong\\u003e \u2013 und wertvolle Einblicke in die ICT-Branche.\\u003cbr\\u003e\\u003cstrong\\u003eDas erwartet dich:\\u003c\/strong\\u003e\\u003cbr\\u003e\ud83c\udfa4 \u00dcberzeugend auftreten und deine St\u00e4rken im Vorstellungsgespr\u00e4ch pr\u00e4sentieren\\u003cbr\\u003e\ud83d\udd0d Lebenslauf und Motivationsschreiben gemeinsam pr\u00fcfen und verbessern\\u003cbr\\u003e\ud83d\udcaa Vorstellungsgespr\u00e4che realistisch trainieren\\u003cbr\\u003e\ud83d\udca1 Eine ICT-Firma kennenlernen und Tipps von Lernenden und Berufsbildenden erhalten\\u003cbr\\u003e\\u003cbr\\u003e\\u003cstrong\\u003eDu suchst eine ICT-Lehrstelle ab Sommer 2026 oder 2027?\\u003c\/strong\\u003e\\u003cbr\\u003eDann f\u00fclle jetzt das \\u003cstrong\\u003eAnmeldeformular\\u003c\/strong\\u003e aus.\\u003cbr\\u003e\\u003cstrong\\u003eAnmeldeschluss: Freitag, 13. M\u00e4rz 2026.\\u003c\/strong\\u003e\\u003cbr\\u003eDie Auswahl der Teilnehmenden erfolgt bis sp\u00e4testens Anfang April\",\"button-label\":\"Anmeldung 2026 geschlossen\",\"blockId\":\"Z2x5NWa\",\"blockUniqueClass\":\"lazyblock-header-Z2x5NWa\"} \/-->\n\n<!-- wp:lazyblock\/teaser {\"title\":\"So funktioniert's\",\"type\":\"grid icons\",\"teaser\":\"%5B%7B%22icon%22:%22#img-ico-handshake%22,%22title%22:%22Rekrutierung%22,%22text%22:%22Wir%20rekrutieren%20unsere%20Teilnehmenden%20sorgf%C3%A4ltig%20durch%20pers%C3%B6nliche%20Interviews.%20Alle%20Teilnehmenden%20haben%20bereits%20Futurecoders-Kurse%20absolviert%20und%20sind%20somit%20Alumni.%22,%22link-text%22:%22%22,%22link-url%22:%22%22,%22external-link%22:%22%22%7D,%7B%22icon%22:%22#img-ico-html-css%22,%22title%22:%22Training%22,%22text%22:%22W%C3%A4hrend%20eines%20f%C3%BCnft%C3%A4gigen%20Intensivprogramms%20entwickeln%20unsere%20Teilnehmenden%20Future%20Skills,%20erkunden%20verschiedene%20ICT-Berufsfelder,%20um%20ihre%20Karriere%20zu%20planen%20und%20ihr%20Potenzial%20wird%20umfassend%20bewertet.%22,%22link-text%22:%22%22,%22link-url%22:%22%22,%22external-link%22:%22%22%7D,%7B%22icon%22:%22#img-ico-calendar%22,%22title%22:%22Bewerbungen%22,%22text%22:%22Dank%20unserer%20Partnerunternehmen%20k%C3%B6nnen%20Teilnehmende%20sich%20bei%20ICT-Lehrstellen%20in%20der%20deutschsprachigen%20und%20der%20franz%C3%B6sischsprachigen%20Schweiz%20vorstellen%20und%20bewerben.%22,%22link-text%22:%22%22,%22link-url%22:%22%22,%22external-link%22:%22%22%7D,%7B%22icon%22:%22#img-ico-diploma%22,%22title%22:%22ICT-Lehrstelle%22,%22text%22:%22Unser%20Ziel%20ist%20es,%20eine%20ideale%20%C3%9Cbereinstimmung%20zwischen%20Teilnehmenden%20und%20Lehrstellen%20zu%20schaffen,%20sodass%20die%20Teilnehmenden%20ICT-Lehrstellen%20finden,%20die%20ihren%20F%C3%A4higkeiten%20und%20Interessen%20entsprechen,%20w%C3%A4hrend%20Unternehmen%20Zugang%20zu%20vorqualifizierten%20Talenten%20bekommen,%20die%20ihren%20Bed%C3%BCrfnissen%20gerecht%20werden.%22,%22link-text%22:%22%22,%22link-url%22:%22%22,%22external-link%22:%22target=%5C%22_blank%5C%22%22%7D%5D\",\"blockId\":\"2vDBsE\",\"blockUniqueClass\":\"lazyblock-teaser-2vDBsE\"} \/-->\n\n<!-- wp:lazyblock\/header {\"image\":\"%7B%22alt%22:%22%22,%22title%22:%2200682Powercoders(14-19-11)-Bearbeitet-min%22,%22caption%22:%22%22,%22description%22:%7B%22raw%22:%22%22,%22rendered%22:%22%3Cp%20class=%5C%22attachment%5C%22%3E%3Ca%20href='https:\/\/futurecoders.ch\/wordpress\/wp-content\/uploads\/00682Powercoders14-19-11-Bearbeitet-min-1-scaled.jpg'%3E%3Cimg%20loading=%5C%22lazy%5C%22%20decoding=%5C%22async%5C%22%20width=%5C%22859%5C%22%20height=%5C%221024%5C%22%20src=%5C%22https:\/\/futurecoders.ch\/wordpress\/wp-content\/uploads\/00682Powercoders14-19-11-Bearbeitet-min-1-859x1024.jpg%5C%22%20class=%5C%22attachment-medium%20size-medium%5C%22%20alt=%5C%22%5C%22%20srcset=%5C%22https:\/\/futurecoders.ch\/wordpress\/wp-content\/uploads\/00682Powercoders14-19-11-Bearbeitet-min-1-859x1024.jpg%20859w,%20https:\/\/futurecoders.ch\/wordpress\/wp-content\/uploads\/00682Powercoders14-19-11-Bearbeitet-min-1-1717x2048.jpg%201717w,%20https:\/\/futurecoders.ch\/wordpress\/wp-content\/uploads\/00682Powercoders14-19-11-Bearbeitet-min-1-168x200.jpg%20168w,%20https:\/\/futurecoders.ch\/wordpress\/wp-content\/uploads\/00682Powercoders14-19-11-Bearbeitet-min-1-768x916.jpg%20768w,%20https:\/\/futurecoders.ch\/wordpress\/wp-content\/uploads\/00682Powercoders14-19-11-Bearbeitet-min-1-1288x1536.jpg%201288w%5C%22%20sizes=%5C%22auto,%20(max-width:%20859px)%20100vw,%20859px%5C%22%20\/%3E%3C\/a%3E%3C\/p%3E%5Cn%22%7D,%22id%22:2529,%22link%22:%22https:\/\/futurecoders.ch\/de\/futuretalents\/attachment\/00682powercoders14-19-11-bearbeitet-min-2\/%22,%22url%22:%22https:\/\/futurecoders.ch\/wordpress\/wp-content\/uploads\/00682Powercoders14-19-11-Bearbeitet-min-1-scaled.jpg%22,%22sizes%22:%22%22%7D\",\"title\":\"Partner Firma werden? Bitte nehmen Sie Kontakt auf.\",\"button-label\":\"Email an Lucy schreiben\",\"button-url\":\"mailto:lucy.jager@powercoders.org\",\"blockId\":\"1qBQ7K\",\"blockUniqueClass\":\"lazyblock-header-1qBQ7K\"} \/-->","_de_post_name":"futuretalents","_de_post_excerpt":"","_de_post_title":"Future Talents","_fr_post_content":"<!-- wp:lazyblock\/header {\"image\":\"%7B%22alt%22:%22%22,%22title%22:%22141212-computer-submitted%22,%22caption%22:%22%22,%22description%22:%22%22,%22id%22:1704,%22link%22:%22https:\/\/futurecoders.ch\/de\/141212-computer-submitted\/%22,%22url%22:%22https:\/\/futurecoders.ch\/wordpress\/wp-content\/uploads\/141212-computer-submitted.jpg%22,%22sizes%22:%7B%22thumbnail%22:%7B%22url%22:%22https:\/\/futurecoders.ch\/wordpress\/wp-content\/uploads\/141212-computer-submitted-200x133.jpg%22,%22height%22:133,%22width%22:200,%22orientation%22:%22landscape%22%7D,%22full%22:%7B%22url%22:%22https:\/\/futurecoders.ch\/wordpress\/wp-content\/uploads\/141212-computer-submitted.jpg%22,%22height%22:647,%22width%22:970,%22orientation%22:%22landscape%22%7D%7D%7D\",\"title\":\"Programme Future Talents\",\"text\":\"\\u003cstrong\\u003ePr\u00eat pour ton entr\u00e9e en apprentissage en ICT?\\u003c\/strong\\u003e\\u003cbr\\u003eLe programme \\u0022Future Talents\\u0022 de \\u003ca href=\\u0022http:\/\/www.powercoders.org\\u0022 data-type=\\u0022link\\u0022 data-id=\\u0022http:\/\/www.powercoders.org\\u0022\\u003ePowercoders\\u003c\/a\\u003e se distingue comme une opportunit\u00e9 \u00e9ducative destin\u00e9e aux jeunes ayant fui leur pays ou issus de milieux d\u00e9favoris\u00e9s, visant \u00e0 faciliter leur insertion dans le monde professionnel de l'IT. Sur une p\u00e9riode de 5 jours, les participant\u00b7e\u00b7s b\u00e9n\u00e9ficient d'une formation cibl\u00e9e sur le d\u00e9veloppement de comp\u00e9tences sociales et la pr\u00e9paration \u00e0 des carri\u00e8res en IT, couvrant les r\u00e9gions francophones et germanophones de la Suisse. L'objectif principal est d'\u00e9valuer leurs aptitudes pour une carri\u00e8re en IT et de les pr\u00e9parer de mani\u00e8re optimale \u00e0 int\u00e9grer le march\u00e9 du travail.\",\"button-label\":\"Tu souhaites en savoir plus? Prends 5 minutes pour remplir ce formulaire\",\"external-link\":\" target=\\u0022_blank\\u0022\",\"button-url\":\"https:\/\/airtable.com\/appWm4hiiBnQCHgaY\/shrVLFcwjIRZEmlIK\",\"blockId\":\"Z2x5NWa\",\"blockUniqueClass\":\"lazyblock-header-Z2x5NWa\"} \/-->\n\n<!-- wp:lazyblock\/header {\"image\":\"%7B%22alt%22:%22%22,%22title%22:%22%22,%22caption%22:%22%22,%22description%22:%22%22,%22id%22:2295,%22link%22:%22https:\/\/futurecoders.ch\/fr\/cours-camps\/weitere-kurse\/attachment\/20231123_141458\/%22,%22url%22:%22https:\/\/futurecoders.ch\/wordpress\/wp-content\/uploads\/20231123_141458-scaled.jpg%22,%22sizes%22:%7B%22thumbnail%22:%7B%22url%22:%22https:\/\/futurecoders.ch\/wordpress\/wp-content\/uploads\/20231123_141458-200x150.jpg%22,%22height%22:150,%22width%22:200,%22orientation%22:%22landscape%22%7D,%22medium%22:%7B%22url%22:%22https:\/\/futurecoders.ch\/wordpress\/wp-content\/uploads\/20231123_141458-1024x768.jpg%22,%22height%22:768,%22width%22:1024,%22orientation%22:%22landscape%22%7D,%22large%22:%7B%22url%22:%22https:\/\/futurecoders.ch\/wordpress\/wp-content\/uploads\/20231123_141458-2048x1536.jpg%22,%22height%22:1536,%22width%22:2048,%22orientation%22:%22landscape%22%7D,%22full%22:%7B%22url%22:%22https:\/\/futurecoders.ch\/wordpress\/wp-content\/uploads\/20231123_141458-scaled.jpg%22,%22height%22:1920,%22width%22:2560,%22orientation%22:%22landscape%22%7D,%221536x1536%22:%7B%22url%22:%22https:\/\/futurecoders.ch\/wordpress\/wp-content\/uploads\/20231123_141458-1536x1152.jpg%22,%22height%22:1152,%22width%22:1536,%22orientation%22:%22landscape%22%7D,%222048x2048%22:%7B%22url%22:%22https:\/\/futurecoders.ch\/wordpress\/wp-content\/uploads\/20231123_141458-2048x1536.jpg%22,%22height%22:1536,%22width%22:2048,%22orientation%22:%22landscape%22%7D%7D%7D\",\"title\":\"Pour plus d'informations\",\"text\":\"Si tu souhaites plus d'informations, nous t'encourageons \u00e0 remplir le formulaire ci-dessus ou nous contacter par email.\",\"button-label\":\"Prendre contact \",\"button-url\":\"mailto:geraldine.zahnd@powercoders.org\",\"blockId\":\"ZvzsoB\",\"blockUniqueClass\":\"lazyblock-header-ZvzsoB\"} \/-->\n\n<!-- wp:lazyblock\/teaser {\"title\":\"Comment \u00e7a marche?\",\"type\":\"grid icons\",\"teaser\":\"%5B%7B%22icon%22:%22#img-ico-handshake%22,%22title%22:%22Recrutement%22,%22text%22:%22%3Cbr%3ENous%20recrutons%20nos%20participants%20avec%20soin%20%C3%A0%20travers%20des%20entretiens%20personnels.%20Tous%20nos%20participants%20ont%20d%C3%A9j%C3%A0%20suivi%20des%20cours%20chez%20Futurecoders%20et%20sont%20donc%20des%20anciens%20%C3%A9l%C3%A8ves.%22,%22link-text%22:%22%22,%22link-url%22:%22%22,%22external-link%22:%22%22%7D,%7B%22icon%22:%22#img-ico-html-css%22,%22title%22:%22Training%22,%22text%22:%22Au%20cours%20d'un%20programme%20intensif%20de%20cinq%20jours,%20nos%20participants%20d%C3%A9veloppent%20des%20comp%C3%A9tences%20interpersonnelles,%20explorent%20divers%20domaines%20professionnels%20en%20IT%20pour%20planifier%20leur%20carri%C3%A8re,%20et%20leur%20potentiel%20est%20%C3%A9valu%C3%A9%20de%20mani%C3%A8re%20approfondie.%22,%22link-text%22:%22%22,%22link-url%22:%22%22,%22external-link%22:%22%22%7D,%7B%22icon%22:%22#img-ico-calendar%22,%22title%22:%22Candidatures%22,%22text%22:%22Gr%C3%A2ce%20%C3%A0%20nos%20entreprises%20partenaires,%20les%20participants%20ont%20la%20possibilit%C3%A9%20de%20se%20pr%C3%A9senter%20et%20de%20postuler%20%C3%A0%20des%20places%20d'apprentissage%20en%20ICT%20tant%20dans%20la%20partie%20francophone%20que%20germanophone%20de%20la%20Suisse.%22,%22link-text%22:%22%22,%22link-url%22:%22%22,%22external-link%22:%22%22%7D,%7B%22icon%22:%22#img-ico-diploma%22,%22title%22:%22Apprentissage%20en%20ICT%22,%22text%22:%22Notre%20but%20est%20de%20faire%20correspondre%20parfaitement%20les%20participants%20avec%20les%20offres%20d'apprentissage%20en%20ICT,%20afin%20que%20chacun%20trouve%20une%20place%20qui%20lui%20convient,%20et%20que%20les%20entreprises%20d%C3%A9couvrent%20des%20talents%20d%C3%A9j%C3%A0%20pr%C3%A9par%C3%A9s%20pour%20r%C3%A9pondre%20%C3%A0%20leurs%20exigences.%22,%22link-text%22:%22%22,%22link-url%22:%22%22,%22external-link%22:%22target=%5C%22_blank%5C%22%22%7D%5D\",\"blockId\":\"2vDBsE\",\"blockUniqueClass\":\"lazyblock-teaser-2vDBsE\"} \/-->\n\n<!-- wp:lazyblock\/header {\"image\":\"%7B%22alt%22:%22%22,%22title%22:%22%22,%22caption%22:%22%22,%22description%22:%22%22,%22id%22:2212,%22link%22:%22https:\/\/futurecoders.ch\/fr\/ueber-uns\/attachment\/geraldine-zahnd-2\/%22,%22url%22:%22https:\/\/futurecoders.ch\/wordpress\/wp-content\/uploads\/Geraldine-Zahnd-scaled.jpg%22,%22sizes%22:%7B%22thumbnail%22:%7B%22url%22:%22https:\/\/futurecoders.ch\/wordpress\/wp-content\/uploads\/Geraldine-Zahnd-200x200.jpg%22,%22height%22:200,%22width%22:200,%22orientation%22:%22landscape%22%7D,%22medium%22:%7B%22url%22:%22https:\/\/futurecoders.ch\/wordpress\/wp-content\/uploads\/Geraldine-Zahnd-1024x1024.jpg%22,%22height%22:1024,%22width%22:1024,%22orientation%22:%22landscape%22%7D,%22large%22:%7B%22url%22:%22https:\/\/futurecoders.ch\/wordpress\/wp-content\/uploads\/Geraldine-Zahnd-2048x2048.jpg%22,%22height%22:2048,%22width%22:2048,%22orientation%22:%22landscape%22%7D,%22full%22:%7B%22url%22:%22https:\/\/futurecoders.ch\/wordpress\/wp-content\/uploads\/Geraldine-Zahnd-scaled.jpg%22,%22height%22:2560,%22width%22:2560,%22orientation%22:%22landscape%22%7D,%221536x1536%22:%7B%22url%22:%22https:\/\/futurecoders.ch\/wordpress\/wp-content\/uploads\/Geraldine-Zahnd-1536x1536.jpg%22,%22height%22:1536,%22width%22:1536,%22orientation%22:%22landscape%22%7D,%222048x2048%22:%7B%22url%22:%22https:\/\/futurecoders.ch\/wordpress\/wp-content\/uploads\/Geraldine-Zahnd-2048x2048.jpg%22,%22height%22:2048,%22width%22:2048,%22orientation%22:%22landscape%22%7D%7D%7D\",\"title\":\"Prenez contact afin de devenir une entreprise partenaire.\",\"button-label\":\"\u00e9crire un Email \u00e0 Geraldine\",\"button-url\":\"mailto:geraldine.zahnd@powercoders.org\",\"blockId\":\"1qBQ7K\",\"blockUniqueClass\":\"lazyblock-header-1qBQ7K\"} \/-->","_fr_post_name":"","_fr_post_excerpt":"","_fr_post_title":"Future Talents","_en_post_content":"","_en_post_name":"","_en_post_excerpt":"","_en_post_title":"","edit_language":"de","footnotes":""},"class_list":["post-2147","page","type-page","status-publish","hentry"],"_links":{"self":[{"href":"https:\/\/futurecoders.ch\/de\/wp-json\/wp\/v2\/pages\/2147","targetHints":{"allow":["GET"]}}],"collection":[{"href":"https:\/\/futurecoders.ch\/de\/wp-json\/wp\/v2\/pages"}],"about":[{"href":"https:\/\/futurecoders.ch\/de\/wp-json\/wp\/v2\/types\/page"}],"author":[{"embeddable":true,"href":"https:\/\/futurecoders.ch\/de\/wp-json\/wp\/v2\/users\/1"}],"replies":[{"embeddable":true,"href":"https:\/\/futurecoders.ch\/de\/wp-json\/wp\/v2\/comments?post=2147"}],"version-history":[{"count":34,"href":"https:\/\/futurecoders.ch\/de\/wp-json\/wp\/v2\/pages\/2147\/revisions"}],"predecessor-version":[{"id":2661,"href":"https:\/\/futurecoders.ch\/de\/wp-json\/wp\/v2\/pages\/2147\/revisions\/2661"}],"wp:attachment":[{"href":"https:\/\/futurecoders.ch\/de\/wp-json\/wp\/v2\/media?parent=2147"}],"curies":[{"name":"wp","href":"https:\/\/api.w.org\/{rel}","templated":true}]}}